{"id":4415,"date":"2022-12-30T12:30:08","date_gmt":"2022-12-30T12:30:08","guid":{"rendered":"https:\/\/medposnonwoven.com\/product\/ffp2-nr%ef%bc%88n95%ef%bc%89respirator-cup-maske-mit-ventil\/"},"modified":"2023-04-23T11:56:39","modified_gmt":"2023-04-23T11:56:39","slug":"ffp2-nr%ef%bc%88n95%ef%bc%89respirator-cup-maske-mit-ventil","status":"publish","type":"product","link":"https:\/\/medposnonwoven.com\/de\/produkt\/ffp2-nr%ef%bc%88n95%ef%bc%89respirator-cup-maske-mit-ventil\/","title":{"rendered":"FFP2 NR\uff08N95\uff09Respirator-Cup-Maske mit Ventil"},"content":{"rendered":"<ul>\n<li data-spm-anchor-id=\"a2700.details.0.i19.68fd693f12waMx\">4 Schutzschichten sorgen f\u00fcr den besten Schutz vor sch\u00e4dlichen Partikeln: Die \u00e4u\u00dfere Schicht ist ein hochwertiges Vlies, das als Barriere f\u00fcr Staubpartikel von au\u00dfen dient; die innere Schicht ist ein weiches Vlies, das eine wirksame Filtration mit geringem Widerstand beim Atmen bietet.<\/li>\n<\/ul>\n<ul>\n<li>Die Atemschutzmaske in normaler Gr\u00f6\u00dfe ist so konzipiert, dass sie sich den meisten Gesichtsformen bequem anpasst und gleichzeitig einen hervorragenden Atemschutz gegen luftgetragene Partikel und Bakterien bietet. Die angepasste Maske passt sich der nat\u00fcrlichen Form des Gesichts an und minimiert Druckstellen. Der geformte Nasensteg reduziert den Anpassungsaufwand und sorgt f\u00fcr einen sicheren Sitz.<\/li>\n<\/ul>\n<p>&nbsp;<\/p>\n","protected":false},"excerpt":{"rendered":"<ul>\n<li>Exklusives Design, das die Druckpunkte minimiert und bequem auf die meisten Gesichter passt.<\/li>\n<li>Premium Filter sch\u00fctzt vor 99% der Partikel, die gr\u00f6\u00dfer als 0,1 \u03bcm sind, Filtereffizienz = PFE99%.<\/li>\n<\/ul>\n<h4>Eigenschaften<\/h4>\n<p>Material: 4-lagiger Aufbau gew\u00e4hrleistet einen umfassenden Schutz<\/p>\n<p>1. Lage: 50 g\/m\u00b2 Spinnvlies Polypropylen(pp) Vliesstoff<br \/>\n2. Einlage: 25 g\/m\u00b2 Schmelzgeblasener Vliesstoff (Filter)<br \/>\n3. Lage: 25 g\/m\u00b2 Schmelzgeblasener Vliesstoff (Filter)<br \/>\n4. Lage: 25 g\/m\u00b2 Spinnvlies aus Polypropylen(pp) Vliesstoff<\/p>\n<p>Gr\u00f6\u00dfe:11.5*14cm<\/p>\n<p>Farbe: Blau, Schwarz, Wei\u00df (andere Farbe auch akzeptieren)<\/p>\n<p>Norm: EN149:2001; NIOSH; FFP2 NR<\/p>\n<p>Verpackung: 20 St\u00fcck\/Schachtel, 20 Schachteln\/Karton<\/p>\n<p>&nbsp;<\/p>\n<p>&nbsp;<\/p>\n","protected":false},"featured_media":4000,"template":"","meta":{"site-sidebar-layout":"default","site-content-layout":"default","ast-site-content-layout":"default","site-content-style":"default","site-sidebar-style":"default","ast-global-header-display":"","ast-banner-title-visibility":"","ast-main-header-display":"","ast-hfb-above-header-display":"","ast-hfb-below-header-display":"","ast-hfb-mobile-header-display":"","site-post-title":"","ast-breadcrumbs-content":"","ast-featured-img":"","footer-sml-layout":"","ast-disable-related-posts":"","theme-transparent-header-meta":"default","adv-header-id-meta":"","stick-header-meta":"","header-above-stick-meta":"","header-main-stick-meta":"","header-below-stick-meta":"","astra-migrate-meta-layouts":"default","ast-page-background-enabled":"default","ast-page-background-meta":{"desktop":{"background-color":"","background-image":"","background-repeat":"repeat","background-position":"center center","background-size":"auto","background-attachment":"scroll","background-type":"","background-media":"","overlay-type":"","overlay-color":"","overlay-opacity":"","overlay-gradient":""},"tablet":{"background-color":"","background-image":"","background-repeat":"repeat","background-position":"center center","background-size":"auto","background-attachment":"scroll","background-type":"","background-media":"","overlay-type":"","overlay-color":"","overlay-opacity":"","overlay-gradient":""},"mobile":{"background-color":"","background-image":"","background-repeat":"repeat","background-position":"center center","background-size":"auto","background-attachment":"scroll","background-type":"","background-media":"","overlay-type":"","overlay-color":"","overlay-opacity":"","overlay-gradient":""}},"ast-content-background-meta":{"desktop":{"background-color":"var(--ast-global-color-5)","background-image":"","background-repeat":"repeat","background-position":"center center","background-size":"auto","background-attachment":"scroll","background-type":"","background-media":"","overlay-type":"","overlay-color":"","overlay-opacity":"","overlay-gradient":""},"tablet":{"background-color":"var(--ast-global-color-5)","background-image":"","background-repeat":"repeat","background-position":"center center","background-size":"auto","background-attachment":"scroll","background-type":"","background-media":"","overlay-type":"","overlay-color":"","overlay-opacity":"","overlay-gradient":""},"mobile":{"background-color":"var(--ast-global-color-5)","background-image":"","background-repeat":"repeat","background-position":"center center","background-size":"auto","background-attachment":"scroll","background-type":"","background-media":"","overlay-type":"","overlay-color":"","overlay-opacity":"","overlay-gradient":""}}},"product_brand":[],"product_cat":[107],"product_tag":[],"class_list":{"0":"post-4415","1":"product","2":"type-product","3":"status-publish","4":"has-post-thumbnail","6":"product_cat-einweg-gesichtsmasken-und-atemschutzmasken","7":"desktop-align-center","8":"tablet-align-left","9":"mobile-align-left","11":"first","12":"instock","13":"shipping-taxable","14":"product-type-simple"},"_links":{"self":[{"href":"https:\/\/medposnonwoven.com\/de\/wp-json\/wp\/v2\/product\/4415","targetHints":{"allow":["GET"]}}],"collection":[{"href":"https:\/\/medposnonwoven.com\/de\/wp-json\/wp\/v2\/product"}],"about":[{"href":"https:\/\/medposnonwoven.com\/de\/wp-json\/wp\/v2\/types\/product"}],"wp:featuredmedia":[{"embeddable":true,"href":"https:\/\/medposnonwoven.com\/de\/wp-json\/wp\/v2\/media\/4000"}],"wp:attachment":[{"href":"https:\/\/medposnonwoven.com\/de\/wp-json\/wp\/v2\/media?parent=4415"}],"wp:term":[{"taxonomy":"product_brand","embeddable":true,"href":"https:\/\/medposnonwoven.com\/de\/wp-json\/wp\/v2\/product_brand?post=4415"},{"taxonomy":"product_cat","embeddable":true,"href":"https:\/\/medposnonwoven.com\/de\/wp-json\/wp\/v2\/product_cat?post=4415"},{"taxonomy":"product_tag","embeddable":true,"href":"https:\/\/medposnonwoven.com\/de\/wp-json\/wp\/v2\/product_tag?post=4415"}],"curies":[{"name":"wp","href":"https:\/\/api.w.org\/{rel}","templated":true}]}}