{"id":4416,"date":"2022-12-31T14:11:12","date_gmt":"2022-12-31T14:11:12","guid":{"rendered":"https:\/\/medposnonwoven.com\/product\/pe-duschkappen\/"},"modified":"2023-04-23T10:09:27","modified_gmt":"2023-04-23T10:09:27","slug":"pe-duschkappen","status":"publish","type":"product","link":"https:\/\/medposnonwoven.com\/de\/produkt\/pe-duschkappen\/","title":{"rendered":"PE-Duschkappen"},"content":{"rendered":"<ul>\n<li data-spm-anchor-id=\"a2700.details.0.i19.68fd693f12waMx\">Die Duschhaube aus Kunststoff hat die Vorteile, dass sie attraktiv und modisch, wasserdicht, stilvoll und gem\u00fctlich sowie atmungsaktiv, tragbar und leicht zu pflegen ist. Diese durchsichtigen Duschhauben k\u00f6nnen f\u00fcr Spray-Tanning, zu Hause, im Hotel oder im Friseursalon verwendet werden. Unsere Einweg-Duschkappen sind aus dickerem Kunststoff als herk\u00f6mmliche Duschkappen, so dass sie beim Baden nicht rei\u00dfen k\u00f6nnen. Duschen Sie, ohne sich Sorgen machen zu m\u00fcssen, dass Wasser durch die Kappe ausl\u00e4uft. Verwendung im t\u00e4glichen Leben, n\u00fctzlich f\u00fcr kleine K\u00f6pfe. Es gibt keinen schlechten Geruch und eine Einheitsgr\u00f6\u00dfe f\u00fcr unsere M\u00fctzen.<\/li>\n<\/ul>\n<p>&nbsp;<\/p>\n<p>&nbsp;<\/p>\n<p>&nbsp;<\/p>\n","protected":false},"excerpt":{"rendered":"<ul>\n<li>Dickere wasserdichte Duschhaube, sch\u00f6n und stilvoll, weich und bequem, wasserdicht und atmungsaktiv, leicht zu tragen und sauber zu halten.Diese transparenten Duschhauben sind extrem vielseitig, Spray Tan, Heimgebrauch, Hotel und Friseursalon.<\/li>\n<\/ul>\n<h4>Eigenschaften<\/h4>\n<p>Material: 16 Mikrometer LDPE oder HDPE<\/p>\n<p>Gr\u00f6\u00dfe: 19\u2033, 21\u2033, 24\u2033<\/p>\n<p>Farbe:Klar<\/p>\n<p>Art: Elastisch<\/p>\n<p>Verpackung: 100 St\u00fcck\/Beutel, 10 oder 20 Beutel\/Karton<\/p>\n<p>&nbsp;<\/p>\n<p>&nbsp;<\/p>\n<p>&nbsp;<\/p>\n","protected":false},"featured_media":4020,"template":"","meta":{"site-sidebar-layout":"default","site-content-layout":"default","ast-site-content-layout":"default","site-content-style":"default","site-sidebar-style":"default","ast-global-header-display":"","ast-banner-title-visibility":"","ast-main-header-display":"","ast-hfb-above-header-display":"","ast-hfb-below-header-display":"","ast-hfb-mobile-header-display":"","site-post-title":"","ast-breadcrumbs-content":"","ast-featured-img":"","footer-sml-layout":"","ast-disable-related-posts":"","theme-transparent-header-meta":"default","adv-header-id-meta":"","stick-header-meta":"","header-above-stick-meta":"","header-main-stick-meta":"","header-below-stick-meta":"","astra-migrate-meta-layouts":"default","ast-page-background-enabled":"default","ast-page-background-meta":{"desktop":{"background-color":"","background-image":"","background-repeat":"repeat","background-position":"center center","background-size":"auto","background-attachment":"scroll","background-type":"","background-media":"","overlay-type":"","overlay-color":"","overlay-opacity":"","overlay-gradient":""},"tablet":{"background-color":"","background-image":"","background-repeat":"repeat","background-position":"center center","background-size":"auto","background-attachment":"scroll","background-type":"","background-media":"","overlay-type":"","overlay-color":"","overlay-opacity":"","overlay-gradient":""},"mobile":{"background-color":"","background-image":"","background-repeat":"repeat","background-position":"center center","background-size":"auto","background-attachment":"scroll","background-type":"","background-media":"","overlay-type":"","overlay-color":"","overlay-opacity":"","overlay-gradient":""}},"ast-content-background-meta":{"desktop":{"background-color":"var(--ast-global-color-5)","background-image":"","background-repeat":"repeat","background-position":"center center","background-size":"auto","background-attachment":"scroll","background-type":"","background-media":"","overlay-type":"","overlay-color":"","overlay-opacity":"","overlay-gradient":""},"tablet":{"background-color":"var(--ast-global-color-5)","background-image":"","background-repeat":"repeat","background-position":"center center","background-size":"auto","background-attachment":"scroll","background-type":"","background-media":"","overlay-type":"","overlay-color":"","overlay-opacity":"","overlay-gradient":""},"mobile":{"background-color":"var(--ast-global-color-5)","background-image":"","background-repeat":"repeat","background-position":"center center","background-size":"auto","background-attachment":"scroll","background-type":"","background-media":"","overlay-type":"","overlay-color":"","overlay-opacity":"","overlay-gradient":""}}},"product_brand":[],"product_cat":[106],"product_tag":[],"class_list":{"0":"post-4416","1":"product","2":"type-product","3":"status-publish","4":"has-post-thumbnail","6":"product_cat-einwegkappen","7":"desktop-align-center","8":"tablet-align-left","9":"mobile-align-left","11":"first","12":"instock","13":"shipping-taxable","14":"product-type-simple"},"_links":{"self":[{"href":"https:\/\/medposnonwoven.com\/de\/wp-json\/wp\/v2\/product\/4416","targetHints":{"allow":["GET"]}}],"collection":[{"href":"https:\/\/medposnonwoven.com\/de\/wp-json\/wp\/v2\/product"}],"about":[{"href":"https:\/\/medposnonwoven.com\/de\/wp-json\/wp\/v2\/types\/product"}],"wp:featuredmedia":[{"embeddable":true,"href":"https:\/\/medposnonwoven.com\/de\/wp-json\/wp\/v2\/media\/4020"}],"wp:attachment":[{"href":"https:\/\/medposnonwoven.com\/de\/wp-json\/wp\/v2\/media?parent=4416"}],"wp:term":[{"taxonomy":"product_brand","embeddable":true,"href":"https:\/\/medposnonwoven.com\/de\/wp-json\/wp\/v2\/product_brand?post=4416"},{"taxonomy":"product_cat","embeddable":true,"href":"https:\/\/medposnonwoven.com\/de\/wp-json\/wp\/v2\/product_cat?post=4416"},{"taxonomy":"product_tag","embeddable":true,"href":"https:\/\/medposnonwoven.com\/de\/wp-json\/wp\/v2\/product_tag?post=4416"}],"curies":[{"name":"wp","href":"https:\/\/api.w.org\/{rel}","templated":true}]}}