{"id":4417,"date":"2023-01-03T14:26:10","date_gmt":"2023-01-03T14:26:10","guid":{"rendered":"https:\/\/medposnonwoven.com\/product\/pp-vlies-overall\/"},"modified":"2023-04-23T09:58:27","modified_gmt":"2023-04-23T09:58:27","slug":"pp-vlies-overall","status":"publish","type":"product","link":"https:\/\/medposnonwoven.com\/de\/produkt\/pp-vlies-overall\/","title":{"rendered":"PP-Vlies-Overall"},"content":{"rendered":"<ul>\n<li>Einweg-Overalls sind so konzipiert, dass sie den ganzen K\u00f6rper und andere Kleidungsst\u00fccke bedecken, um vor Schmutz oder anderen Verunreinigungen von au\u00dfen zu sch\u00fctzen. Overalls sind einteilig und locker geschnitten, um die Bewegungsfreiheit zu gew\u00e4hrleisten, mit \u00c4rmeln, vollen Leggings und oft einer Kapuze, die den Kopf bedeckt. Dazu k\u00f6nnen auch \u00dcberschuhe geh\u00f6ren, die das Schuhwerk bedecken und vor Verschmutzung sch\u00fctzen.<\/li>\n<li>Bei langen Arbeitszeiten sollten Sicherheit und Komfort Hand in Hand gehen. Aus diesem Grund entwickeln, konstruieren, testen und testen wir unsere branchenf\u00fchrende K\u00f6rperschutzkleidung, damit Sie auch in den h\u00e4rtesten Umgebungen unbesorgt arbeiten k\u00f6nnen. Wenn Sie Schutz vor Chemikalien, Feinstaub, Flammen, biologischen Gefahren und anderen Verunreinigungen ben\u00f6tigen, sind unsere Schutzkleidung und unser Zubeh\u00f6r so konzipiert, dass sie Ihrem Arbeitsalltag standhalten.<\/li>\n<\/ul>\n<p>&nbsp;<\/p>\n","protected":false},"excerpt":{"rendered":"<ul>\n<li>Die Einweganz\u00fcge werden aus Spinnvlies hergestellt, sind leicht, staubdicht und halten Ihre Kleidung w\u00e4hrend der Arbeit sauber.<\/li>\n<li>Weit verbreitet f\u00fcr Gartenarbeit, Malerei, Spr\u00fchen, Herstellung, Reinigung, Fahrzeug- und Maschinenwartung oder Gartenarbeit.<\/li>\n<\/ul>\n<h4>Eigenschaften<\/h4>\n<p>Material: Polypropylen-Vliesstoff<\/p>\n<p>Gr\u00f6\u00dfe: S, M, L, XL, XXL, 3XL, 4XL<\/p>\n<p>Farbe:Wei\u00df, Blau, Dunkelblau<\/p>\n<p>Typ:Mit Kapuze, elastischen Handgelenken und Rei\u00dfverschluss auf der Vorderseite.<\/p>\n<p>Verpackung: 1 St\u00fcck\/Beutel, 50 Beutel\/Karton<\/p>\n<p>&nbsp;<\/p>\n<p>&nbsp;<\/p>\n","protected":false},"featured_media":4034,"template":"","meta":{"site-sidebar-layout":"default","site-content-layout":"default","ast-site-content-layout":"default","site-content-style":"default","site-sidebar-style":"default","ast-global-header-display":"","ast-banner-title-visibility":"","ast-main-header-display":"","ast-hfb-above-header-display":"","ast-hfb-below-header-display":"","ast-hfb-mobile-header-display":"","site-post-title":"","ast-breadcrumbs-content":"","ast-featured-img":"","footer-sml-layout":"","ast-disable-related-posts":"","theme-transparent-header-meta":"default","adv-header-id-meta":"","stick-header-meta":"","header-above-stick-meta":"","header-main-stick-meta":"","header-below-stick-meta":"","astra-migrate-meta-layouts":"default","ast-page-background-enabled":"default","ast-page-background-meta":{"desktop":{"background-color":"","background-image":"","background-repeat":"repeat","background-position":"center center","background-size":"auto","background-attachment":"scroll","background-type":"","background-media":"","overlay-type":"","overlay-color":"","overlay-opacity":"","overlay-gradient":""},"tablet":{"background-color":"","background-image":"","background-repeat":"repeat","background-position":"center center","background-size":"auto","background-attachment":"scroll","background-type":"","background-media":"","overlay-type":"","overlay-color":"","overlay-opacity":"","overlay-gradient":""},"mobile":{"background-color":"","background-image":"","background-repeat":"repeat","background-position":"center center","background-size":"auto","background-attachment":"scroll","background-type":"","background-media":"","overlay-type":"","overlay-color":"","overlay-opacity":"","overlay-gradient":""}},"ast-content-background-meta":{"desktop":{"background-color":"var(--ast-global-color-5)","background-image":"","background-repeat":"repeat","background-position":"center center","background-size":"auto","background-attachment":"scroll","background-type":"","background-media":"","overlay-type":"","overlay-color":"","overlay-opacity":"","overlay-gradient":""},"tablet":{"background-color":"var(--ast-global-color-5)","background-image":"","background-repeat":"repeat","background-position":"center center","background-size":"auto","background-attachment":"scroll","background-type":"","background-media":"","overlay-type":"","overlay-color":"","overlay-opacity":"","overlay-gradient":""},"mobile":{"background-color":"var(--ast-global-color-5)","background-image":"","background-repeat":"repeat","background-position":"center center","background-size":"auto","background-attachment":"scroll","background-type":"","background-media":"","overlay-type":"","overlay-color":"","overlay-opacity":"","overlay-gradient":""}}},"product_brand":[],"product_cat":[104],"product_tag":[],"class_list":{"0":"post-4417","1":"product","2":"type-product","3":"status-publish","4":"has-post-thumbnail","6":"product_cat-schutzkittel","7":"desktop-align-center","8":"tablet-align-left","9":"mobile-align-left","11":"first","12":"instock","13":"shipping-taxable","14":"product-type-simple"},"_links":{"self":[{"href":"https:\/\/medposnonwoven.com\/de\/wp-json\/wp\/v2\/product\/4417","targetHints":{"allow":["GET"]}}],"collection":[{"href":"https:\/\/medposnonwoven.com\/de\/wp-json\/wp\/v2\/product"}],"about":[{"href":"https:\/\/medposnonwoven.com\/de\/wp-json\/wp\/v2\/types\/product"}],"wp:featuredmedia":[{"embeddable":true,"href":"https:\/\/medposnonwoven.com\/de\/wp-json\/wp\/v2\/media\/4034"}],"wp:attachment":[{"href":"https:\/\/medposnonwoven.com\/de\/wp-json\/wp\/v2\/media?parent=4417"}],"wp:term":[{"taxonomy":"product_brand","embeddable":true,"href":"https:\/\/medposnonwoven.com\/de\/wp-json\/wp\/v2\/product_brand?post=4417"},{"taxonomy":"product_cat","embeddable":true,"href":"https:\/\/medposnonwoven.com\/de\/wp-json\/wp\/v2\/product_cat?post=4417"},{"taxonomy":"product_tag","embeddable":true,"href":"https:\/\/medposnonwoven.com\/de\/wp-json\/wp\/v2\/product_tag?post=4417"}],"curies":[{"name":"wp","href":"https:\/\/api.w.org\/{rel}","templated":true}]}}