{"id":4418,"date":"2022-12-31T13:57:21","date_gmt":"2022-12-31T13:57:21","guid":{"rendered":"https:\/\/medposnonwoven.com\/product\/einweg-bartabdeckungen\/"},"modified":"2023-04-23T10:10:05","modified_gmt":"2023-04-23T10:10:05","slug":"einweg-bartabdeckungen","status":"publish","type":"product","link":"https:\/\/medposnonwoven.com\/de\/produkt\/einweg-bartabdeckungen\/","title":{"rendered":"Einweg-Bartabdeckungen"},"content":{"rendered":"<ul>\n<li data-spm-anchor-id=\"a2700.details.0.i19.68fd693f12waMx\">Du kannst Einweg-Barthauben verwenden, um deinen Bart beim Essen oder nachts beim Schlafen sauber zu halten. Sie machen die Benutzung bequemer und sind in ausreichender Menge vorhanden, um Ihre Bed\u00fcrfnisse zu erf\u00fcllen. Diese Bartschutzh\u00fcllen sind aus hochwertigem Polyestergewebe gefertigt, das leicht zu reinigen, robust, geruchsneutral und langlebig ist. Sie verletzen weder Ihr Gesicht noch Ihre Haut und f\u00fchlen sich weich und glatt an.<\/li>\n<li data-spm-anchor-id=\"a2700.details.0.i19.68fd693f12waMx\">Unsere verstellbare Gesichtsbehaarungssch\u00fcrze kann dazu beitragen, Ihren Bart vor Schmutz und Staub zu sch\u00fctzen und zu verhindern, dass verirrte Haare Lebensmittel oder andere Bereiche verunreinigen. Es hilft auch zu verhindern, dass So\u00dfen, Suppen und \u00d6le Ihren Bart verf\u00e4rben. Sie k\u00f6nnen den elastischen, dehnbaren Ohrb\u00fcgel ganz nach Ihren W\u00fcnschen dehnen. Das Ohrband ist sicher f\u00fcr Ihre Ohren und kann \u00fcber l\u00e4ngere Zeitr\u00e4ume verwendet werden.<\/li>\n<\/ul>\n<p>&nbsp;<\/p>\n<p>&nbsp;<\/p>\n","protected":false},"excerpt":{"rendered":"<ul>\n<li>Hergestellt aus leichtem, strapazierf\u00e4higem und weichem Polypropylen-Vliesstoff. Das einzelne elastische Band ist besonders dehnbar und l\u00e4sst sich unabh\u00e4ngig von Ihrer Frisur sicher um Ihren Kopf legen. Diese Barthauben bleiben w\u00e4hrend der Bewegung an Ort und Stelle und sind erstaunlich bequem zu tragen, auch \u00fcber einen l\u00e4ngeren Zeitraum wie eine lange Arbeitsschicht.<\/li>\n<\/ul>\n<h4>Eigenschaften<\/h4>\n<p>Material: 10gsm Spunbond<\/p>\n<p>Gr\u00f6\u00dfe:18&#8243;, 21&#8243;<\/p>\n<p>Farbe:Blau, Wei\u00df<\/p>\n<p>Typ: Einfacher Gummizug oder doppelter Gummizug<\/p>\n<p>Verpackung: 100 St\u00fcck\/Beutel, 10 oder 20 Beutel\/Karton<\/p>\n<p>&nbsp;<\/p>\n<p>&nbsp;<\/p>\n","protected":false},"featured_media":4018,"template":"","meta":{"site-sidebar-layout":"default","site-content-layout":"default","ast-site-content-layout":"default","site-content-style":"default","site-sidebar-style":"default","ast-global-header-display":"","ast-banner-title-visibility":"","ast-main-header-display":"","ast-hfb-above-header-display":"","ast-hfb-below-header-display":"","ast-hfb-mobile-header-display":"","site-post-title":"","ast-breadcrumbs-content":"","ast-featured-img":"","footer-sml-layout":"","ast-disable-related-posts":"","theme-transparent-header-meta":"default","adv-header-id-meta":"","stick-header-meta":"","header-above-stick-meta":"","header-main-stick-meta":"","header-below-stick-meta":"","astra-migrate-meta-layouts":"default","ast-page-background-enabled":"default","ast-page-background-meta":{"desktop":{"background-color":"","background-image":"","background-repeat":"repeat","background-position":"center center","background-size":"auto","background-attachment":"scroll","background-type":"","background-media":"","overlay-type":"","overlay-color":"","overlay-opacity":"","overlay-gradient":""},"tablet":{"background-color":"","background-image":"","background-repeat":"repeat","background-position":"center center","background-size":"auto","background-attachment":"scroll","background-type":"","background-media":"","overlay-type":"","overlay-color":"","overlay-opacity":"","overlay-gradient":""},"mobile":{"background-color":"","background-image":"","background-repeat":"repeat","background-position":"center center","background-size":"auto","background-attachment":"scroll","background-type":"","background-media":"","overlay-type":"","overlay-color":"","overlay-opacity":"","overlay-gradient":""}},"ast-content-background-meta":{"desktop":{"background-color":"var(--ast-global-color-5)","background-image":"","background-repeat":"repeat","background-position":"center center","background-size":"auto","background-attachment":"scroll","background-type":"","background-media":"","overlay-type":"","overlay-color":"","overlay-opacity":"","overlay-gradient":""},"tablet":{"background-color":"var(--ast-global-color-5)","background-image":"","background-repeat":"repeat","background-position":"center center","background-size":"auto","background-attachment":"scroll","background-type":"","background-media":"","overlay-type":"","overlay-color":"","overlay-opacity":"","overlay-gradient":""},"mobile":{"background-color":"var(--ast-global-color-5)","background-image":"","background-repeat":"repeat","background-position":"center center","background-size":"auto","background-attachment":"scroll","background-type":"","background-media":"","overlay-type":"","overlay-color":"","overlay-opacity":"","overlay-gradient":""}}},"product_brand":[],"product_cat":[106],"product_tag":[],"class_list":{"0":"post-4418","1":"product","2":"type-product","3":"status-publish","4":"has-post-thumbnail","6":"product_cat-einwegkappen","7":"desktop-align-center","8":"tablet-align-left","9":"mobile-align-left","11":"first","12":"instock","13":"shipping-taxable","14":"product-type-simple"},"_links":{"self":[{"href":"https:\/\/medposnonwoven.com\/de\/wp-json\/wp\/v2\/product\/4418","targetHints":{"allow":["GET"]}}],"collection":[{"href":"https:\/\/medposnonwoven.com\/de\/wp-json\/wp\/v2\/product"}],"about":[{"href":"https:\/\/medposnonwoven.com\/de\/wp-json\/wp\/v2\/types\/product"}],"wp:featuredmedia":[{"embeddable":true,"href":"https:\/\/medposnonwoven.com\/de\/wp-json\/wp\/v2\/media\/4018"}],"wp:attachment":[{"href":"https:\/\/medposnonwoven.com\/de\/wp-json\/wp\/v2\/media?parent=4418"}],"wp:term":[{"taxonomy":"product_brand","embeddable":true,"href":"https:\/\/medposnonwoven.com\/de\/wp-json\/wp\/v2\/product_brand?post=4418"},{"taxonomy":"product_cat","embeddable":true,"href":"https:\/\/medposnonwoven.com\/de\/wp-json\/wp\/v2\/product_cat?post=4418"},{"taxonomy":"product_tag","embeddable":true,"href":"https:\/\/medposnonwoven.com\/de\/wp-json\/wp\/v2\/product_tag?post=4418"}],"curies":[{"name":"wp","href":"https:\/\/api.w.org\/{rel}","templated":true}]}}