{"id":4421,"date":"2023-01-02T15:45:06","date_gmt":"2023-01-02T15:45:06","guid":{"rendered":"https:\/\/medposnonwoven.com\/product\/pppe-isolationskittel\/"},"modified":"2023-04-23T10:02:11","modified_gmt":"2023-04-23T10:02:11","slug":"pppe-isolationskittel","status":"publish","type":"product","link":"https:\/\/medposnonwoven.com\/de\/produkt\/pppe-isolationskittel\/","title":{"rendered":"PP+PE Isolationskittel"},"content":{"rendered":"<ul>\n<li>Dar\u00fcber hinaus bieten Isolierm\u00e4ntel Besuchern und Familienmitgliedern, die mit einem infizierten Patienten in Kontakt kommen k\u00f6nnten, ein zus\u00e4tzliches Ma\u00df an Sicherheit. Diese Personen k\u00f6nnen das Infektionsrisiko senken, indem sie den Kontakt mit dem Patienten durch das Tragen eines Isolierkittels einschr\u00e4nken. Tragen und andere medizinische Ger\u00e4te, einschlie\u00dflich Infusionsstangen, k\u00f6nnen mit Isolierm\u00e4nteln abgedeckt werden, um Kreuzkontaminationen zu verhindern.<\/li>\n<li>Sie bedecken den K\u00f6rper vom Hals bis zu den Knien und von den Handgelenken bis zu den Ellbogen. Sie haben lange \u00c4rmel und sind an den Manschetten, in der Taille und am Hals mit B\u00e4ndern oder Gummib\u00e4ndern versehen, um sie zu fixieren. Isolierkittel werden in der Regel in medizinischen Einrichtungen wie Krankenh\u00e4usern, Kliniken, im Gesundheitswesen, in der pharmazeutischen Industrie, in der Lebensmittelindustrie, in Laboratorien, in der Fertigung und in der Sicherheitsbranche getragen, um das Personal im Gesundheitswesen vor dem Kontakt mit infekti\u00f6sen Materialien oder K\u00f6rperfl\u00fcssigkeiten zu sch\u00fctzen. Sie k\u00f6nnen auch von Patienten getragen werden, um die \u00dcbertragung von Infektionen auf andere zu verhindern.<\/li>\n<\/ul>\n<p>&nbsp;<\/p>\n","protected":false},"excerpt":{"rendered":"<ul>\n<li>Der Isolierkittel ist aus hochwertigem, spinngebundenem, mit Polypropylen beschichtetem Polyethylenmaterial hergestellt. Elastische \u00c4rmelb\u00fcndchen mit Taillen- und Nackenbandverschluss. Sie sind atmungsaktiv, flexibel und stark genug f\u00fcr schwierige Aufgaben.<\/li>\n<li>Sie isolieren Staub und andere Schadstoffe wirksam, bedecken Ihren K\u00f6rper und Ihre Kleidung und bilden eine physische Barriere gegen die \u00dcbertragung von Mikroorganismen und anderen Substanzen.<\/li>\n<\/ul>\n<h4>Eigenschaften<\/h4>\n<p>Material: PP+PE<\/p>\n<p>Gr\u00f6\u00dfe: 115x137cm, 120x140cm oder kundenspezifisch<\/p>\n<p>Farbe: Blau, Gelb, Gr\u00fcn oder kundenspezifisch<\/p>\n<p>Typ: Elastische Manschette oder gestrickte Manschette<\/p>\n<p>Verpackung: 10 St\u00fcck\/Beutel, 10 oder 20 Beutel\/Karton<\/p>\n<p>&nbsp;<\/p>\n<p>&nbsp;<\/p>\n","protected":false},"featured_media":4029,"template":"","meta":{"site-sidebar-layout":"default","site-content-layout":"default","ast-site-content-layout":"default","site-content-style":"default","site-sidebar-style":"default","ast-global-header-display":"","ast-banner-title-visibility":"","ast-main-header-display":"","ast-hfb-above-header-display":"","ast-hfb-below-header-display":"","ast-hfb-mobile-header-display":"","site-post-title":"","ast-breadcrumbs-content":"","ast-featured-img":"","footer-sml-layout":"","ast-disable-related-posts":"","theme-transparent-header-meta":"default","adv-header-id-meta":"","stick-header-meta":"","header-above-stick-meta":"","header-main-stick-meta":"","header-below-stick-meta":"","astra-migrate-meta-layouts":"default","ast-page-background-enabled":"default","ast-page-background-meta":{"desktop":{"background-color":"","background-image":"","background-repeat":"repeat","background-position":"center center","background-size":"auto","background-attachment":"scroll","background-type":"","background-media":"","overlay-type":"","overlay-color":"","overlay-opacity":"","overlay-gradient":""},"tablet":{"background-color":"","background-image":"","background-repeat":"repeat","background-position":"center center","background-size":"auto","background-attachment":"scroll","background-type":"","background-media":"","overlay-type":"","overlay-color":"","overlay-opacity":"","overlay-gradient":""},"mobile":{"background-color":"","background-image":"","background-repeat":"repeat","background-position":"center center","background-size":"auto","background-attachment":"scroll","background-type":"","background-media":"","overlay-type":"","overlay-color":"","overlay-opacity":"","overlay-gradient":""}},"ast-content-background-meta":{"desktop":{"background-color":"var(--ast-global-color-5)","background-image":"","background-repeat":"repeat","background-position":"center center","background-size":"auto","background-attachment":"scroll","background-type":"","background-media":"","overlay-type":"","overlay-color":"","overlay-opacity":"","overlay-gradient":""},"tablet":{"background-color":"var(--ast-global-color-5)","background-image":"","background-repeat":"repeat","background-position":"center center","background-size":"auto","background-attachment":"scroll","background-type":"","background-media":"","overlay-type":"","overlay-color":"","overlay-opacity":"","overlay-gradient":""},"mobile":{"background-color":"var(--ast-global-color-5)","background-image":"","background-repeat":"repeat","background-position":"center center","background-size":"auto","background-attachment":"scroll","background-type":"","background-media":"","overlay-type":"","overlay-color":"","overlay-opacity":"","overlay-gradient":""}}},"product_brand":[],"product_cat":[104],"product_tag":[],"class_list":{"0":"post-4421","1":"product","2":"type-product","3":"status-publish","4":"has-post-thumbnail","6":"product_cat-schutzkittel","7":"desktop-align-center","8":"tablet-align-left","9":"mobile-align-left","11":"first","12":"instock","13":"shipping-taxable","14":"product-type-simple"},"_links":{"self":[{"href":"https:\/\/medposnonwoven.com\/de\/wp-json\/wp\/v2\/product\/4421","targetHints":{"allow":["GET"]}}],"collection":[{"href":"https:\/\/medposnonwoven.com\/de\/wp-json\/wp\/v2\/product"}],"about":[{"href":"https:\/\/medposnonwoven.com\/de\/wp-json\/wp\/v2\/types\/product"}],"wp:featuredmedia":[{"embeddable":true,"href":"https:\/\/medposnonwoven.com\/de\/wp-json\/wp\/v2\/media\/4029"}],"wp:attachment":[{"href":"https:\/\/medposnonwoven.com\/de\/wp-json\/wp\/v2\/media?parent=4421"}],"wp:term":[{"taxonomy":"product_brand","embeddable":true,"href":"https:\/\/medposnonwoven.com\/de\/wp-json\/wp\/v2\/product_brand?post=4421"},{"taxonomy":"product_cat","embeddable":true,"href":"https:\/\/medposnonwoven.com\/de\/wp-json\/wp\/v2\/product_cat?post=4421"},{"taxonomy":"product_tag","embeddable":true,"href":"https:\/\/medposnonwoven.com\/de\/wp-json\/wp\/v2\/product_tag?post=4421"}],"curies":[{"name":"wp","href":"https:\/\/api.w.org\/{rel}","templated":true}]}}