{"id":4422,"date":"2022-12-31T13:30:34","date_gmt":"2022-12-31T13:30:34","guid":{"rendered":"https:\/\/medposnonwoven.com\/product\/einweg-haubenmuetze-astronautenmuetze-balaclava-muetze\/"},"modified":"2023-04-23T10:10:39","modified_gmt":"2023-04-23T10:10:39","slug":"einweg-haubenmuetze-astronautenmuetze-balaclava-muetze","status":"publish","type":"product","link":"https:\/\/medposnonwoven.com\/de\/produkt\/einweg-haubenmuetze-astronautenmuetze-balaclava-muetze\/","title":{"rendered":"Einweg-Haubenm\u00fctze Astronautenm\u00fctze Balaclava-M\u00fctze"},"content":{"rendered":"<ul>\n<li data-spm-anchor-id=\"a2700.details.0.i19.68fd693f12waMx\">Erw\u00e4gen Sie die Verwendung einer medizinischen Haube aus Polypropylen, um Sterilit\u00e4t und st\u00e4ndigen Schutz zu gew\u00e4hrleisten. Einweg-Kopfbedeckungen sind eine t\u00e4gliche, geschlechtsneutrale L\u00f6sung. Die Ordnung auf der Baustelle aufrechtzuerhalten und Schwei\u00df und Haare unter Kontrolle zu halten. Polypropylen, ein Kunstharz, das sich durch hohe Schlagfestigkeit, H\u00e4rte, Flexibilit\u00e4t und geringes Gewicht auszeichnet, ist das Kunstharz, das f\u00fcr medizinische Haarabdeckungen verwendet wird. Au\u00dferdem ist die Polypropylenhaube trotz des direkten Kontakts mit Haut und Haaren v\u00f6llig sicher f\u00fcr diese.<\/li>\n<li data-spm-anchor-id=\"a2700.details.0.i19.68fd693f12waMx\">Einweghauben k\u00f6nnen einen Vollkopfschutz bieten, der gelegentlich bei Arbeiten ben\u00f6tigt wird, bei denen eine 360-Grad-Abwehr erforderlich ist. Daher k\u00f6nnen Einweghaarabdeckungen erfolgreich sch\u00fctzen, indem sie Kopf, Bart, Haare und Nacken teilweise abschirmen. Die Kopf- und Barthaube passt sich durch ihre Elastizit\u00e4t jeder Kopfgr\u00f6\u00dfe an, von klein bis gro\u00df, und sitzt fest und dicht am Kopf. Sie passt noch besser und l\u00e4sst sich dank des Gummibandes an den Schutzhauben leichter anziehen und einstellen.<\/li>\n<\/ul>\n<p>&nbsp;<\/p>\n<p>&nbsp;<\/p>\n","protected":false},"excerpt":{"rendered":"<ul>\n<li>Diese Einweg-Hauben sind aus leichtem, atmungsaktivem Material gefertigt und haben ein Gewicht von 14GSM. Sie sorgen daf\u00fcr, dass der Tr\u00e4ger w\u00e4hrend jeder Schicht bequem sitzt. Dank des elastischen Bandes um die \u00d6ffnung liegt jede Einweghaube eng am Gesicht an. Ein sicherer Sitz bedeutet besseren Schutz und mehr Komfort f\u00fcr den Tr\u00e4ger.<\/li>\n<\/ul>\n<h4>Eigenschaften<\/h4>\n<p>Material: 14gsm Spunbond oder kundenspezifisch<\/p>\n<p>Gr\u00f6\u00dfe:34-36cm<\/p>\n<p>Farbe: Blau, Gr\u00fcn, Wei\u00df oder kundenspezifisch<\/p>\n<p>Typ: Elastisch oder Krawatte<\/p>\n<p>Verpackung: 100 St\u00fcck\/Beutel, 10 Beutel\/Karton<\/p>\n<p>&nbsp;<\/p>\n<p>&nbsp;<\/p>\n","protected":false},"featured_media":4014,"template":"","meta":{"site-sidebar-layout":"default","site-content-layout":"default","ast-site-content-layout":"default","site-content-style":"default","site-sidebar-style":"default","ast-global-header-display":"","ast-banner-title-visibility":"","ast-main-header-display":"","ast-hfb-above-header-display":"","ast-hfb-below-header-display":"","ast-hfb-mobile-header-display":"","site-post-title":"","ast-breadcrumbs-content":"","ast-featured-img":"","footer-sml-layout":"","ast-disable-related-posts":"","theme-transparent-header-meta":"default","adv-header-id-meta":"","stick-header-meta":"","header-above-stick-meta":"","header-main-stick-meta":"","header-below-stick-meta":"","astra-migrate-meta-layouts":"default","ast-page-background-enabled":"default","ast-page-background-meta":{"desktop":{"background-color":"","background-image":"","background-repeat":"repeat","background-position":"center center","background-size":"auto","background-attachment":"scroll","background-type":"","background-media":"","overlay-type":"","overlay-color":"","overlay-opacity":"","overlay-gradient":""},"tablet":{"background-color":"","background-image":"","background-repeat":"repeat","background-position":"center center","background-size":"auto","background-attachment":"scroll","background-type":"","background-media":"","overlay-type":"","overlay-color":"","overlay-opacity":"","overlay-gradient":""},"mobile":{"background-color":"","background-image":"","background-repeat":"repeat","background-position":"center center","background-size":"auto","background-attachment":"scroll","background-type":"","background-media":"","overlay-type":"","overlay-color":"","overlay-opacity":"","overlay-gradient":""}},"ast-content-background-meta":{"desktop":{"background-color":"var(--ast-global-color-5)","background-image":"","background-repeat":"repeat","background-position":"center center","background-size":"auto","background-attachment":"scroll","background-type":"","background-media":"","overlay-type":"","overlay-color":"","overlay-opacity":"","overlay-gradient":""},"tablet":{"background-color":"var(--ast-global-color-5)","background-image":"","background-repeat":"repeat","background-position":"center center","background-size":"auto","background-attachment":"scroll","background-type":"","background-media":"","overlay-type":"","overlay-color":"","overlay-opacity":"","overlay-gradient":""},"mobile":{"background-color":"var(--ast-global-color-5)","background-image":"","background-repeat":"repeat","background-position":"center center","background-size":"auto","background-attachment":"scroll","background-type":"","background-media":"","overlay-type":"","overlay-color":"","overlay-opacity":"","overlay-gradient":""}}},"product_brand":[],"product_cat":[106],"product_tag":[],"class_list":{"0":"post-4422","1":"product","2":"type-product","3":"status-publish","4":"has-post-thumbnail","6":"product_cat-einwegkappen","7":"desktop-align-center","8":"tablet-align-left","9":"mobile-align-left","11":"first","12":"instock","13":"shipping-taxable","14":"product-type-simple"},"_links":{"self":[{"href":"https:\/\/medposnonwoven.com\/de\/wp-json\/wp\/v2\/product\/4422","targetHints":{"allow":["GET"]}}],"collection":[{"href":"https:\/\/medposnonwoven.com\/de\/wp-json\/wp\/v2\/product"}],"about":[{"href":"https:\/\/medposnonwoven.com\/de\/wp-json\/wp\/v2\/types\/product"}],"wp:featuredmedia":[{"embeddable":true,"href":"https:\/\/medposnonwoven.com\/de\/wp-json\/wp\/v2\/media\/4014"}],"wp:attachment":[{"href":"https:\/\/medposnonwoven.com\/de\/wp-json\/wp\/v2\/media?parent=4422"}],"wp:term":[{"taxonomy":"product_brand","embeddable":true,"href":"https:\/\/medposnonwoven.com\/de\/wp-json\/wp\/v2\/product_brand?post=4422"},{"taxonomy":"product_cat","embeddable":true,"href":"https:\/\/medposnonwoven.com\/de\/wp-json\/wp\/v2\/product_cat?post=4422"},{"taxonomy":"product_tag","embeddable":true,"href":"https:\/\/medposnonwoven.com\/de\/wp-json\/wp\/v2\/product_tag?post=4422"}],"curies":[{"name":"wp","href":"https:\/\/api.w.org\/{rel}","templated":true}]}}