{"id":4423,"date":"2022-12-29T12:48:29","date_gmt":"2022-12-29T12:48:29","guid":{"rendered":"https:\/\/medposnonwoven.com\/product\/kn95-gesichtsmaske\/"},"modified":"2023-04-23T11:58:42","modified_gmt":"2023-04-23T11:58:42","slug":"kn95-gesichtsmaske","status":"publish","type":"product","link":"https:\/\/medposnonwoven.com\/de\/produkt\/kn95-gesichtsmaske\/","title":{"rendered":"KN95 Gesichtsmaske"},"content":{"rendered":"<ul>\n<li data-spm-anchor-id=\"a2700.details.0.i19.68fd693f12waMx\">Die KN95-Gesichtsmaske ist eine Atemschutzausr\u00fcstung, die so konzipiert ist, dass sie sehr eng am Gesicht anliegt und luftgetragene Partikel sehr effizient abf\u00e4ngt. KN95-Masken sind eine Art von filtrierenden Atemschutzmasken, \u00e4hnlich wie N95-Masken und FFP2-Masken.<\/li>\n<\/ul>\n<ul>\n<li>KN95 sind Beispiele f\u00fcr pers\u00f6nliche Schutzausr\u00fcstungen, die den Tr\u00e4ger vor luftgetragenen Partikeln und vor Fl\u00fcssigkeiten, die das Gesicht verunreinigen, sch\u00fctzen sollen. KN95 bietet den h\u00f6chsten Schutzgrad und ist ideal f\u00fcr Besch\u00e4ftigte im Gesundheitswesen, die in engen Kontakt mit Covid-19-Patienten kommen.<\/li>\n<\/ul>\n<p>&nbsp;<\/p>\n","protected":false},"excerpt":{"rendered":"<ul>\n<li>KN95 Gesichtsmasken sind leicht und faltbar und k\u00f6nnen Mund, Nase und Kinn problemlos abdecken. Sorgt f\u00fcr eine dichte Abdichtung und verhindert das Beschlagen der Brille. Das 3D-Design bietet gen\u00fcgend Platz zum Atmen<\/li>\n<li>Premium Filter sch\u00fctzt vor 99% der Partikel, die gr\u00f6\u00dfer als 0,1 \u03bcm sind, Filtereffizienz = PFE99%.<\/li>\n<\/ul>\n<h4>Eigenschaften<\/h4>\n<p>Material: 5-lagiger Aufbau gew\u00e4hrleistet einen umfassenden Schutz<\/p>\n<p>1. Lage: 50 g\/m\u00b2 Spinnvlies Polypropylen(pp) Vliesstoff<br \/>\n2. Einlage: 25 g\/m\u00b2 Schmelzgeblasener Vliesstoff (Filter)<br \/>\n3. Lage: 25 g\/m\u00b2 Schmelzgeblasener Vliesstoff (Filter)<br \/>\n4. Lage: 40 g\/m\u00b2 Hei\u00dfluft-Baumwolle (ES) f\u00fcr Weichheit und Feuchtigkeitsaufnahme<br \/>\n5. Lage: 25 g\/m\u00b2 Spinnvlies aus Polypropylen(pp) Vliesstoff<\/p>\n<p>Gr\u00f6\u00dfe:10.5*16cm<\/p>\n<p>Farbe: Blau, Schwarz, Wei\u00df (andere Farbe auch akzeptieren)<\/p>\n<p>Norm: EN149:2001; GB2626-2019<\/p>\n<p>Verpackung: 1 St\u00fcck\/Packung, 20 Packungen\/Karton, 50 Kartons\/Karton<\/p>\n<p>&nbsp;<\/p>\n","protected":false},"featured_media":3994,"template":"","meta":{"site-sidebar-layout":"default","site-content-layout":"default","ast-site-content-layout":"default","site-content-style":"default","site-sidebar-style":"default","ast-global-header-display":"","ast-banner-title-visibility":"","ast-main-header-display":"","ast-hfb-above-header-display":"","ast-hfb-below-header-display":"","ast-hfb-mobile-header-display":"","site-post-title":"","ast-breadcrumbs-content":"","ast-featured-img":"","footer-sml-layout":"","ast-disable-related-posts":"","theme-transparent-header-meta":"default","adv-header-id-meta":"","stick-header-meta":"","header-above-stick-meta":"","header-main-stick-meta":"","header-below-stick-meta":"","astra-migrate-meta-layouts":"default","ast-page-background-enabled":"default","ast-page-background-meta":{"desktop":{"background-color":"","background-image":"","background-repeat":"repeat","background-position":"center center","background-size":"auto","background-attachment":"scroll","background-type":"","background-media":"","overlay-type":"","overlay-color":"","overlay-opacity":"","overlay-gradient":""},"tablet":{"background-color":"","background-image":"","background-repeat":"repeat","background-position":"center center","background-size":"auto","background-attachment":"scroll","background-type":"","background-media":"","overlay-type":"","overlay-color":"","overlay-opacity":"","overlay-gradient":""},"mobile":{"background-color":"","background-image":"","background-repeat":"repeat","background-position":"center center","background-size":"auto","background-attachment":"scroll","background-type":"","background-media":"","overlay-type":"","overlay-color":"","overlay-opacity":"","overlay-gradient":""}},"ast-content-background-meta":{"desktop":{"background-color":"var(--ast-global-color-5)","background-image":"","background-repeat":"repeat","background-position":"center center","background-size":"auto","background-attachment":"scroll","background-type":"","background-media":"","overlay-type":"","overlay-color":"","overlay-opacity":"","overlay-gradient":""},"tablet":{"background-color":"var(--ast-global-color-5)","background-image":"","background-repeat":"repeat","background-position":"center center","background-size":"auto","background-attachment":"scroll","background-type":"","background-media":"","overlay-type":"","overlay-color":"","overlay-opacity":"","overlay-gradient":""},"mobile":{"background-color":"var(--ast-global-color-5)","background-image":"","background-repeat":"repeat","background-position":"center center","background-size":"auto","background-attachment":"scroll","background-type":"","background-media":"","overlay-type":"","overlay-color":"","overlay-opacity":"","overlay-gradient":""}}},"product_brand":[],"product_cat":[107],"product_tag":[],"class_list":{"0":"post-4423","1":"product","2":"type-product","3":"status-publish","4":"has-post-thumbnail","6":"product_cat-einweg-gesichtsmasken-und-atemschutzmasken","7":"desktop-align-center","8":"tablet-align-left","9":"mobile-align-left","11":"first","12":"instock","13":"shipping-taxable","14":"product-type-simple"},"_links":{"self":[{"href":"https:\/\/medposnonwoven.com\/de\/wp-json\/wp\/v2\/product\/4423","targetHints":{"allow":["GET"]}}],"collection":[{"href":"https:\/\/medposnonwoven.com\/de\/wp-json\/wp\/v2\/product"}],"about":[{"href":"https:\/\/medposnonwoven.com\/de\/wp-json\/wp\/v2\/types\/product"}],"wp:featuredmedia":[{"embeddable":true,"href":"https:\/\/medposnonwoven.com\/de\/wp-json\/wp\/v2\/media\/3994"}],"wp:attachment":[{"href":"https:\/\/medposnonwoven.com\/de\/wp-json\/wp\/v2\/media?parent=4423"}],"wp:term":[{"taxonomy":"product_brand","embeddable":true,"href":"https:\/\/medposnonwoven.com\/de\/wp-json\/wp\/v2\/product_brand?post=4423"},{"taxonomy":"product_cat","embeddable":true,"href":"https:\/\/medposnonwoven.com\/de\/wp-json\/wp\/v2\/product_cat?post=4423"},{"taxonomy":"product_tag","embeddable":true,"href":"https:\/\/medposnonwoven.com\/de\/wp-json\/wp\/v2\/product_tag?post=4423"}],"curies":[{"name":"wp","href":"https:\/\/api.w.org\/{rel}","templated":true}]}}