{"id":4424,"date":"2023-01-02T15:39:56","date_gmt":"2023-01-02T15:39:56","guid":{"rendered":"https:\/\/medposnonwoven.com\/product\/sms-isolationskittel\/"},"modified":"2023-04-23T10:06:33","modified_gmt":"2023-04-23T10:06:33","slug":"sms-isolationskittel","status":"publish","type":"product","link":"https:\/\/medposnonwoven.com\/de\/produkt\/sms-isolationskittel\/","title":{"rendered":"SMS Isolationskittel"},"content":{"rendered":"<ul>\n<li>Das Gesundheitspersonal muss Isolierkittel als wichtiges Element der pers\u00f6nlichen Schutzausr\u00fcstung verwenden, um sich vor K\u00f6rperfl\u00fcssigkeiten und anderen potenziell infekti\u00f6sen Substanzen zu sch\u00fctzen. Bei medizinischen Eingriffen, Behandlungen oder anderen T\u00e4tigkeiten, bei denen ein Kontakt mit Blut, K\u00f6rperfl\u00fcssigkeiten oder anderen potenziell infekti\u00f6sen Stoffen zu erwarten ist, wird in der Regel ein Isolierkittel getragen. Mitarbeiter des Gesundheitswesens k\u00f6nnen den Kontakt mit Infektionserregern auf ihrer Haut und ihrer Kleidung vermeiden, indem sie einen Isolierkittel anziehen.<\/li>\n<li>Sie bedecken den K\u00f6rper vom Hals bis zu den Knien und von den Handgelenken bis zu den Ellbogen. Sie haben lange \u00c4rmel und sind an den Manschetten, in der Taille und am Hals mit B\u00e4ndern oder Gummib\u00e4ndern versehen, um sie zu fixieren. Isolierkittel werden in der Regel in medizinischen Einrichtungen wie Krankenh\u00e4usern, Kliniken, im Gesundheitswesen, in der pharmazeutischen Industrie, in der Lebensmittelindustrie, in Laboratorien, in der Fertigung und in der Sicherheitsbranche getragen, um das Personal im Gesundheitswesen vor dem Kontakt mit infekti\u00f6sen Materialien oder K\u00f6rperfl\u00fcssigkeiten zu sch\u00fctzen. Sie k\u00f6nnen auch von Patienten getragen werden, um die \u00dcbertragung von Infektionen auf andere zu verhindern.<\/li>\n<\/ul>\n<p>&nbsp;<\/p>\n","protected":false},"excerpt":{"rendered":"<ul>\n<li>Dieser medizinische Einweg-Isolierkittel besteht aus 3 Lagen SMS-Gewebe, mit hoher Leistung gegen Blut, Alkohol und Antistatik.<\/li>\n<li>Sie isolieren Staub und andere Schadstoffe wirksam, bedecken Ihren K\u00f6rper und Ihre Kleidung und bilden eine physische Barriere gegen die \u00dcbertragung von Mikroorganismen und anderen Substanzen.<\/li>\n<\/ul>\n<h4>Eigenschaften<\/h4>\n<p>Material: Polypropylen SMS<\/p>\n<p>Gr\u00f6\u00dfe: 115x137cm, 120x140cm oder kundenspezifisch<\/p>\n<p>Farbe: Blau, Gelb, Gr\u00fcn oder kundenspezifisch<\/p>\n<p>Typ: Elastische Manschette oder gestrickte Manschette<\/p>\n<p>Verpackung: 10 St\u00fcck\/Beutel, 10 oder 20 Beutel\/Karton<\/p>\n<p>&nbsp;<\/p>\n<p>&nbsp;<\/p>\n","protected":false},"featured_media":4027,"template":"","meta":{"site-sidebar-layout":"default","site-content-layout":"default","ast-site-content-layout":"default","site-content-style":"default","site-sidebar-style":"default","ast-global-header-display":"","ast-banner-title-visibility":"","ast-main-header-display":"","ast-hfb-above-header-display":"","ast-hfb-below-header-display":"","ast-hfb-mobile-header-display":"","site-post-title":"","ast-breadcrumbs-content":"","ast-featured-img":"","footer-sml-layout":"","ast-disable-related-posts":"","theme-transparent-header-meta":"default","adv-header-id-meta":"","stick-header-meta":"","header-above-stick-meta":"","header-main-stick-meta":"","header-below-stick-meta":"","astra-migrate-meta-layouts":"default","ast-page-background-enabled":"default","ast-page-background-meta":{"desktop":{"background-color":"","background-image":"","background-repeat":"repeat","background-position":"center center","background-size":"auto","background-attachment":"scroll","background-type":"","background-media":"","overlay-type":"","overlay-color":"","overlay-opacity":"","overlay-gradient":""},"tablet":{"background-color":"","background-image":"","background-repeat":"repeat","background-position":"center center","background-size":"auto","background-attachment":"scroll","background-type":"","background-media":"","overlay-type":"","overlay-color":"","overlay-opacity":"","overlay-gradient":""},"mobile":{"background-color":"","background-image":"","background-repeat":"repeat","background-position":"center center","background-size":"auto","background-attachment":"scroll","background-type":"","background-media":"","overlay-type":"","overlay-color":"","overlay-opacity":"","overlay-gradient":""}},"ast-content-background-meta":{"desktop":{"background-color":"var(--ast-global-color-5)","background-image":"","background-repeat":"repeat","background-position":"center center","background-size":"auto","background-attachment":"scroll","background-type":"","background-media":"","overlay-type":"","overlay-color":"","overlay-opacity":"","overlay-gradient":""},"tablet":{"background-color":"var(--ast-global-color-5)","background-image":"","background-repeat":"repeat","background-position":"center center","background-size":"auto","background-attachment":"scroll","background-type":"","background-media":"","overlay-type":"","overlay-color":"","overlay-opacity":"","overlay-gradient":""},"mobile":{"background-color":"var(--ast-global-color-5)","background-image":"","background-repeat":"repeat","background-position":"center center","background-size":"auto","background-attachment":"scroll","background-type":"","background-media":"","overlay-type":"","overlay-color":"","overlay-opacity":"","overlay-gradient":""}}},"product_brand":[],"product_cat":[104],"product_tag":[],"class_list":{"0":"post-4424","1":"product","2":"type-product","3":"status-publish","4":"has-post-thumbnail","6":"product_cat-schutzkittel","7":"desktop-align-center","8":"tablet-align-left","9":"mobile-align-left","11":"first","12":"instock","13":"shipping-taxable","14":"product-type-simple"},"_links":{"self":[{"href":"https:\/\/medposnonwoven.com\/de\/wp-json\/wp\/v2\/product\/4424","targetHints":{"allow":["GET"]}}],"collection":[{"href":"https:\/\/medposnonwoven.com\/de\/wp-json\/wp\/v2\/product"}],"about":[{"href":"https:\/\/medposnonwoven.com\/de\/wp-json\/wp\/v2\/types\/product"}],"wp:featuredmedia":[{"embeddable":true,"href":"https:\/\/medposnonwoven.com\/de\/wp-json\/wp\/v2\/media\/4027"}],"wp:attachment":[{"href":"https:\/\/medposnonwoven.com\/de\/wp-json\/wp\/v2\/media?parent=4424"}],"wp:term":[{"taxonomy":"product_brand","embeddable":true,"href":"https:\/\/medposnonwoven.com\/de\/wp-json\/wp\/v2\/product_brand?post=4424"},{"taxonomy":"product_cat","embeddable":true,"href":"https:\/\/medposnonwoven.com\/de\/wp-json\/wp\/v2\/product_cat?post=4424"},{"taxonomy":"product_tag","embeddable":true,"href":"https:\/\/medposnonwoven.com\/de\/wp-json\/wp\/v2\/product_tag?post=4424"}],"curies":[{"name":"wp","href":"https:\/\/api.w.org\/{rel}","templated":true}]}}