{"id":4425,"date":"2022-12-31T12:39:43","date_gmt":"2022-12-31T12:39:43","guid":{"rendered":"https:\/\/medposnonwoven.com\/product\/einweg-arztkappe\/"},"modified":"2023-04-23T10:11:19","modified_gmt":"2023-04-23T10:11:19","slug":"einweg-arztkappe","status":"publish","type":"product","link":"https:\/\/medposnonwoven.com\/de\/produkt\/einweg-arztkappe\/","title":{"rendered":"Einweg-Arztkappe"},"content":{"rendered":"<ul>\n<li>Einweg-OP-Hauben sch\u00fctzen Chirurgen und Personal vor dem Kontakt mit schmutzhaltigen Substanzen. Das SMS-Material bietet hervorragende wasserabweisende und antistatische Eigenschaften. Der Arbeitsbereich wird durch Einweg-OP-H\u00fcte vor Haaren, Schwei\u00dftropfen und trockenen Partikeln auf dem Kopf gesch\u00fctzt. Chirurgenkappen sind aus bequemem, langlebigem Vliesstoff gefertigt. Die Einweg-Haube sitzt dank ihres traditionellen Stils sicher und bequem auf dem Kopf des Tr\u00e4gers. F\u00fcr maximalen Komfort und eine einfache Handhabung haben die Einweg-Haarkappen aus Kunststoff breite Seitenteile, einen bel\u00fcfteten Scheitel und verstellbare B\u00e4nder.<\/li>\n<li>Die Einweg-Schutzkappen f\u00fcr M\u00e4nner und Frauen passen in jede Kopfform. Sie k\u00f6nnen chirurgische Haarabdeckungen nach der Arbeit einfach entsorgen, da sie nur f\u00fcr den einmaligen Gebrauch bestimmt sind. Auch Menschen mit langem Haar k\u00f6nnen die Einweghaarabdeckungen verwenden. F\u00fcr Kliniken, medizinische Einrichtungen und Forschungseinrichtungen sind Einweg-Kopfbedeckungen ideal. Krankenschwestern und -pfleger, \u00c4rzte und anderes medizinisches Fachpersonal k\u00f6nnen bei der Pflege von Krankenhauspatienten Einweg-OP-Hauben verwenden. Auch Tier\u00e4rzte k\u00f6nnen die Chirurgenkappe tragen.<\/li>\n<\/ul>\n<p>&nbsp;<\/p>\n<p>&nbsp;<\/p>\n","protected":false},"excerpt":{"rendered":"<ul>\n<li>Diese Unisex-H\u00fcte sind aus SMS-Vliesstoff mit einem elastischen Band oder einer Krawatte zur Anpassung, weich und angenehm zu tragen.<\/li>\n<li>SMS ist ein Spunbonded-Meltblown-Spunbonded-Gewebe, das eine hohe Zugfestigkeit aufweist. Diese Art von Vliesstoff ist haltbar, ungiftig und atmungsaktiv und weicher als Polypropylen.<\/li>\n<\/ul>\n<h4>Eigenschaften<\/h4>\n<p>Material: 25gsm SMS oder Spunbond<\/p>\n<p>Gr\u00f6\u00dfe:64x15cm<\/p>\n<p>Farbe:Blau, Gr\u00fcn<\/p>\n<p>Typ: Elastisch oder Krawatte<\/p>\n<p>Verpackung: 100 St\u00fcck\/Beutel, 10 oder 20 Beutel\/Karton<\/p>\n<p>&nbsp;<\/p>\n<p>&nbsp;<\/p>\n","protected":false},"featured_media":4009,"template":"","meta":{"site-sidebar-layout":"default","site-content-layout":"default","ast-site-content-layout":"default","site-content-style":"default","site-sidebar-style":"default","ast-global-header-display":"","ast-banner-title-visibility":"","ast-main-header-display":"","ast-hfb-above-header-display":"","ast-hfb-below-header-display":"","ast-hfb-mobile-header-display":"","site-post-title":"","ast-breadcrumbs-content":"","ast-featured-img":"","footer-sml-layout":"","ast-disable-related-posts":"","theme-transparent-header-meta":"default","adv-header-id-meta":"","stick-header-meta":"","header-above-stick-meta":"","header-main-stick-meta":"","header-below-stick-meta":"","astra-migrate-meta-layouts":"default","ast-page-background-enabled":"default","ast-page-background-meta":{"desktop":{"background-color":"","background-image":"","background-repeat":"repeat","background-position":"center center","background-size":"auto","background-attachment":"scroll","background-type":"","background-media":"","overlay-type":"","overlay-color":"","overlay-opacity":"","overlay-gradient":""},"tablet":{"background-color":"","background-image":"","background-repeat":"repeat","background-position":"center center","background-size":"auto","background-attachment":"scroll","background-type":"","background-media":"","overlay-type":"","overlay-color":"","overlay-opacity":"","overlay-gradient":""},"mobile":{"background-color":"","background-image":"","background-repeat":"repeat","background-position":"center center","background-size":"auto","background-attachment":"scroll","background-type":"","background-media":"","overlay-type":"","overlay-color":"","overlay-opacity":"","overlay-gradient":""}},"ast-content-background-meta":{"desktop":{"background-color":"var(--ast-global-color-5)","background-image":"","background-repeat":"repeat","background-position":"center center","background-size":"auto","background-attachment":"scroll","background-type":"","background-media":"","overlay-type":"","overlay-color":"","overlay-opacity":"","overlay-gradient":""},"tablet":{"background-color":"var(--ast-global-color-5)","background-image":"","background-repeat":"repeat","background-position":"center center","background-size":"auto","background-attachment":"scroll","background-type":"","background-media":"","overlay-type":"","overlay-color":"","overlay-opacity":"","overlay-gradient":""},"mobile":{"background-color":"var(--ast-global-color-5)","background-image":"","background-repeat":"repeat","background-position":"center center","background-size":"auto","background-attachment":"scroll","background-type":"","background-media":"","overlay-type":"","overlay-color":"","overlay-opacity":"","overlay-gradient":""}}},"product_brand":[],"product_cat":[106],"product_tag":[],"class_list":{"0":"post-4425","1":"product","2":"type-product","3":"status-publish","4":"has-post-thumbnail","6":"product_cat-einwegkappen","7":"desktop-align-center","8":"tablet-align-left","9":"mobile-align-left","11":"first","12":"instock","13":"shipping-taxable","14":"product-type-simple"},"_links":{"self":[{"href":"https:\/\/medposnonwoven.com\/de\/wp-json\/wp\/v2\/product\/4425","targetHints":{"allow":["GET"]}}],"collection":[{"href":"https:\/\/medposnonwoven.com\/de\/wp-json\/wp\/v2\/product"}],"about":[{"href":"https:\/\/medposnonwoven.com\/de\/wp-json\/wp\/v2\/types\/product"}],"wp:featuredmedia":[{"embeddable":true,"href":"https:\/\/medposnonwoven.com\/de\/wp-json\/wp\/v2\/media\/4009"}],"wp:attachment":[{"href":"https:\/\/medposnonwoven.com\/de\/wp-json\/wp\/v2\/media?parent=4425"}],"wp:term":[{"taxonomy":"product_brand","embeddable":true,"href":"https:\/\/medposnonwoven.com\/de\/wp-json\/wp\/v2\/product_brand?post=4425"},{"taxonomy":"product_cat","embeddable":true,"href":"https:\/\/medposnonwoven.com\/de\/wp-json\/wp\/v2\/product_cat?post=4425"},{"taxonomy":"product_tag","embeddable":true,"href":"https:\/\/medposnonwoven.com\/de\/wp-json\/wp\/v2\/product_tag?post=4425"}],"curies":[{"name":"wp","href":"https:\/\/api.w.org\/{rel}","templated":true}]}}