{"id":4427,"date":"2023-01-02T15:24:41","date_gmt":"2023-01-02T15:24:41","guid":{"rendered":"https:\/\/medposnonwoven.com\/product\/pp-vliesstoff-isolierkittel\/"},"modified":"2023-04-23T10:07:55","modified_gmt":"2023-04-23T10:07:55","slug":"pp-vliesstoff-isolierkittel","status":"publish","type":"product","link":"https:\/\/medposnonwoven.com\/de\/produkt\/pp-vliesstoff-isolierkittel\/","title":{"rendered":"PP-Vliesstoff-Isolierkittel"},"content":{"rendered":"<ul>\n<li>Wenn Sie in einer Einrichtung des Gesundheitswesens, einem Labor oder einer \u00e4hnlichen Branche arbeiten, kann die Ansteckung mit Infektionskrankheiten ein Problem darstellen. Die Arbeit im Labor oder im medizinischen Bereich birgt das Risiko einer Gef\u00e4hrdung. Isolierkittel aus Polypropylen sind f\u00fcr maximalen Komfort ausgelegt. Die Einweg-Isolierkittel werden nach jedem Gebrauch entsorgt und sind in der Regel aus Vliesstoff gefertigt. Polypropylen ist ein h\u00e4ufig verwendetes Rohmaterial f\u00fcr die Herstellung von Einweg-Isolierm\u00e4nteln.<\/li>\n<li>Sie bedecken den K\u00f6rper vom Hals bis zu den Knien und von den Handgelenken bis zu den Ellbogen. Sie haben lange \u00c4rmel und sind an den Manschetten, in der Taille und am Hals mit B\u00e4ndern oder Gummib\u00e4ndern versehen, um sie zu fixieren. Isolierkittel werden in der Regel in medizinischen Einrichtungen wie Krankenh\u00e4usern, Kliniken, im Gesundheitswesen, in der pharmazeutischen Industrie, in der Lebensmittelindustrie, in Laboratorien, in der Fertigung und in der Sicherheitsbranche getragen, um das Personal im Gesundheitswesen vor dem Kontakt mit infekti\u00f6sen Materialien oder K\u00f6rperfl\u00fcssigkeiten zu sch\u00fctzen. Sie k\u00f6nnen auch von Patienten getragen werden, um die \u00dcbertragung von Infektionen auf andere zu verhindern.<\/li>\n<\/ul>\n<p>&nbsp;<\/p>\n","protected":false},"excerpt":{"rendered":"<ul>\n<li>Dieser wasserdichte Isolierkittel ist aus komfortablem, atmungsaktivem und strapazierf\u00e4higem Polypropylen-Spinnvlies gefertigt. R\u00fcckenverschluss am Hals und an der Taille mit gen\u00e4hten N\u00e4hten, die f\u00fcr hohe Festigkeit und Schutz sorgen.<\/li>\n<li>Sie isolieren Staub und andere Schadstoffe wirksam, bedecken Ihren K\u00f6rper und Ihre Kleidung und bilden eine physische Barriere gegen die \u00dcbertragung von Mikroorganismen und anderen Substanzen.<\/li>\n<\/ul>\n<h4>Eigenschaften<\/h4>\n<p>Material: Polypropylen-Spinnvlies<\/p>\n<p>Gr\u00f6\u00dfe: 115x137cm, 120x140cm oder kundenspezifisch<\/p>\n<p>Farbe: Blau, Gelb, Gr\u00fcn oder kundenspezifisch<\/p>\n<p>Typ: Elastische Manschette oder gestrickte Manschette<\/p>\n<p>Verpackung: 10 St\u00fcck\/Beutel, 10 oder 20 Beutel\/Karton<\/p>\n<p>&nbsp;<\/p>\n<p>&nbsp;<\/p>\n","protected":false},"featured_media":4023,"template":"","meta":{"site-sidebar-layout":"default","site-content-layout":"default","ast-site-content-layout":"default","site-content-style":"default","site-sidebar-style":"default","ast-global-header-display":"","ast-banner-title-visibility":"","ast-main-header-display":"","ast-hfb-above-header-display":"","ast-hfb-below-header-display":"","ast-hfb-mobile-header-display":"","site-post-title":"","ast-breadcrumbs-content":"","ast-featured-img":"","footer-sml-layout":"","ast-disable-related-posts":"","theme-transparent-header-meta":"default","adv-header-id-meta":"","stick-header-meta":"","header-above-stick-meta":"","header-main-stick-meta":"","header-below-stick-meta":"","astra-migrate-meta-layouts":"default","ast-page-background-enabled":"default","ast-page-background-meta":{"desktop":{"background-color":"","background-image":"","background-repeat":"repeat","background-position":"center center","background-size":"auto","background-attachment":"scroll","background-type":"","background-media":"","overlay-type":"","overlay-color":"","overlay-opacity":"","overlay-gradient":""},"tablet":{"background-color":"","background-image":"","background-repeat":"repeat","background-position":"center center","background-size":"auto","background-attachment":"scroll","background-type":"","background-media":"","overlay-type":"","overlay-color":"","overlay-opacity":"","overlay-gradient":""},"mobile":{"background-color":"","background-image":"","background-repeat":"repeat","background-position":"center center","background-size":"auto","background-attachment":"scroll","background-type":"","background-media":"","overlay-type":"","overlay-color":"","overlay-opacity":"","overlay-gradient":""}},"ast-content-background-meta":{"desktop":{"background-color":"var(--ast-global-color-5)","background-image":"","background-repeat":"repeat","background-position":"center center","background-size":"auto","background-attachment":"scroll","background-type":"","background-media":"","overlay-type":"","overlay-color":"","overlay-opacity":"","overlay-gradient":""},"tablet":{"background-color":"var(--ast-global-color-5)","background-image":"","background-repeat":"repeat","background-position":"center center","background-size":"auto","background-attachment":"scroll","background-type":"","background-media":"","overlay-type":"","overlay-color":"","overlay-opacity":"","overlay-gradient":""},"mobile":{"background-color":"var(--ast-global-color-5)","background-image":"","background-repeat":"repeat","background-position":"center center","background-size":"auto","background-attachment":"scroll","background-type":"","background-media":"","overlay-type":"","overlay-color":"","overlay-opacity":"","overlay-gradient":""}}},"product_brand":[],"product_cat":[104],"product_tag":[],"class_list":{"0":"post-4427","1":"product","2":"type-product","3":"status-publish","4":"has-post-thumbnail","6":"product_cat-schutzkittel","7":"desktop-align-center","8":"tablet-align-left","9":"mobile-align-left","11":"first","12":"instock","13":"shipping-taxable","14":"product-type-simple"},"_links":{"self":[{"href":"https:\/\/medposnonwoven.com\/de\/wp-json\/wp\/v2\/product\/4427","targetHints":{"allow":["GET"]}}],"collection":[{"href":"https:\/\/medposnonwoven.com\/de\/wp-json\/wp\/v2\/product"}],"about":[{"href":"https:\/\/medposnonwoven.com\/de\/wp-json\/wp\/v2\/types\/product"}],"wp:featuredmedia":[{"embeddable":true,"href":"https:\/\/medposnonwoven.com\/de\/wp-json\/wp\/v2\/media\/4023"}],"wp:attachment":[{"href":"https:\/\/medposnonwoven.com\/de\/wp-json\/wp\/v2\/media?parent=4427"}],"wp:term":[{"taxonomy":"product_brand","embeddable":true,"href":"https:\/\/medposnonwoven.com\/de\/wp-json\/wp\/v2\/product_brand?post=4427"},{"taxonomy":"product_cat","embeddable":true,"href":"https:\/\/medposnonwoven.com\/de\/wp-json\/wp\/v2\/product_cat?post=4427"},{"taxonomy":"product_tag","embeddable":true,"href":"https:\/\/medposnonwoven.com\/de\/wp-json\/wp\/v2\/product_tag?post=4427"}],"curies":[{"name":"wp","href":"https:\/\/api.w.org\/{rel}","templated":true}]}}