{"id":4428,"date":"2022-12-30T15:17:55","date_gmt":"2022-12-30T15:17:55","guid":{"rendered":"https:\/\/medposnonwoven.com\/product\/einweg-buffant-muetze\/"},"modified":"2023-04-23T11:51:13","modified_gmt":"2023-04-23T11:51:13","slug":"einweg-buffant-muetze","status":"publish","type":"product","link":"https:\/\/medposnonwoven.com\/de\/produkt\/einweg-buffant-muetze\/","title":{"rendered":"Einweg-Buffant-M\u00fctze"},"content":{"rendered":"<ul>\n<li data-spm-anchor-id=\"a2700.details.0.i19.68fd693f12waMx\"><span data-offset-key=\"fj6rm-199-0\">Dis<\/span><span data-offset-key=\"fj6rm-200-0\">pos<\/span><span data-offset-key=\"fj6rm-201-0\">f\u00e4hig<\/span><span data-offset-key=\"fj6rm-202-0\"> bou<\/span><span data-offset-key=\"fj6rm-203-0\">ff<\/span><span data-offset-key=\"fj6rm-204-0\">ant<\/span><span data-offset-key=\"fj6rm-205-0\"> Kappen<\/span><span data-offset-key=\"fj6rm-206-0\">,<\/span><span data-offset-key=\"fj6rm-207-0\"> jemand auch als<\/span><span data-offset-key=\"fj6rm-210-0\"> Clip<\/span><span data-offset-key=\"fj6rm-211-0\"> Kappen<\/span><span data-offset-key=\"fj6rm-212-0\">In den meisten F\u00e4llen kann das elastische Band, das den Kopf umschlie\u00dft, um die M\u00fctze zu befestigen, je nach Kopfgr\u00f6\u00dfe angezogen oder gelockert werden. Auf diese Weise k\u00f6nnen Sie sicherstellen, dass die Kappe fest, aber angenehm sitzt. Die Kappen sind in verschiedenen Farben und Gr\u00f6\u00dfen f\u00fcr unterschiedliche K\u00f6pfe erh\u00e4ltlich. Der Kunde kann die Kappe in d\u00fcnner oder dicker St\u00e4rke f\u00fcr verschiedene Szenarien herstellen.<\/span><\/li>\n<li data-spm-anchor-id=\"a2700.details.0.i19.68fd693f12waMx\">Materialien wie 100 % Polypropylen-Vlies, das f\u00fcr sein geringes Gewicht und seine Atmungsaktivit\u00e4t bekannt ist, w\u00e4hrend Ihr Kopf bequem und gesch\u00fctzt bleibt, werden verwendet, um die Gem\u00fctlichkeit des ganzt\u00e4gigen Tragens zu verbessern. Ihr Kopf wird von einem elastischen Band fest, aber liebevoll umschlossen, um einen idealen Sitz zu gew\u00e4hrleisten. Au\u00dferdem halten sie Haare von Ihrem Arbeitsbereich und aus Ihren Augen fern.<\/li>\n<\/ul>\n<p>&nbsp;<\/p>\n<p>&nbsp;<\/p>\n<p>&nbsp;<\/p>\n","protected":false},"excerpt":{"rendered":"<ul>\n<li>Bouffant Caps sind aus spinngebundenem Polypropylen hergestellt und gew\u00e4hrleisten maximalen Komfort und sind leicht aufzusetzen. Der traditionelle Stil umh\u00fcllt Ihren Kopf sicher und sorgt f\u00fcr einen perfekten Sitz.<\/li>\n<li>Weit verbreitet f\u00fcr Haus, Krankenhaus, Spa, Salon, Service-Industrie und staubfreien Arbeitsbereich, wird keine Angst vor dem versehentlichen Haarausfall.<\/li>\n<\/ul>\n<h4>Eigenschaften<\/h4>\n<p>Material: 10 g\/m\u00b2 (oder kundenspezifisches Gewicht) Polypropylen-Vliesstoff<\/p>\n<p>Gr\u00f6\u00dfe: 18&#8243;, 19&#8243;, 20&#8243;, 21&#8243;, 22&#8243;, 23&#8243;, 24&#8243;<\/p>\n<p>Farbe: Blau, Schwarz, Wei\u00df (andere Farbe auch akzeptieren)<\/p>\n<p>Verpackung: 100 St\u00fcck\/Beutel, 10 oder 20 Beutel\/Karton<\/p>\n<p>&nbsp;<\/p>\n<p>&nbsp;<\/p>\n<p>&nbsp;<\/p>\n","protected":false},"featured_media":4006,"template":"","meta":{"site-sidebar-layout":"default","site-content-layout":"default","ast-site-content-layout":"default","site-content-style":"default","site-sidebar-style":"default","ast-global-header-display":"","ast-banner-title-visibility":"","ast-main-header-display":"","ast-hfb-above-header-display":"","ast-hfb-below-header-display":"","ast-hfb-mobile-header-display":"","site-post-title":"","ast-breadcrumbs-content":"","ast-featured-img":"","footer-sml-layout":"","ast-disable-related-posts":"","theme-transparent-header-meta":"default","adv-header-id-meta":"","stick-header-meta":"","header-above-stick-meta":"","header-main-stick-meta":"","header-below-stick-meta":"","astra-migrate-meta-layouts":"default","ast-page-background-enabled":"default","ast-page-background-meta":{"desktop":{"background-color":"","background-image":"","background-repeat":"repeat","background-position":"center center","background-size":"auto","background-attachment":"scroll","background-type":"","background-media":"","overlay-type":"","overlay-color":"","overlay-opacity":"","overlay-gradient":""},"tablet":{"background-color":"","background-image":"","background-repeat":"repeat","background-position":"center center","background-size":"auto","background-attachment":"scroll","background-type":"","background-media":"","overlay-type":"","overlay-color":"","overlay-opacity":"","overlay-gradient":""},"mobile":{"background-color":"","background-image":"","background-repeat":"repeat","background-position":"center center","background-size":"auto","background-attachment":"scroll","background-type":"","background-media":"","overlay-type":"","overlay-color":"","overlay-opacity":"","overlay-gradient":""}},"ast-content-background-meta":{"desktop":{"background-color":"var(--ast-global-color-5)","background-image":"","background-repeat":"repeat","background-position":"center center","background-size":"auto","background-attachment":"scroll","background-type":"","background-media":"","overlay-type":"","overlay-color":"","overlay-opacity":"","overlay-gradient":""},"tablet":{"background-color":"var(--ast-global-color-5)","background-image":"","background-repeat":"repeat","background-position":"center center","background-size":"auto","background-attachment":"scroll","background-type":"","background-media":"","overlay-type":"","overlay-color":"","overlay-opacity":"","overlay-gradient":""},"mobile":{"background-color":"var(--ast-global-color-5)","background-image":"","background-repeat":"repeat","background-position":"center center","background-size":"auto","background-attachment":"scroll","background-type":"","background-media":"","overlay-type":"","overlay-color":"","overlay-opacity":"","overlay-gradient":""}}},"product_brand":[],"product_cat":[106],"product_tag":[],"class_list":{"0":"post-4428","1":"product","2":"type-product","3":"status-publish","4":"has-post-thumbnail","6":"product_cat-einwegkappen","7":"desktop-align-center","8":"tablet-align-left","9":"mobile-align-left","11":"first","12":"instock","13":"shipping-taxable","14":"product-type-simple"},"_links":{"self":[{"href":"https:\/\/medposnonwoven.com\/de\/wp-json\/wp\/v2\/product\/4428","targetHints":{"allow":["GET"]}}],"collection":[{"href":"https:\/\/medposnonwoven.com\/de\/wp-json\/wp\/v2\/product"}],"about":[{"href":"https:\/\/medposnonwoven.com\/de\/wp-json\/wp\/v2\/types\/product"}],"wp:featuredmedia":[{"embeddable":true,"href":"https:\/\/medposnonwoven.com\/de\/wp-json\/wp\/v2\/media\/4006"}],"wp:attachment":[{"href":"https:\/\/medposnonwoven.com\/de\/wp-json\/wp\/v2\/media?parent=4428"}],"wp:term":[{"taxonomy":"product_brand","embeddable":true,"href":"https:\/\/medposnonwoven.com\/de\/wp-json\/wp\/v2\/product_brand?post=4428"},{"taxonomy":"product_cat","embeddable":true,"href":"https:\/\/medposnonwoven.com\/de\/wp-json\/wp\/v2\/product_cat?post=4428"},{"taxonomy":"product_tag","embeddable":true,"href":"https:\/\/medposnonwoven.com\/de\/wp-json\/wp\/v2\/product_tag?post=4428"}],"curies":[{"name":"wp","href":"https:\/\/api.w.org\/{rel}","templated":true}]}}