{"id":4429,"date":"2022-12-28T14:14:06","date_gmt":"2022-12-28T14:14:06","guid":{"rendered":"https:\/\/medposnonwoven.com\/product\/3-lagen-zivilmaske-mit-ohrlaeppchen\/"},"modified":"2023-04-23T12:03:17","modified_gmt":"2023-04-23T12:03:17","slug":"3-lagen-zivilmaske-mit-ohrlaeppchen","status":"publish","type":"product","link":"https:\/\/medposnonwoven.com\/de\/produkt\/3-lagen-zivilmaske-mit-ohrlaeppchen\/","title":{"rendered":"3 Lagen Zivilmaske mit Ohrl\u00e4ppchen"},"content":{"rendered":"<ul>\n<li data-spm-anchor-id=\"a2700.details.0.i19.68fd693f12waMx\">Einweg-Gesichtsmaske Vorteile: 3 Schichten der Filtration, kein Geruch, antiallergische Materialien, hygienische Verpackung, gute Atmungsaktivit\u00e4t.<\/li>\n<\/ul>\n<ul>\n<li>Die Hygienemaske verhindert wirksam das Einatmen von Staub, Pollen, Haaren, Grippe, Keimen usw. Geeignet f\u00fcr die t\u00e4gliche Reinigung, allergisch<br \/>\nMenschen, Dienstleistungspersonal (medizinisch, zahn\u00e4rztlich, pflegerisch, Gastronomie, Klinik, Sch\u00f6nheitspflege, Nagelpflege, Haustiere usw.), sowie Patienten, die<br \/>\nAtemschutz.<\/li>\n<\/ul>\n<p>&nbsp;<\/p>\n<p>&nbsp;<\/p>\n","protected":false},"excerpt":{"rendered":"<ul>\n<li>Sch\u00fctzt Nase und Mund vor Fl\u00fcssigkeiten, Fluid-Resistant bei einem Druck von 160 mmHg.<\/li>\n<li>Premium Filter sch\u00fctzt vor 95% der Partikel, die gr\u00f6\u00dfer als 0,1 \u03bcm sind, Filtereffizienz = PFE95%.<\/li>\n<\/ul>\n<h4>Eigenschaften<\/h4>\n<p>Material: 33,3% Melt Blown, 66,7% PP Vliesstoff<\/p>\n<p>Schicht:3(25g Vlies+25g Melt Blown+25g Vlies)<\/p>\n<p>Gr\u00f6\u00dfe: 17,5*9,5cm f\u00fcr Erwachsene, 14,5*9,5cm f\u00fcr Kinder<\/p>\n<p>Farbe: Blau, Schwarz, Wei\u00df (andere Farbe auch akzeptieren)<\/p>\n<p>Norm:EN149:2001<\/p>\n<p>&nbsp;<\/p>\n<p>&nbsp;<\/p>\n","protected":false},"featured_media":3988,"template":"","meta":{"site-sidebar-layout":"default","site-content-layout":"default","ast-site-content-layout":"default","site-content-style":"default","site-sidebar-style":"default","ast-global-header-display":"","ast-banner-title-visibility":"","ast-main-header-display":"","ast-hfb-above-header-display":"","ast-hfb-below-header-display":"","ast-hfb-mobile-header-display":"","site-post-title":"","ast-breadcrumbs-content":"","ast-featured-img":"","footer-sml-layout":"","ast-disable-related-posts":"","theme-transparent-header-meta":"default","adv-header-id-meta":"","stick-header-meta":"","header-above-stick-meta":"","header-main-stick-meta":"","header-below-stick-meta":"","astra-migrate-meta-layouts":"default","ast-page-background-enabled":"default","ast-page-background-meta":{"desktop":{"background-color":"","background-image":"","background-repeat":"repeat","background-position":"center center","background-size":"auto","background-attachment":"scroll","background-type":"","background-media":"","overlay-type":"","overlay-color":"","overlay-opacity":"","overlay-gradient":""},"tablet":{"background-color":"","background-image":"","background-repeat":"repeat","background-position":"center center","background-size":"auto","background-attachment":"scroll","background-type":"","background-media":"","overlay-type":"","overlay-color":"","overlay-opacity":"","overlay-gradient":""},"mobile":{"background-color":"","background-image":"","background-repeat":"repeat","background-position":"center center","background-size":"auto","background-attachment":"scroll","background-type":"","background-media":"","overlay-type":"","overlay-color":"","overlay-opacity":"","overlay-gradient":""}},"ast-content-background-meta":{"desktop":{"background-color":"var(--ast-global-color-5)","background-image":"","background-repeat":"repeat","background-position":"center center","background-size":"auto","background-attachment":"scroll","background-type":"","background-media":"","overlay-type":"","overlay-color":"","overlay-opacity":"","overlay-gradient":""},"tablet":{"background-color":"var(--ast-global-color-5)","background-image":"","background-repeat":"repeat","background-position":"center center","background-size":"auto","background-attachment":"scroll","background-type":"","background-media":"","overlay-type":"","overlay-color":"","overlay-opacity":"","overlay-gradient":""},"mobile":{"background-color":"var(--ast-global-color-5)","background-image":"","background-repeat":"repeat","background-position":"center center","background-size":"auto","background-attachment":"scroll","background-type":"","background-media":"","overlay-type":"","overlay-color":"","overlay-opacity":"","overlay-gradient":""}}},"product_brand":[],"product_cat":[107],"product_tag":[],"class_list":{"0":"post-4429","1":"product","2":"type-product","3":"status-publish","4":"has-post-thumbnail","6":"product_cat-einweg-gesichtsmasken-und-atemschutzmasken","7":"desktop-align-center","8":"tablet-align-left","9":"mobile-align-left","11":"first","12":"instock","13":"shipping-taxable","14":"product-type-simple"},"_links":{"self":[{"href":"https:\/\/medposnonwoven.com\/de\/wp-json\/wp\/v2\/product\/4429","targetHints":{"allow":["GET"]}}],"collection":[{"href":"https:\/\/medposnonwoven.com\/de\/wp-json\/wp\/v2\/product"}],"about":[{"href":"https:\/\/medposnonwoven.com\/de\/wp-json\/wp\/v2\/types\/product"}],"wp:featuredmedia":[{"embeddable":true,"href":"https:\/\/medposnonwoven.com\/de\/wp-json\/wp\/v2\/media\/3988"}],"wp:attachment":[{"href":"https:\/\/medposnonwoven.com\/de\/wp-json\/wp\/v2\/media?parent=4429"}],"wp:term":[{"taxonomy":"product_brand","embeddable":true,"href":"https:\/\/medposnonwoven.com\/de\/wp-json\/wp\/v2\/product_brand?post=4429"},{"taxonomy":"product_cat","embeddable":true,"href":"https:\/\/medposnonwoven.com\/de\/wp-json\/wp\/v2\/product_cat?post=4429"},{"taxonomy":"product_tag","embeddable":true,"href":"https:\/\/medposnonwoven.com\/de\/wp-json\/wp\/v2\/product_tag?post=4429"}],"curies":[{"name":"wp","href":"https:\/\/api.w.org\/{rel}","templated":true}]}}