{"id":4430,"date":"2022-12-30T13:29:48","date_gmt":"2022-12-30T13:29:48","guid":{"rendered":"https:\/\/medposnonwoven.com\/product\/vliesstoff-mob-cap-clip-cap-haarnetz\/"},"modified":"2023-04-23T11:54:29","modified_gmt":"2023-04-23T11:54:29","slug":"vliesstoff-mob-cap-clip-cap-haarnetz","status":"publish","type":"product","link":"https:\/\/medposnonwoven.com\/de\/produkt\/vliesstoff-mob-cap-clip-cap-haarnetz\/","title":{"rendered":"Vliesstoff Mob Cap (Clip Cap Haarnetz)"},"content":{"rendered":"<ul>\n<li><span data-offset-key=\"107rj-10-0\">Dis<\/span><span data-offset-key=\"107rj-11-0\">pos<\/span><span data-offset-key=\"107rj-12-0\">f\u00e4hig<\/span><span data-offset-key=\"107rj-13-0\"> Clip<\/span><span data-offset-key=\"107rj-14-0\"> M\u00fctzen<\/span><span data-offset-key=\"107rj-15-0\">,<\/span><span data-offset-key=\"107rj-16-0\"> auch<\/span><span data-offset-key=\"107rj-17-0\"> bekannt<\/span><span data-offset-key=\"107rj-18-0\"> als<\/span><span data-offset-key=\"107rj-19-0\"> bou<\/span><span data-offset-key=\"107rj-20-0\">ff<\/span><span data-offset-key=\"107rj-21-0\">Ameise<\/span><span data-offset-key=\"107rj-22-0\"> M\u00fctzen<\/span><span data-offset-key=\"107rj-23-0\">,<\/span><span data-offset-key=\"107rj-24-0\"> Sie sind aus leichtem und atmungsaktivem Spinnvlies hergestellt, das das Abfallen von Haaren beim Arbeiten an Orten mit hohen Hygieneanforderungen verhindert. <\/span><span data-offset-key=\"107rj-56-0\"> Diese<\/span><span data-offset-key=\"107rj-57-0\"> M\u00fctzen<\/span><span data-offset-key=\"107rj-58-0\"> sind<\/span><span data-offset-key=\"107rj-59-0\"> beabsichtigt<\/span><span data-offset-key=\"107rj-60-0\"> zu<\/span><span data-offset-key=\"107rj-61-0\"> sein<\/span><span data-offset-key=\"107rj-62-0\"> gebraucht<\/span><span data-offset-key=\"107rj-63-0\"> nur<\/span><span data-offset-key=\"107rj-64-0\"> einmal<\/span><span data-offset-key=\"107rj-65-0\"> und<\/span><span data-offset-key=\"107rj-66-0\"> dann<\/span><span data-offset-key=\"107rj-67-0\"> entsorgt<\/span><span data-offset-key=\"107rj-68-0\"> von<\/span><span data-offset-key=\"107rj-69-0\">,<\/span><span data-offset-key=\"107rj-70-0\"> als<\/span><span data-offset-key=\"107rj-71-0\"> sie<\/span><span data-offset-key=\"107rj-72-0\"> sind<\/span><span data-offset-key=\"107rj-73-0\"> nicht<\/span><span data-offset-key=\"107rj-74-0\"> bedeutete<\/span><span data-offset-key=\"107rj-75-0\"> zu<\/span><span data-offset-key=\"107rj-76-0\"> sein<\/span><span data-offset-key=\"107rj-77-0\"> wiederverwendet<\/span><span data-offset-key=\"107rj-78-0\">.<\/span><span data-offset-key=\"107rj-79-0\"> Eine Einweg-Clipkappe hat in der Regel eine kugelige, kuppelf\u00f6rmige Kappe mit einem elastischen Band, das den Kopf sicher umschlie\u00dft. In der Regel besteht dieses Band aus einem d\u00fcnnen, nicht gewebten Stoff, der sich einfach um den Kopf legen l\u00e4sst. Die R\u00fcckseite der Einweg-Clipkappe kann auch einen Clipverschluss aufweisen, der einen festen und bequemen Sitz erm\u00f6glicht.<\/span><\/li>\n<li>Um den ganzt\u00e4gigen Tragekomfort zu gew\u00e4hrleisten, sind Materialien wie 100% Polypropylen-Vliese daf\u00fcr bekannt, dass sie leicht und atmungsaktiv sind, w\u00e4hrend Ihr Kopf bequem und gesch\u00fctzt bleibt. Ein elastisches Stirnband umschlie\u00dft Ihren Kopf sicher und dennoch sanft f\u00fcr den perfekten Sitz. Au\u00dferdem halten sie Haare effektiv aus den Augen und vom Arbeitsbereich fern.<\/li>\n<\/ul>\n<p>&nbsp;<\/p>\n<p>&nbsp;<\/p>\n","protected":false},"excerpt":{"rendered":"<ul>\n<li>Einwegm\u00fctzen sind leicht und atmungsaktiv, so dass sich der Kopf nie schw\u00fcl anf\u00fchlt.<\/li>\n<li>Weit verbreitet f\u00fcr Haus, Krankenhaus, Spa, Salon, Service-Industrie und staubfreien Arbeitsbereich, wird keine Angst vor dem versehentlichen Haarausfall.<\/li>\n<\/ul>\n<h4>Eigenschaften<\/h4>\n<p>Material: 10 g\/m\u00b2 (oder kundenspezifisches Gewicht) Polypropylen-Vliesstoff<\/p>\n<p>Gr\u00f6\u00dfe: 18&#8243;, 19&#8243;, 20&#8243;, 21&#8243;, 22&#8243;, 23&#8243;, 24&#8243;<\/p>\n<p>Typ: Einfach oder doppelt elastisch<\/p>\n<p>Farbe: Blau, Schwarz, Wei\u00df (andere Farbe auch akzeptieren)<\/p>\n<p>Verpackung: 100 St\u00fcck\/Beutel, 10 oder 20 Beutel\/Karton<\/p>\n<p>&nbsp;<\/p>\n<p>&nbsp;<\/p>\n","protected":false},"featured_media":3928,"template":"","meta":{"site-sidebar-layout":"default","site-content-layout":"default","ast-site-content-layout":"default","site-content-style":"default","site-sidebar-style":"default","ast-global-header-display":"","ast-banner-title-visibility":"","ast-main-header-display":"","ast-hfb-above-header-display":"","ast-hfb-below-header-display":"","ast-hfb-mobile-header-display":"","site-post-title":"","ast-breadcrumbs-content":"","ast-featured-img":"","footer-sml-layout":"","ast-disable-related-posts":"","theme-transparent-header-meta":"default","adv-header-id-meta":"","stick-header-meta":"","header-above-stick-meta":"","header-main-stick-meta":"","header-below-stick-meta":"","astra-migrate-meta-layouts":"default","ast-page-background-enabled":"default","ast-page-background-meta":{"desktop":{"background-color":"","background-image":"","background-repeat":"repeat","background-position":"center center","background-size":"auto","background-attachment":"scroll","background-type":"","background-media":"","overlay-type":"","overlay-color":"","overlay-opacity":"","overlay-gradient":""},"tablet":{"background-color":"","background-image":"","background-repeat":"repeat","background-position":"center center","background-size":"auto","background-attachment":"scroll","background-type":"","background-media":"","overlay-type":"","overlay-color":"","overlay-opacity":"","overlay-gradient":""},"mobile":{"background-color":"","background-image":"","background-repeat":"repeat","background-position":"center center","background-size":"auto","background-attachment":"scroll","background-type":"","background-media":"","overlay-type":"","overlay-color":"","overlay-opacity":"","overlay-gradient":""}},"ast-content-background-meta":{"desktop":{"background-color":"var(--ast-global-color-5)","background-image":"","background-repeat":"repeat","background-position":"center center","background-size":"auto","background-attachment":"scroll","background-type":"","background-media":"","overlay-type":"","overlay-color":"","overlay-opacity":"","overlay-gradient":""},"tablet":{"background-color":"var(--ast-global-color-5)","background-image":"","background-repeat":"repeat","background-position":"center center","background-size":"auto","background-attachment":"scroll","background-type":"","background-media":"","overlay-type":"","overlay-color":"","overlay-opacity":"","overlay-gradient":""},"mobile":{"background-color":"var(--ast-global-color-5)","background-image":"","background-repeat":"repeat","background-position":"center center","background-size":"auto","background-attachment":"scroll","background-type":"","background-media":"","overlay-type":"","overlay-color":"","overlay-opacity":"","overlay-gradient":""}}},"product_brand":[],"product_cat":[106],"product_tag":[],"class_list":{"0":"post-4430","1":"product","2":"type-product","3":"status-publish","4":"has-post-thumbnail","6":"product_cat-einwegkappen","7":"desktop-align-center","8":"tablet-align-left","9":"mobile-align-left","11":"first","12":"instock","13":"shipping-taxable","14":"product-type-simple"},"_links":{"self":[{"href":"https:\/\/medposnonwoven.com\/de\/wp-json\/wp\/v2\/product\/4430","targetHints":{"allow":["GET"]}}],"collection":[{"href":"https:\/\/medposnonwoven.com\/de\/wp-json\/wp\/v2\/product"}],"about":[{"href":"https:\/\/medposnonwoven.com\/de\/wp-json\/wp\/v2\/types\/product"}],"wp:featuredmedia":[{"embeddable":true,"href":"https:\/\/medposnonwoven.com\/de\/wp-json\/wp\/v2\/media\/3928"}],"wp:attachment":[{"href":"https:\/\/medposnonwoven.com\/de\/wp-json\/wp\/v2\/media?parent=4430"}],"wp:term":[{"taxonomy":"product_brand","embeddable":true,"href":"https:\/\/medposnonwoven.com\/de\/wp-json\/wp\/v2\/product_brand?post=4430"},{"taxonomy":"product_cat","embeddable":true,"href":"https:\/\/medposnonwoven.com\/de\/wp-json\/wp\/v2\/product_cat?post=4430"},{"taxonomy":"product_tag","embeddable":true,"href":"https:\/\/medposnonwoven.com\/de\/wp-json\/wp\/v2\/product_tag?post=4430"}],"curies":[{"name":"wp","href":"https:\/\/api.w.org\/{rel}","templated":true}]}}