{"id":3076,"date":"2023-01-18T14:41:07","date_gmt":"2023-01-18T14:41:07","guid":{"rendered":"https:\/\/medposnonwoven.com\/product\/tela-no-tejida-smpe\/"},"modified":"2023-04-10T08:30:50","modified_gmt":"2023-04-10T08:30:50","slug":"tela-no-tejida-smpe","status":"publish","type":"product","link":"https:\/\/medposnonwoven.com\/es\/producto\/tela-no-tejida-smpe\/","title":{"rendered":"Tela no tejida SMPE"},"content":{"rendered":"<ul>\n<li>El no tejido de laminaci\u00f3n es el proceso de fabricaci\u00f3n de un material en m\u00faltiples capas, normalmente pel\u00edcula de PE laminada diferentes no tejidos, como PE+spunbond, PE+SMS, PE+Viscose ,PE+Spunlace, y SMSPE o SMPE. La combinaci\u00f3n de las caracter\u00edsticas f\u00edsicas y mec\u00e1nicas de cada capa da lugar a un material compuesto m\u00e1s fuerte y resistente.<\/li>\n<li>La tela no tejida laminada est\u00e1 disponible en una gran variedad de dise\u00f1os, colores y patrones. Es impermeable y ofrece una excelente protecci\u00f3n contra los fluidos. Las batas de aislamiento, las batas quir\u00fargicas, las cortinas y fundas, los trajes quir\u00fargicos, los envases de alimentos en grano, las bolsas de la compra y otros art\u00edculos se fabrican con tejidos laminados.<\/li>\n<\/ul>\n<p>&nbsp;<\/p>\n<p>&nbsp;<\/p>\n","protected":false},"excerpt":{"rendered":"<ul>\n<li>Nuestro tejido sin tejer SMPE o tejido sin tejer SMSPE, que est\u00e1 compuesto por tejido sin tejer SM o tejido sin tejer SMS altamente absorbente y pel\u00edcula de PE recubierta o laminada, est\u00e1 dise\u00f1ado para absorber el l\u00edquido o la sangre r\u00e1pidamente durante la operaci\u00f3n.<\/li>\n<li>Ampliamente utilizado para s\u00e1bana de refuerzo de pa\u00f1os quir\u00fargicos, s\u00e1bana de cama m\u00e9dica, almohadilla absorbente quir\u00fargica, ropa quir\u00fargica, toalla de agujeros, etc.<\/li>\n<\/ul>\n<h4>Caracter\u00edsticas<\/h4>\n<p>Material: Spunbond+Meltblown+PE; Spunbond+Meltblown+Spunbond+PE<\/p>\n<p>Talla: 30-160 cm<\/p>\n<p>Color: Azul<\/p>\n<p>Tipo: Super alta absorbencia de l\u00edquidos; Antibacteriano<\/p>\n<p>Embalaje: Seg\u00fan pedido<\/p>\n<p>&nbsp;<\/p>\n<p>&nbsp;<\/p>\n<p>&nbsp;<\/p>\n","protected":false},"featured_media":2904,"template":"","meta":{"site-sidebar-layout":"default","site-content-layout":"default","ast-site-content-layout":"default","site-content-style":"default","site-sidebar-style":"default","ast-global-header-display":"","ast-banner-title-visibility":"","ast-main-header-display":"","ast-hfb-above-header-display":"","ast-hfb-below-header-display":"","ast-hfb-mobile-header-display":"","site-post-title":"","ast-breadcrumbs-content":"","ast-featured-img":"","footer-sml-layout":"","ast-disable-related-posts":"","theme-transparent-header-meta":"default","adv-header-id-meta":"","stick-header-meta":"","header-above-stick-meta":"","header-main-stick-meta":"","header-below-stick-meta":"","astra-migrate-meta-layouts":"default","ast-page-background-enabled":"default","ast-page-background-meta":{"desktop":{"background-color":"","background-image":"","background-repeat":"repeat","background-position":"center center","background-size":"auto","background-attachment":"scroll","background-type":"","background-media":"","overlay-type":"","overlay-color":"","overlay-opacity":"","overlay-gradient":""},"tablet":{"background-color":"","background-image":"","background-repeat":"repeat","background-position":"center center","background-size":"auto","background-attachment":"scroll","background-type":"","background-media":"","overlay-type":"","overlay-color":"","overlay-opacity":"","overlay-gradient":""},"mobile":{"background-color":"","background-image":"","background-repeat":"repeat","background-position":"center center","background-size":"auto","background-attachment":"scroll","background-type":"","background-media":"","overlay-type":"","overlay-color":"","overlay-opacity":"","overlay-gradient":""}},"ast-content-background-meta":{"desktop":{"background-color":"var(--ast-global-color-5)","background-image":"","background-repeat":"repeat","background-position":"center center","background-size":"auto","background-attachment":"scroll","background-type":"","background-media":"","overlay-type":"","overlay-color":"","overlay-opacity":"","overlay-gradient":""},"tablet":{"background-color":"var(--ast-global-color-5)","background-image":"","background-repeat":"repeat","background-position":"center center","background-size":"auto","background-attachment":"scroll","background-type":"","background-media":"","overlay-type":"","overlay-color":"","overlay-opacity":"","overlay-gradient":""},"mobile":{"background-color":"var(--ast-global-color-5)","background-image":"","background-repeat":"repeat","background-position":"center center","background-size":"auto","background-attachment":"scroll","background-type":"","background-media":"","overlay-type":"","overlay-color":"","overlay-opacity":"","overlay-gradient":""}}},"product_brand":[],"product_cat":[62],"product_tag":[],"class_list":{"0":"post-3076","1":"product","2":"type-product","3":"status-publish","4":"has-post-thumbnail","6":"product_cat-telas-no-tejidas","7":"desktop-align-center","8":"tablet-align-left","9":"mobile-align-left","11":"first","12":"instock","13":"shipping-taxable","14":"product-type-simple"},"_links":{"self":[{"href":"https:\/\/medposnonwoven.com\/es\/wp-json\/wp\/v2\/product\/3076","targetHints":{"allow":["GET"]}}],"collection":[{"href":"https:\/\/medposnonwoven.com\/es\/wp-json\/wp\/v2\/product"}],"about":[{"href":"https:\/\/medposnonwoven.com\/es\/wp-json\/wp\/v2\/types\/product"}],"wp:featuredmedia":[{"embeddable":true,"href":"https:\/\/medposnonwoven.com\/es\/wp-json\/wp\/v2\/media\/2904"}],"wp:attachment":[{"href":"https:\/\/medposnonwoven.com\/es\/wp-json\/wp\/v2\/media?parent=3076"}],"wp:term":[{"taxonomy":"product_brand","embeddable":true,"href":"https:\/\/medposnonwoven.com\/es\/wp-json\/wp\/v2\/product_brand?post=3076"},{"taxonomy":"product_cat","embeddable":true,"href":"https:\/\/medposnonwoven.com\/es\/wp-json\/wp\/v2\/product_cat?post=3076"},{"taxonomy":"product_tag","embeddable":true,"href":"https:\/\/medposnonwoven.com\/es\/wp-json\/wp\/v2\/product_tag?post=3076"}],"curies":[{"name":"wp","href":"https:\/\/api.w.org\/{rel}","templated":true}]}}