{"id":3077,"date":"2023-01-17T15:54:46","date_gmt":"2023-01-17T15:54:46","guid":{"rendered":"https:\/\/medposnonwoven.com\/product\/campo-quirurgico-fenestrado\/"},"modified":"2023-04-10T09:03:58","modified_gmt":"2023-04-10T09:03:58","slug":"campo-quirurgico-fenestrado","status":"publish","type":"product","link":"https:\/\/medposnonwoven.com\/es\/producto\/campo-quirurgico-fenestrado\/","title":{"rendered":"Campo quir\u00fargico fenestrado"},"content":{"rendered":"<ul>\n<li>Las toallitas quir\u00fargicas fenestradas act\u00faan como barrera protectora durante la cirug\u00eda, impidiendo la transferencia de microorganismos y agentes pat\u00f3genos entre el paciente y el entorno circundante, ayudando as\u00ed a mantener un ambiente est\u00e9ril. Las toallitas para cavidades quir\u00fargicas se clasifican adem\u00e1s seg\u00fan sus propiedades funcionales. Las s\u00e1banas de cavidad quir\u00fargica tienen un alto \u00edndice de evaporaci\u00f3n del agua, son muy c\u00f3modas sobre el cuerpo y tienen una magn\u00edfica adherencia a los bordes de la herida. Las s\u00e1banas quir\u00fargicas generales pueden adaptarse a distintos procedimientos habituales y pueden dar cabida a posibles problemas como el lavado de fluidos o grandes cantidades de sangre. La s\u00e1bana ortop\u00e9dica mantiene una zona est\u00e9ril durante todo el procedimiento y puede soportar una manipulaci\u00f3n pesada durante el mismo.<\/li>\n<li>Existen algunas pr\u00e1cticas est\u00e1ndar para el uso de s\u00e1banas quir\u00fargicas. Dado que las s\u00e1banas forman una barrera entre la zona quir\u00fargica y la zona potencialmente infectada, s\u00f3lo deben utilizarse s\u00e1banas est\u00e9riles en zonas est\u00e9riles. As\u00ed se evitan las fugas de las zonas no est\u00e9riles a las est\u00e9riles. La l\u00e1mina de la cavidad no debe tener agujeros, perforaciones ni desgarros, ya que cualquier alteraci\u00f3n de la integridad de la barrera microbiol\u00f3gica dar\u00e1 lugar a contaminaci\u00f3n.<\/li>\n<li>Las s\u00e1banas quir\u00fargicas desechables dan la impresi\u00f3n de limpieza. El uso de toallitas y s\u00e1banas desechables da una impresi\u00f3n de profesionalidad. Est\u00e1n limpias, ordenadas, higi\u00e9nicas y listas para su uso. La mayor\u00eda de las s\u00e1banas y batas quir\u00fargicas desechables se fabrican con polipropileno, un subproducto de la industria petroqu\u00edmica que puede reciclarse. Son m\u00e1s respetuosos con el medio ambiente que otros l\u00edquidos y productos qu\u00edmicos utilizados en el proceso de lavado. Los productos quir\u00fargicos desechables tambi\u00e9n ayudan a gestionar el presupuesto, ya que tienen un valor constante y cuantificable.<\/li>\n<\/ul>\n<p>&nbsp;<\/p>\n<p>&nbsp;<\/p>\n","protected":false},"excerpt":{"rendered":"<ul>\n<li>Estos pa\u00f1os est\u00e9riles fenestrados se utilizan con frecuencia en diversas operaciones. Es muy permeable al aire, lo que permite que la piel respire libremente. Adem\u00e1s, este pa\u00f1o est\u00e9ril desechable es asequible, limpio y lo suficientemente fuerte como para resistir desgarros y roturas. Por tanto, posee excelentes cualidades de confort, as\u00ed como una muy buena resistencia a los l\u00edquidos.<\/li>\n<\/ul>\n<h4>Caracter\u00edsticas<\/h4>\n<p>Material: SMS,SSMMS,SMMMS, PE+SMS,PE+PP hidr\u00f3filo, PE+Viscosa<\/p>\n<p>Tama\u00f1o: 50*50cm, 90*90cm o personalizado<\/p>\n<p>Color: Azul,Verde<\/p>\n<p>Tipo: Con adhesivo o sin adhesivo<\/p>\n<p>Embalaje: 1 unidad\/paquete, 10 unidades\/caja<\/p>\n<p>&nbsp;<\/p>\n<p>&nbsp;<\/p>\n","protected":false},"featured_media":2877,"template":"","meta":{"site-sidebar-layout":"default","site-content-layout":"default","ast-site-content-layout":"default","site-content-style":"default","site-sidebar-style":"default","ast-global-header-display":"","ast-banner-title-visibility":"","ast-main-header-display":"","ast-hfb-above-header-display":"","ast-hfb-below-header-display":"","ast-hfb-mobile-header-display":"","site-post-title":"","ast-breadcrumbs-content":"","ast-featured-img":"","footer-sml-layout":"","ast-disable-related-posts":"","theme-transparent-header-meta":"default","adv-header-id-meta":"","stick-header-meta":"","header-above-stick-meta":"","header-main-stick-meta":"","header-below-stick-meta":"","astra-migrate-meta-layouts":"default","ast-page-background-enabled":"default","ast-page-background-meta":{"desktop":{"background-color":"","background-image":"","background-repeat":"repeat","background-position":"center center","background-size":"auto","background-attachment":"scroll","background-type":"","background-media":"","overlay-type":"","overlay-color":"","overlay-opacity":"","overlay-gradient":""},"tablet":{"background-color":"","background-image":"","background-repeat":"repeat","background-position":"center center","background-size":"auto","background-attachment":"scroll","background-type":"","background-media":"","overlay-type":"","overlay-color":"","overlay-opacity":"","overlay-gradient":""},"mobile":{"background-color":"","background-image":"","background-repeat":"repeat","background-position":"center center","background-size":"auto","background-attachment":"scroll","background-type":"","background-media":"","overlay-type":"","overlay-color":"","overlay-opacity":"","overlay-gradient":""}},"ast-content-background-meta":{"desktop":{"background-color":"var(--ast-global-color-5)","background-image":"","background-repeat":"repeat","background-position":"center center","background-size":"auto","background-attachment":"scroll","background-type":"","background-media":"","overlay-type":"","overlay-color":"","overlay-opacity":"","overlay-gradient":""},"tablet":{"background-color":"var(--ast-global-color-5)","background-image":"","background-repeat":"repeat","background-position":"center center","background-size":"auto","background-attachment":"scroll","background-type":"","background-media":"","overlay-type":"","overlay-color":"","overlay-opacity":"","overlay-gradient":""},"mobile":{"background-color":"var(--ast-global-color-5)","background-image":"","background-repeat":"repeat","background-position":"center center","background-size":"auto","background-attachment":"scroll","background-type":"","background-media":"","overlay-type":"","overlay-color":"","overlay-opacity":"","overlay-gradient":""}}},"product_brand":[],"product_cat":[59],"product_tag":[],"class_list":{"0":"post-3077","1":"product","2":"type-product","3":"status-publish","4":"has-post-thumbnail","6":"product_cat-batas-y-panos-quirurgicos","7":"desktop-align-center","8":"tablet-align-left","9":"mobile-align-left","11":"first","12":"instock","13":"shipping-taxable","14":"product-type-simple"},"_links":{"self":[{"href":"https:\/\/medposnonwoven.com\/es\/wp-json\/wp\/v2\/product\/3077","targetHints":{"allow":["GET"]}}],"collection":[{"href":"https:\/\/medposnonwoven.com\/es\/wp-json\/wp\/v2\/product"}],"about":[{"href":"https:\/\/medposnonwoven.com\/es\/wp-json\/wp\/v2\/types\/product"}],"wp:featuredmedia":[{"embeddable":true,"href":"https:\/\/medposnonwoven.com\/es\/wp-json\/wp\/v2\/media\/2877"}],"wp:attachment":[{"href":"https:\/\/medposnonwoven.com\/es\/wp-json\/wp\/v2\/media?parent=3077"}],"wp:term":[{"taxonomy":"product_brand","embeddable":true,"href":"https:\/\/medposnonwoven.com\/es\/wp-json\/wp\/v2\/product_brand?post=3077"},{"taxonomy":"product_cat","embeddable":true,"href":"https:\/\/medposnonwoven.com\/es\/wp-json\/wp\/v2\/product_cat?post=3077"},{"taxonomy":"product_tag","embeddable":true,"href":"https:\/\/medposnonwoven.com\/es\/wp-json\/wp\/v2\/product_tag?post=3077"}],"curies":[{"name":"wp","href":"https:\/\/api.w.org\/{rel}","templated":true}]}}