{"id":3078,"date":"2023-01-16T16:29:20","date_gmt":"2023-01-16T16:29:20","guid":{"rendered":"https:\/\/medposnonwoven.com\/product\/fundas-desechables-para-cunas-faciales\/"},"modified":"2023-04-10T09:17:11","modified_gmt":"2023-04-10T09:17:11","slug":"fundas-desechables-para-cunas-faciales","status":"publish","type":"product","link":"https:\/\/medposnonwoven.com\/es\/producto\/fundas-desechables-para-cunas-faciales\/","title":{"rendered":"Fundas desechables para cunas faciales"},"content":{"rendered":"<p>Con estas fundas desechables para almohadillas faciales de masaje, podr\u00e1 proteger su almohadilla facial de masaje. Estas fundas para reposacabezas de masaje ofrecen a sus clientes una zona limpia y acogedora para apoyar la cara durante la sesi\u00f3n, evitando la contaminaci\u00f3n cruzada (un solo uso). Se adaptan a la mayor\u00eda de las almohadillas de reposacabezas de masaje y tienen un aspecto pulido y empresarial. La funda, de polipropileno no tejido suave y agradable al tacto, se sujeta con una cinta el\u00e1stica. Al ser desechables, ahorran tiempo y dinero en el lavado y proporcionan una superficie fresca cada vez. Sin l\u00e1tex.<\/p>\n<p>&nbsp;<\/p>\n","protected":false},"excerpt":{"rendered":"<ul>\n<li>En lugar de fundas de algod\u00f3n o franela que hay que lavar despu\u00e9s de cada uso, estas fundas desechables para reposacabezas son f\u00e1ciles de usar y le ahorran tiempo. Dise\u00f1o de folleto \u00fanico f\u00e1cil de guardar o trasladar.<\/li>\n<li>Ampliamente utilizado en SPA, gimnasio, piscina, sauna, viajes y otros momentos de ocio.<\/li>\n<\/ul>\n<h4>Caracter\u00edsticas<\/h4>\n<p>Material: Spunlace de polipropileno<\/p>\n<p>Tama\u00f1o: 16 \u00abx12\u00bb o personalizado<\/p>\n<p>Color: Blanco<\/p>\n<p>Tipo:Talla \u00fanica<\/p>\n<p>Embalaje: 100 unidades\/bolsa, 10 bolsas\/caja<\/p>\n<p>&nbsp;<\/p>\n<p>&nbsp;<\/p>\n","protected":false},"featured_media":2865,"template":"","meta":{"site-sidebar-layout":"default","site-content-layout":"default","ast-site-content-layout":"default","site-content-style":"default","site-sidebar-style":"default","ast-global-header-display":"","ast-banner-title-visibility":"","ast-main-header-display":"","ast-hfb-above-header-display":"","ast-hfb-below-header-display":"","ast-hfb-mobile-header-display":"","site-post-title":"","ast-breadcrumbs-content":"","ast-featured-img":"","footer-sml-layout":"","ast-disable-related-posts":"","theme-transparent-header-meta":"default","adv-header-id-meta":"","stick-header-meta":"","header-above-stick-meta":"","header-main-stick-meta":"","header-below-stick-meta":"","astra-migrate-meta-layouts":"default","ast-page-background-enabled":"default","ast-page-background-meta":{"desktop":{"background-color":"","background-image":"","background-repeat":"repeat","background-position":"center center","background-size":"auto","background-attachment":"scroll","background-type":"","background-media":"","overlay-type":"","overlay-color":"","overlay-opacity":"","overlay-gradient":""},"tablet":{"background-color":"","background-image":"","background-repeat":"repeat","background-position":"center center","background-size":"auto","background-attachment":"scroll","background-type":"","background-media":"","overlay-type":"","overlay-color":"","overlay-opacity":"","overlay-gradient":""},"mobile":{"background-color":"","background-image":"","background-repeat":"repeat","background-position":"center center","background-size":"auto","background-attachment":"scroll","background-type":"","background-media":"","overlay-type":"","overlay-color":"","overlay-opacity":"","overlay-gradient":""}},"ast-content-background-meta":{"desktop":{"background-color":"var(--ast-global-color-5)","background-image":"","background-repeat":"repeat","background-position":"center center","background-size":"auto","background-attachment":"scroll","background-type":"","background-media":"","overlay-type":"","overlay-color":"","overlay-opacity":"","overlay-gradient":""},"tablet":{"background-color":"var(--ast-global-color-5)","background-image":"","background-repeat":"repeat","background-position":"center center","background-size":"auto","background-attachment":"scroll","background-type":"","background-media":"","overlay-type":"","overlay-color":"","overlay-opacity":"","overlay-gradient":""},"mobile":{"background-color":"var(--ast-global-color-5)","background-image":"","background-repeat":"repeat","background-position":"center center","background-size":"auto","background-attachment":"scroll","background-type":"","background-media":"","overlay-type":"","overlay-color":"","overlay-opacity":"","overlay-gradient":""}}},"product_brand":[],"product_cat":[61],"product_tag":[],"class_list":{"0":"post-3078","1":"product","2":"type-product","3":"status-publish","4":"has-post-thumbnail","6":"product_cat-spa-beauty-desechables","7":"desktop-align-center","8":"tablet-align-left","9":"mobile-align-left","11":"first","12":"instock","13":"shipping-taxable","14":"product-type-simple"},"_links":{"self":[{"href":"https:\/\/medposnonwoven.com\/es\/wp-json\/wp\/v2\/product\/3078","targetHints":{"allow":["GET"]}}],"collection":[{"href":"https:\/\/medposnonwoven.com\/es\/wp-json\/wp\/v2\/product"}],"about":[{"href":"https:\/\/medposnonwoven.com\/es\/wp-json\/wp\/v2\/types\/product"}],"wp:featuredmedia":[{"embeddable":true,"href":"https:\/\/medposnonwoven.com\/es\/wp-json\/wp\/v2\/media\/2865"}],"wp:attachment":[{"href":"https:\/\/medposnonwoven.com\/es\/wp-json\/wp\/v2\/media?parent=3078"}],"wp:term":[{"taxonomy":"product_brand","embeddable":true,"href":"https:\/\/medposnonwoven.com\/es\/wp-json\/wp\/v2\/product_brand?post=3078"},{"taxonomy":"product_cat","embeddable":true,"href":"https:\/\/medposnonwoven.com\/es\/wp-json\/wp\/v2\/product_cat?post=3078"},{"taxonomy":"product_tag","embeddable":true,"href":"https:\/\/medposnonwoven.com\/es\/wp-json\/wp\/v2\/product_tag?post=3078"}],"curies":[{"name":"wp","href":"https:\/\/api.w.org\/{rel}","templated":true}]}}