{"id":3079,"date":"2023-01-18T09:08:43","date_gmt":"2023-01-18T09:08:43","guid":{"rendered":"https:\/\/medposnonwoven.com\/product\/pelicula-soplada\/"},"modified":"2023-04-10T08:44:11","modified_gmt":"2023-04-10T08:44:11","slug":"pelicula-soplada","status":"publish","type":"product","link":"https:\/\/medposnonwoven.com\/es\/producto\/pelicula-soplada\/","title":{"rendered":"Pel\u00edcula soplada"},"content":{"rendered":"<ul>\n<li>Las l\u00e1minas sopladas son las que se crean mediante el proceso de fabricaci\u00f3n de l\u00e1minas y tubos de pl\u00e1stico. Estas l\u00e1minas o tubos pueden ser completamente cil\u00edndricos, o se pueden introducir en ellos otros objetos para crear objetos \u00fatiles como bolsas de la compra, bolsas de basura o envoltorios.<br \/>\n<span id=\"inputElements~245e2695a63f9c78\" class=\"MuiTypography-root MuiTypography-inherit css-1uk1gs8\"><\/span><\/li>\n<li>Uno de los muchos m\u00e9todos utilizados para fabricar pol\u00edmeros es la extrusi\u00f3n de pel\u00edculas sopladas. Este proceso se utiliza para crear pel\u00edculas polim\u00e9ricas comunes y especializadas, como pel\u00edculas retr\u00e1ctiles, estirables, de barrera (utilizadas para proteger la charcuter\u00eda), envases para alimentos congelados y bolsas de la compra, que se utilizan con frecuencia en envases.<\/li>\n<li>Los pol\u00edmeros m\u00e1s populares para la extrusi\u00f3n de pel\u00edcula soplada son el polipropileno y el polietileno, aunque tambi\u00e9n existen otras variedades (LDPE, HDPE y LLDPE). Este proceso puede producir pel\u00edculas monocapa, as\u00ed como pel\u00edculas multicapa m\u00e1s complejas que mezclan muchos pl\u00e1sticos en una sola pel\u00edcula mediante coextrusi\u00f3n.<\/li>\n<\/ul>\n<p>&nbsp;<\/p>\n","protected":false},"excerpt":{"rendered":"<ul>\n<li>Nuestros films soplados ofrecen un alto rendimiento en impermeabilidad, suavidad, resistencia a la tracci\u00f3n y espesor uniforme.<\/li>\n<\/ul>\n<p><strong>Aplicaci\u00f3n<\/strong><\/p>\n<p>Films de envasado: film retr\u00e1ctil, film estirable, film para bolsas, revestimientos de envases y film laminado<\/p>\n<p>-Consumibles m\u00e9dicos: baberos dentales, fundas para soportes de mayonesa, etc.<\/p>\n<h4>Caracter\u00edsticas<\/h4>\n<p>Material: HDPE,LDPE, LLDPE<\/p>\n<p>Tama\u00f1o: 10-200 cm<\/p>\n<p>Color: Transparente, Azul, Verde<\/p>\n<p>Tipo:Extrusi\u00f3n por soplado<\/p>\n<p>Embalaje: Seg\u00fan pedido<\/p>\n<p>&nbsp;<\/p>\n","protected":false},"featured_media":2890,"template":"","meta":{"site-sidebar-layout":"default","site-content-layout":"default","ast-site-content-layout":"default","site-content-style":"default","site-sidebar-style":"default","ast-global-header-display":"","ast-banner-title-visibility":"","ast-main-header-display":"","ast-hfb-above-header-display":"","ast-hfb-below-header-display":"","ast-hfb-mobile-header-display":"","site-post-title":"","ast-breadcrumbs-content":"","ast-featured-img":"","footer-sml-layout":"","ast-disable-related-posts":"","theme-transparent-header-meta":"default","adv-header-id-meta":"","stick-header-meta":"","header-above-stick-meta":"","header-main-stick-meta":"","header-below-stick-meta":"","astra-migrate-meta-layouts":"default","ast-page-background-enabled":"default","ast-page-background-meta":{"desktop":{"background-color":"","background-image":"","background-repeat":"repeat","background-position":"center center","background-size":"auto","background-attachment":"scroll","background-type":"","background-media":"","overlay-type":"","overlay-color":"","overlay-opacity":"","overlay-gradient":""},"tablet":{"background-color":"","background-image":"","background-repeat":"repeat","background-position":"center center","background-size":"auto","background-attachment":"scroll","background-type":"","background-media":"","overlay-type":"","overlay-color":"","overlay-opacity":"","overlay-gradient":""},"mobile":{"background-color":"","background-image":"","background-repeat":"repeat","background-position":"center center","background-size":"auto","background-attachment":"scroll","background-type":"","background-media":"","overlay-type":"","overlay-color":"","overlay-opacity":"","overlay-gradient":""}},"ast-content-background-meta":{"desktop":{"background-color":"var(--ast-global-color-5)","background-image":"","background-repeat":"repeat","background-position":"center center","background-size":"auto","background-attachment":"scroll","background-type":"","background-media":"","overlay-type":"","overlay-color":"","overlay-opacity":"","overlay-gradient":""},"tablet":{"background-color":"var(--ast-global-color-5)","background-image":"","background-repeat":"repeat","background-position":"center center","background-size":"auto","background-attachment":"scroll","background-type":"","background-media":"","overlay-type":"","overlay-color":"","overlay-opacity":"","overlay-gradient":""},"mobile":{"background-color":"var(--ast-global-color-5)","background-image":"","background-repeat":"repeat","background-position":"center center","background-size":"auto","background-attachment":"scroll","background-type":"","background-media":"","overlay-type":"","overlay-color":"","overlay-opacity":"","overlay-gradient":""}}},"product_brand":[],"product_cat":[60],"product_tag":[],"class_list":{"0":"post-3079","1":"product","2":"type-product","3":"status-publish","4":"has-post-thumbnail","6":"product_cat-materiales-de-pelicula-de-pe","7":"desktop-align-center","8":"tablet-align-left","9":"mobile-align-left","11":"first","12":"instock","13":"shipping-taxable","14":"product-type-simple"},"_links":{"self":[{"href":"https:\/\/medposnonwoven.com\/es\/wp-json\/wp\/v2\/product\/3079","targetHints":{"allow":["GET"]}}],"collection":[{"href":"https:\/\/medposnonwoven.com\/es\/wp-json\/wp\/v2\/product"}],"about":[{"href":"https:\/\/medposnonwoven.com\/es\/wp-json\/wp\/v2\/types\/product"}],"wp:featuredmedia":[{"embeddable":true,"href":"https:\/\/medposnonwoven.com\/es\/wp-json\/wp\/v2\/media\/2890"}],"wp:attachment":[{"href":"https:\/\/medposnonwoven.com\/es\/wp-json\/wp\/v2\/media?parent=3079"}],"wp:term":[{"taxonomy":"product_brand","embeddable":true,"href":"https:\/\/medposnonwoven.com\/es\/wp-json\/wp\/v2\/product_brand?post=3079"},{"taxonomy":"product_cat","embeddable":true,"href":"https:\/\/medposnonwoven.com\/es\/wp-json\/wp\/v2\/product_cat?post=3079"},{"taxonomy":"product_tag","embeddable":true,"href":"https:\/\/medposnonwoven.com\/es\/wp-json\/wp\/v2\/product_tag?post=3079"}],"curies":[{"name":"wp","href":"https:\/\/api.w.org\/{rel}","templated":true}]}}