{"id":3080,"date":"2023-01-18T05:17:09","date_gmt":"2023-01-18T05:17:09","guid":{"rendered":"https:\/\/medposnonwoven.com\/product\/film-de-plastico-transpirable\/"},"modified":"2023-04-10T08:48:26","modified_gmt":"2023-04-10T08:48:26","slug":"film-de-plastico-transpirable","status":"publish","type":"product","link":"https:\/\/medposnonwoven.com\/es\/producto\/film-de-plastico-transpirable\/","title":{"rendered":"Film de pl\u00e1stico transpirable"},"content":{"rendered":"<ul>\n<li><span id=\"inputElements~fe3dfdac5d3e091d\" class=\"MuiTypography-root MuiTypography-inherit css-1uk1gs8\">Las pel\u00edculas transpirables se generan por fundici\u00f3n o soplado, seguido de estirado. El carbonato c\u00e1lcico provoca la creaci\u00f3n de cavidades uniformes, que proporcionan caracter\u00edsticas de membrana. Estas l\u00e1minas ofrecen una alternativa econ\u00f3mica para el control de la humedad en diversas aplicaciones, como las s\u00e1banas traseras de los pa\u00f1ales infantiles, la higiene femenina, la incontinencia de adultos, los tejados, las envolturas dom\u00e9sticas y las batas quir\u00fargicas.<\/span><span id=\"inputElements~245e2695a63f9c78\" class=\"MuiTypography-root MuiTypography-inherit css-1uk1gs8\"><\/span><\/li>\n<li>Para medir la cantidad de vapor que puede atravesar una pel\u00edcula, se mide el \u00edndice de transmisi\u00f3n de vapor de agua. Las mol\u00e9culas que componen las pel\u00edculas polim\u00e9ricas est\u00e1n dispuestas en largas cadenas tridimensionales. La permeabilidad de esta matriz disminuye a medida que aumenta su densidad en una pel\u00edcula. Los pol\u00edmeros acr\u00edlicos de nuestras formulaciones crean una matriz menos gruesa que permite que el agua vaporizada penetre en la pel\u00edcula, pero no el agua l\u00edquida.<\/li>\n<\/ul>\n<p>&nbsp;<\/p>\n","protected":false},"excerpt":{"rendered":"<ul>\n<li>Las pel\u00edculas transpirables son pel\u00edculas finas, microporosas o monol\u00edticas, impermeables a los l\u00edquidos (agua\/sangre) pero permeables a los gases (vapores de agua). Nuestras l\u00e1minas son impermeables, suaves, resistentes a la tracci\u00f3n y tienen un grosor uniforme.<\/li>\n<\/ul>\n<p><strong>Aplicaci\u00f3n<\/strong><\/p>\n<p>-Productos de higiene: Pel\u00edcula protectora de pa\u00f1ales para beb\u00e9s, pa\u00f1ales para adultos y compresas.<\/p>\n<p>-Productos sanitarios: bata protectora, bata quir\u00fargica, pa\u00f1os m\u00e9dicos, monos desechables, s\u00e1banas.<\/p>\n<h4>Caracter\u00edsticas<\/h4>\n<p>Material: Polietileno y <span id=\"inputElements~fe3dfdac5d3e091d\" class=\"MuiTypography-root MuiTypography-inherit css-1uk1gs8\">carbonato c\u00e1lcico<\/span><\/p>\n<p>Tama\u00f1o: 10-200 cm<\/p>\n<p>Color: Azul, Verde, Lechoso o Personalizado<\/p>\n<p>Tipo:L\u00e1minas de reverso<\/p>\n<p>Embalaje: Seg\u00fan pedido<\/p>\n<p>&nbsp;<\/p>\n","protected":false},"featured_media":2888,"template":"","meta":{"site-sidebar-layout":"default","site-content-layout":"default","ast-site-content-layout":"default","site-content-style":"default","site-sidebar-style":"default","ast-global-header-display":"","ast-banner-title-visibility":"","ast-main-header-display":"","ast-hfb-above-header-display":"","ast-hfb-below-header-display":"","ast-hfb-mobile-header-display":"","site-post-title":"","ast-breadcrumbs-content":"","ast-featured-img":"","footer-sml-layout":"","ast-disable-related-posts":"","theme-transparent-header-meta":"default","adv-header-id-meta":"","stick-header-meta":"","header-above-stick-meta":"","header-main-stick-meta":"","header-below-stick-meta":"","astra-migrate-meta-layouts":"default","ast-page-background-enabled":"default","ast-page-background-meta":{"desktop":{"background-color":"","background-image":"","background-repeat":"repeat","background-position":"center center","background-size":"auto","background-attachment":"scroll","background-type":"","background-media":"","overlay-type":"","overlay-color":"","overlay-opacity":"","overlay-gradient":""},"tablet":{"background-color":"","background-image":"","background-repeat":"repeat","background-position":"center center","background-size":"auto","background-attachment":"scroll","background-type":"","background-media":"","overlay-type":"","overlay-color":"","overlay-opacity":"","overlay-gradient":""},"mobile":{"background-color":"","background-image":"","background-repeat":"repeat","background-position":"center center","background-size":"auto","background-attachment":"scroll","background-type":"","background-media":"","overlay-type":"","overlay-color":"","overlay-opacity":"","overlay-gradient":""}},"ast-content-background-meta":{"desktop":{"background-color":"var(--ast-global-color-5)","background-image":"","background-repeat":"repeat","background-position":"center center","background-size":"auto","background-attachment":"scroll","background-type":"","background-media":"","overlay-type":"","overlay-color":"","overlay-opacity":"","overlay-gradient":""},"tablet":{"background-color":"var(--ast-global-color-5)","background-image":"","background-repeat":"repeat","background-position":"center center","background-size":"auto","background-attachment":"scroll","background-type":"","background-media":"","overlay-type":"","overlay-color":"","overlay-opacity":"","overlay-gradient":""},"mobile":{"background-color":"var(--ast-global-color-5)","background-image":"","background-repeat":"repeat","background-position":"center center","background-size":"auto","background-attachment":"scroll","background-type":"","background-media":"","overlay-type":"","overlay-color":"","overlay-opacity":"","overlay-gradient":""}}},"product_brand":[],"product_cat":[60],"product_tag":[],"class_list":{"0":"post-3080","1":"product","2":"type-product","3":"status-publish","4":"has-post-thumbnail","6":"product_cat-materiales-de-pelicula-de-pe","7":"desktop-align-center","8":"tablet-align-left","9":"mobile-align-left","11":"first","12":"instock","13":"shipping-taxable","14":"product-type-simple"},"_links":{"self":[{"href":"https:\/\/medposnonwoven.com\/es\/wp-json\/wp\/v2\/product\/3080","targetHints":{"allow":["GET"]}}],"collection":[{"href":"https:\/\/medposnonwoven.com\/es\/wp-json\/wp\/v2\/product"}],"about":[{"href":"https:\/\/medposnonwoven.com\/es\/wp-json\/wp\/v2\/types\/product"}],"wp:featuredmedia":[{"embeddable":true,"href":"https:\/\/medposnonwoven.com\/es\/wp-json\/wp\/v2\/media\/2888"}],"wp:attachment":[{"href":"https:\/\/medposnonwoven.com\/es\/wp-json\/wp\/v2\/media?parent=3080"}],"wp:term":[{"taxonomy":"product_brand","embeddable":true,"href":"https:\/\/medposnonwoven.com\/es\/wp-json\/wp\/v2\/product_brand?post=3080"},{"taxonomy":"product_cat","embeddable":true,"href":"https:\/\/medposnonwoven.com\/es\/wp-json\/wp\/v2\/product_cat?post=3080"},{"taxonomy":"product_tag","embeddable":true,"href":"https:\/\/medposnonwoven.com\/es\/wp-json\/wp\/v2\/product_tag?post=3080"}],"curies":[{"name":"wp","href":"https:\/\/api.w.org\/{rel}","templated":true}]}}