{"id":3081,"date":"2023-01-17T15:23:55","date_gmt":"2023-01-17T15:23:55","guid":{"rendered":"https:\/\/medposnonwoven.com\/product\/campo-quirurgico-lateral-adhesivo\/"},"modified":"2023-04-10T09:05:43","modified_gmt":"2023-04-10T09:05:43","slug":"campo-quirurgico-lateral-adhesivo","status":"publish","type":"product","link":"https:\/\/medposnonwoven.com\/es\/producto\/campo-quirurgico-lateral-adhesivo\/","title":{"rendered":"Campo quir\u00fargico lateral adhesivo"},"content":{"rendered":"<ul>\n<li>La hoja lateral quir\u00fargica incluye una hoja principal y un adhesivo de doble cara, en el que el adhesivo de doble cara est\u00e1 situado en el borde de la hoja principal. El adhesivo de doble cara incluye una capa de gel y un papel antiadherente, la capa de gel se coloca en un borde de la hoja principal, el papel antiadherente se coloca encima de la capa de gel, el papel antiadherente se alinea con la capa de gel a lo largo del borde de la hoja principal, la capa de gel se adhiere a la hoja principal por un lado y al papel antiadherente por el otro. Suele utilizarse para cubrir la zona no operada durante la cirug\u00eda para controlar las infecciones.<\/li>\n<li>Caracter\u00edsticas de las hojas laterales quir\u00fargicas.1. El adhesivo de doble cara puede fijar la tela no tejida m\u00e9dica y la piel humana.2. la capacidad de absorci\u00f3n de fluidos, que puede absorber r\u00e1pidamente la sangre y los fluidos corporales producidos durante la cirug\u00eda, evitando infecciones cruzadas en el cuerpo del paciente.\n<p>3. pelado f\u00e1cil y completo de la hoja de liberaci\u00f3n, ahorrando el tiempo de preparaci\u00f3n para la cirug\u00eda.<\/li>\n<\/ul>\n<p>&nbsp;<\/p>\n<p>&nbsp;<\/p>\n","protected":false},"excerpt":{"rendered":"<ul>\n<li>Estos pa\u00f1os adhesivos est\u00e9riles se utilizan con frecuencia en diversas operaciones. Es muy permeable al aire, lo que permite que la piel respire libremente. Adem\u00e1s, este pa\u00f1o est\u00e9ril desechable es asequible, limpio y lo suficientemente fuerte como para resistir desgarros y roturas. Por tanto, posee excelentes cualidades de confort, as\u00ed como una muy buena resistencia a la humedad.<\/li>\n<\/ul>\n<h4>Caracter\u00edsticas<\/h4>\n<p>Material: SMS,SSMMS,SMMMS, PE+SMS,PE+PP hidr\u00f3filo, PE+Viscosa<\/p>\n<p>Tama\u00f1o: 45*50cm, 75*75cm o personalizado<\/p>\n<p>Color: Azul,Verde<\/p>\n<p>Tipo: Consumibles quir\u00fargicos<\/p>\n<p>Embalaje: 1 unidad\/paquete, 10 unidades\/caja<\/p>\n<p>&nbsp;<\/p>\n<p>&nbsp;<\/p>\n","protected":false},"featured_media":2875,"template":"","meta":{"site-sidebar-layout":"default","site-content-layout":"default","ast-site-content-layout":"default","site-content-style":"default","site-sidebar-style":"default","ast-global-header-display":"","ast-banner-title-visibility":"","ast-main-header-display":"","ast-hfb-above-header-display":"","ast-hfb-below-header-display":"","ast-hfb-mobile-header-display":"","site-post-title":"","ast-breadcrumbs-content":"","ast-featured-img":"","footer-sml-layout":"","ast-disable-related-posts":"","theme-transparent-header-meta":"default","adv-header-id-meta":"","stick-header-meta":"","header-above-stick-meta":"","header-main-stick-meta":"","header-below-stick-meta":"","astra-migrate-meta-layouts":"default","ast-page-background-enabled":"default","ast-page-background-meta":{"desktop":{"background-color":"","background-image":"","background-repeat":"repeat","background-position":"center center","background-size":"auto","background-attachment":"scroll","background-type":"","background-media":"","overlay-type":"","overlay-color":"","overlay-opacity":"","overlay-gradient":""},"tablet":{"background-color":"","background-image":"","background-repeat":"repeat","background-position":"center center","background-size":"auto","background-attachment":"scroll","background-type":"","background-media":"","overlay-type":"","overlay-color":"","overlay-opacity":"","overlay-gradient":""},"mobile":{"background-color":"","background-image":"","background-repeat":"repeat","background-position":"center center","background-size":"auto","background-attachment":"scroll","background-type":"","background-media":"","overlay-type":"","overlay-color":"","overlay-opacity":"","overlay-gradient":""}},"ast-content-background-meta":{"desktop":{"background-color":"var(--ast-global-color-5)","background-image":"","background-repeat":"repeat","background-position":"center center","background-size":"auto","background-attachment":"scroll","background-type":"","background-media":"","overlay-type":"","overlay-color":"","overlay-opacity":"","overlay-gradient":""},"tablet":{"background-color":"var(--ast-global-color-5)","background-image":"","background-repeat":"repeat","background-position":"center center","background-size":"auto","background-attachment":"scroll","background-type":"","background-media":"","overlay-type":"","overlay-color":"","overlay-opacity":"","overlay-gradient":""},"mobile":{"background-color":"var(--ast-global-color-5)","background-image":"","background-repeat":"repeat","background-position":"center center","background-size":"auto","background-attachment":"scroll","background-type":"","background-media":"","overlay-type":"","overlay-color":"","overlay-opacity":"","overlay-gradient":""}}},"product_brand":[],"product_cat":[59],"product_tag":[],"class_list":{"0":"post-3081","1":"product","2":"type-product","3":"status-publish","4":"has-post-thumbnail","6":"product_cat-batas-y-panos-quirurgicos","7":"desktop-align-center","8":"tablet-align-left","9":"mobile-align-left","11":"first","12":"instock","13":"shipping-taxable","14":"product-type-simple"},"_links":{"self":[{"href":"https:\/\/medposnonwoven.com\/es\/wp-json\/wp\/v2\/product\/3081","targetHints":{"allow":["GET"]}}],"collection":[{"href":"https:\/\/medposnonwoven.com\/es\/wp-json\/wp\/v2\/product"}],"about":[{"href":"https:\/\/medposnonwoven.com\/es\/wp-json\/wp\/v2\/types\/product"}],"wp:featuredmedia":[{"embeddable":true,"href":"https:\/\/medposnonwoven.com\/es\/wp-json\/wp\/v2\/media\/2875"}],"wp:attachment":[{"href":"https:\/\/medposnonwoven.com\/es\/wp-json\/wp\/v2\/media?parent=3081"}],"wp:term":[{"taxonomy":"product_brand","embeddable":true,"href":"https:\/\/medposnonwoven.com\/es\/wp-json\/wp\/v2\/product_brand?post=3081"},{"taxonomy":"product_cat","embeddable":true,"href":"https:\/\/medposnonwoven.com\/es\/wp-json\/wp\/v2\/product_cat?post=3081"},{"taxonomy":"product_tag","embeddable":true,"href":"https:\/\/medposnonwoven.com\/es\/wp-json\/wp\/v2\/product_tag?post=3081"}],"curies":[{"name":"wp","href":"https:\/\/api.w.org\/{rel}","templated":true}]}}