{"id":3082,"date":"2023-01-18T04:15:05","date_gmt":"2023-01-18T04:15:05","guid":{"rendered":"https:\/\/medposnonwoven.com\/product\/film-de-extrusion-de-pe\/"},"modified":"2023-04-10T08:56:09","modified_gmt":"2023-04-10T08:56:09","slug":"film-de-extrusion-de-pe","status":"publish","type":"product","link":"https:\/\/medposnonwoven.com\/es\/producto\/film-de-extrusion-de-pe\/","title":{"rendered":"Film de extrusi\u00f3n de PE"},"content":{"rendered":"<ul>\n<li>La pel\u00edcula de pl\u00e1stico moldeado utiliza el m\u00e9todo de coextrusi\u00f3n, que consiste en la extrusi\u00f3n simult\u00e1nea de dos o m\u00e1s materiales a partir de una sola matriz para crear una pel\u00edcula multicapa. Esto se debe al hecho de que con frecuencia se requiere un rendimiento para la aplicaci\u00f3n final de la pel\u00edcula de pl\u00e1stico, que no puede cumplirse si la pel\u00edcula est\u00e1 hecha de una sola sustancia.<\/li>\n<li>A diferencia del m\u00e9todo de film soplado, el film mediante extrusi\u00f3n cast es extremadamente eficaz. Esto permite aumentar la velocidad de la l\u00ednea de producci\u00f3n, lo que se traduce en mayores \u00edndices de producci\u00f3n con caracter\u00edsticas \u00f3pticas mejoradas. El grado de estirado y alineaci\u00f3n en el proceso de pel\u00edcula fundida es sustancialmente menor que en el proceso de pel\u00edcula soplada.<\/li>\n<li>El pol\u00edmero fundido se extruye a trav\u00e9s de un mecanismo de matriz plana para formar la pel\u00edcula plana final en el proceso de extrusi\u00f3n de pel\u00edcula fundida. El sistema de troquelado est\u00e1 formado por el troquel y el bloque de alimentaci\u00f3n (si se requiere coextrusi\u00f3n) o s\u00f3lo el troquel si se utiliza extrusi\u00f3n monocapa.<\/li>\n<\/ul>\n<p>&nbsp;<\/p>\n","protected":false},"excerpt":{"rendered":"<ul>\n<li>Fabricadas con material de polietileno 100% virgen, las l\u00e1minas de CPE y TPE tambi\u00e9n pueden fabricarse mediante el m\u00e9todo de extrusi\u00f3n por fundici\u00f3n. Nuestras l\u00e1minas son muy resistentes al agua, suaves, resistentes a la tracci\u00f3n y tienen un grosor uniforme.<\/li>\n<\/ul>\n<p><strong>Aplicaci\u00f3n<\/strong><\/p>\n<p>-Productos de higiene: Pel\u00edcula protectora de pa\u00f1ales para beb\u00e9s, pa\u00f1ales para adultos, compresas higi\u00e9nicas y compresas interiores.<\/p>\n<p>-Productos cotidianos: guantes, cubrezapatos, gorros, manteles, delantales, s\u00e1banas, etc.<\/p>\n<p>-Productos sanitarios: batas de protecci\u00f3n, batas quir\u00fargicas, batas de aislamiento, pa\u00f1os m\u00e9dicos, monos desechables<\/p>\n<h4>Caracter\u00edsticas<\/h4>\n<p>Material: Polietileno PE<\/p>\n<p>Tama\u00f1o: 10-200 cm<\/p>\n<p>Color: Azul, Verde, Lechoso o Personalizado<\/p>\n<p>Tipo: Superficie lisa o en relieve<\/p>\n<p>Embalaje: Seg\u00fan pedido<\/p>\n<p>&nbsp;<\/p>\n","protected":false},"featured_media":2884,"template":"","meta":{"site-sidebar-layout":"default","site-content-layout":"default","ast-site-content-layout":"default","site-content-style":"default","site-sidebar-style":"default","ast-global-header-display":"","ast-banner-title-visibility":"","ast-main-header-display":"","ast-hfb-above-header-display":"","ast-hfb-below-header-display":"","ast-hfb-mobile-header-display":"","site-post-title":"","ast-breadcrumbs-content":"","ast-featured-img":"","footer-sml-layout":"","ast-disable-related-posts":"","theme-transparent-header-meta":"default","adv-header-id-meta":"","stick-header-meta":"","header-above-stick-meta":"","header-main-stick-meta":"","header-below-stick-meta":"","astra-migrate-meta-layouts":"default","ast-page-background-enabled":"default","ast-page-background-meta":{"desktop":{"background-color":"","background-image":"","background-repeat":"repeat","background-position":"center center","background-size":"auto","background-attachment":"scroll","background-type":"","background-media":"","overlay-type":"","overlay-color":"","overlay-opacity":"","overlay-gradient":""},"tablet":{"background-color":"","background-image":"","background-repeat":"repeat","background-position":"center center","background-size":"auto","background-attachment":"scroll","background-type":"","background-media":"","overlay-type":"","overlay-color":"","overlay-opacity":"","overlay-gradient":""},"mobile":{"background-color":"","background-image":"","background-repeat":"repeat","background-position":"center center","background-size":"auto","background-attachment":"scroll","background-type":"","background-media":"","overlay-type":"","overlay-color":"","overlay-opacity":"","overlay-gradient":""}},"ast-content-background-meta":{"desktop":{"background-color":"var(--ast-global-color-5)","background-image":"","background-repeat":"repeat","background-position":"center center","background-size":"auto","background-attachment":"scroll","background-type":"","background-media":"","overlay-type":"","overlay-color":"","overlay-opacity":"","overlay-gradient":""},"tablet":{"background-color":"var(--ast-global-color-5)","background-image":"","background-repeat":"repeat","background-position":"center center","background-size":"auto","background-attachment":"scroll","background-type":"","background-media":"","overlay-type":"","overlay-color":"","overlay-opacity":"","overlay-gradient":""},"mobile":{"background-color":"var(--ast-global-color-5)","background-image":"","background-repeat":"repeat","background-position":"center center","background-size":"auto","background-attachment":"scroll","background-type":"","background-media":"","overlay-type":"","overlay-color":"","overlay-opacity":"","overlay-gradient":""}}},"product_brand":[],"product_cat":[60],"product_tag":[],"class_list":{"0":"post-3082","1":"product","2":"type-product","3":"status-publish","4":"has-post-thumbnail","6":"product_cat-materiales-de-pelicula-de-pe","7":"desktop-align-center","8":"tablet-align-left","9":"mobile-align-left","11":"first","12":"instock","13":"shipping-taxable","14":"product-type-simple"},"_links":{"self":[{"href":"https:\/\/medposnonwoven.com\/es\/wp-json\/wp\/v2\/product\/3082","targetHints":{"allow":["GET"]}}],"collection":[{"href":"https:\/\/medposnonwoven.com\/es\/wp-json\/wp\/v2\/product"}],"about":[{"href":"https:\/\/medposnonwoven.com\/es\/wp-json\/wp\/v2\/types\/product"}],"wp:featuredmedia":[{"embeddable":true,"href":"https:\/\/medposnonwoven.com\/es\/wp-json\/wp\/v2\/media\/2884"}],"wp:attachment":[{"href":"https:\/\/medposnonwoven.com\/es\/wp-json\/wp\/v2\/media?parent=3082"}],"wp:term":[{"taxonomy":"product_brand","embeddable":true,"href":"https:\/\/medposnonwoven.com\/es\/wp-json\/wp\/v2\/product_brand?post=3082"},{"taxonomy":"product_cat","embeddable":true,"href":"https:\/\/medposnonwoven.com\/es\/wp-json\/wp\/v2\/product_cat?post=3082"},{"taxonomy":"product_tag","embeddable":true,"href":"https:\/\/medposnonwoven.com\/es\/wp-json\/wp\/v2\/product_tag?post=3082"}],"curies":[{"name":"wp","href":"https:\/\/api.w.org\/{rel}","templated":true}]}}