{"id":3083,"date":"2023-01-17T15:08:04","date_gmt":"2023-01-17T15:08:04","guid":{"rendered":"https:\/\/medposnonwoven.com\/product\/bata-quirurgica-reforzada\/"},"modified":"2023-04-10T09:06:12","modified_gmt":"2023-04-10T09:06:12","slug":"bata-quirurgica-reforzada","status":"publish","type":"product","link":"https:\/\/medposnonwoven.com\/es\/producto\/bata-quirurgica-reforzada\/","title":{"rendered":"Bata quir\u00fargica reforzada"},"content":{"rendered":"<ul>\n<li>La bata quir\u00fargica reforzada desechable es una prenda protectora necesaria en las intervenciones quir\u00fargicas para reducir el riesgo de contacto entre el personal m\u00e9dico y los microorganismos pat\u00f3genos y tambi\u00e9n para reducir el riesgo de transmisi\u00f3n de microorganismos pat\u00f3genos entre el personal m\u00e9dico y los pacientes, garantizando la seguridad de la operaci\u00f3n. La pieza de refuerzo incorporada, cosida tanto al pecho como a los pu\u00f1os en el reverso de la bata, aumenta sus propiedades de bloqueo de g\u00e9rmenes y mejora la resistencia a la sangre y al alcohol.<\/li>\n<li>Utilizando la \u00faltima tecnolog\u00eda de tejidos SMS, la bata quir\u00fargica ofrece una suavidad excepcional en t\u00e9rminos de ligereza y transpirabilidad. La interfaz termosellada por ultrasonidos, sin agujeros en la interfaz, est\u00e1 magn\u00edficamente elaborada para proporcionar un eficaz efecto barrera.<\/li>\n<\/ul>\n<p>&nbsp;<\/p>\n<p>&nbsp;<\/p>\n","protected":false},"excerpt":{"rendered":"<ul>\n<li>Estas batas quir\u00fargicas reforzadas son m\u00e1s fiables y tienen un mayor rendimiento en la prevenci\u00f3n de la penetraci\u00f3n de sangre y bacterias, en comparaci\u00f3n con las batas quir\u00fargicas est\u00e1ndar.<\/li>\n<li>Ampliamente utilizado para los cirujanos desgaste durante la cirug\u00eda hospitalaria, el tratamiento de los pacientes. cualquier lugar donde se necesite protecci\u00f3n contra la sangre, las bacterias y los virus.<\/li>\n<\/ul>\n<h4>Caracter\u00edsticas<\/h4>\n<p>Material: Polipropileno SMS\/SMMS\/SSMMS<\/p>\n<p>Tama\u00f1o: 120&#215;140 cm, 130&#215;150 cm o personalizado<\/p>\n<p>Color: Azul,Verde<\/p>\n<p>Tipo: Con atadura o velcro. Envase no est\u00e9ril o est\u00e9ril<\/p>\n<p>Embalaje: 1 unidad\/bolsa, 100 bolsas\/caja<\/p>\n<p>&nbsp;<\/p>\n<p>&nbsp;<\/p>\n","protected":false},"featured_media":2874,"template":"","meta":{"site-sidebar-layout":"default","site-content-layout":"default","ast-site-content-layout":"default","site-content-style":"default","site-sidebar-style":"default","ast-global-header-display":"","ast-banner-title-visibility":"","ast-main-header-display":"","ast-hfb-above-header-display":"","ast-hfb-below-header-display":"","ast-hfb-mobile-header-display":"","site-post-title":"","ast-breadcrumbs-content":"","ast-featured-img":"","footer-sml-layout":"","ast-disable-related-posts":"","theme-transparent-header-meta":"default","adv-header-id-meta":"","stick-header-meta":"","header-above-stick-meta":"","header-main-stick-meta":"","header-below-stick-meta":"","astra-migrate-meta-layouts":"default","ast-page-background-enabled":"default","ast-page-background-meta":{"desktop":{"background-color":"","background-image":"","background-repeat":"repeat","background-position":"center center","background-size":"auto","background-attachment":"scroll","background-type":"","background-media":"","overlay-type":"","overlay-color":"","overlay-opacity":"","overlay-gradient":""},"tablet":{"background-color":"","background-image":"","background-repeat":"repeat","background-position":"center center","background-size":"auto","background-attachment":"scroll","background-type":"","background-media":"","overlay-type":"","overlay-color":"","overlay-opacity":"","overlay-gradient":""},"mobile":{"background-color":"","background-image":"","background-repeat":"repeat","background-position":"center center","background-size":"auto","background-attachment":"scroll","background-type":"","background-media":"","overlay-type":"","overlay-color":"","overlay-opacity":"","overlay-gradient":""}},"ast-content-background-meta":{"desktop":{"background-color":"var(--ast-global-color-5)","background-image":"","background-repeat":"repeat","background-position":"center center","background-size":"auto","background-attachment":"scroll","background-type":"","background-media":"","overlay-type":"","overlay-color":"","overlay-opacity":"","overlay-gradient":""},"tablet":{"background-color":"var(--ast-global-color-5)","background-image":"","background-repeat":"repeat","background-position":"center center","background-size":"auto","background-attachment":"scroll","background-type":"","background-media":"","overlay-type":"","overlay-color":"","overlay-opacity":"","overlay-gradient":""},"mobile":{"background-color":"var(--ast-global-color-5)","background-image":"","background-repeat":"repeat","background-position":"center center","background-size":"auto","background-attachment":"scroll","background-type":"","background-media":"","overlay-type":"","overlay-color":"","overlay-opacity":"","overlay-gradient":""}}},"product_brand":[],"product_cat":[59],"product_tag":[],"class_list":{"0":"post-3083","1":"product","2":"type-product","3":"status-publish","4":"has-post-thumbnail","6":"product_cat-batas-y-panos-quirurgicos","7":"desktop-align-center","8":"tablet-align-left","9":"mobile-align-left","11":"first","12":"instock","13":"shipping-taxable","14":"product-type-simple"},"_links":{"self":[{"href":"https:\/\/medposnonwoven.com\/es\/wp-json\/wp\/v2\/product\/3083","targetHints":{"allow":["GET"]}}],"collection":[{"href":"https:\/\/medposnonwoven.com\/es\/wp-json\/wp\/v2\/product"}],"about":[{"href":"https:\/\/medposnonwoven.com\/es\/wp-json\/wp\/v2\/types\/product"}],"wp:featuredmedia":[{"embeddable":true,"href":"https:\/\/medposnonwoven.com\/es\/wp-json\/wp\/v2\/media\/2874"}],"wp:attachment":[{"href":"https:\/\/medposnonwoven.com\/es\/wp-json\/wp\/v2\/media?parent=3083"}],"wp:term":[{"taxonomy":"product_brand","embeddable":true,"href":"https:\/\/medposnonwoven.com\/es\/wp-json\/wp\/v2\/product_brand?post=3083"},{"taxonomy":"product_cat","embeddable":true,"href":"https:\/\/medposnonwoven.com\/es\/wp-json\/wp\/v2\/product_cat?post=3083"},{"taxonomy":"product_tag","embeddable":true,"href":"https:\/\/medposnonwoven.com\/es\/wp-json\/wp\/v2\/product_tag?post=3083"}],"curies":[{"name":"wp","href":"https:\/\/api.w.org\/{rel}","templated":true}]}}