{"id":3085,"date":"2023-01-16T16:12:08","date_gmt":"2023-01-16T16:12:08","guid":{"rendered":"https:\/\/medposnonwoven.com\/product\/kimono-desechable\/"},"modified":"2023-04-10T09:18:03","modified_gmt":"2023-04-10T09:18:03","slug":"kimono-desechable","status":"publish","type":"product","link":"https:\/\/medposnonwoven.com\/es\/producto\/kimono-desechable\/","title":{"rendered":"Kimono desechable"},"content":{"rendered":"<ul>\n<li>Quienes busquen un atuendo moderno y acogedor pueden optar por los kimonos desechables. Tienen un ajuste agradable, ya que est\u00e1n compuestos de materiales ligeros e impermeables, como las telas no tejidas. La facilidad con que los kimonos desechables pueden tirarse tras su uso los convierte en una opci\u00f3n fant\u00e1stica para hoteles, balnearios y salones de belleza. Tambi\u00e9n pueden utilizarse para dar m\u00e1s calor y cobertura en otros lugares, como las consultas m\u00e9dicas. Los kimonos que pueden usarse una vez y luego tirarse son una soluci\u00f3n pr\u00e1ctica e higi\u00e9nica. Son una opci\u00f3n estupenda para las personas que buscan una opci\u00f3n barata y pr\u00e1ctica, ya que tambi\u00e9n son econ\u00f3micas y f\u00e1ciles de almacenar. Adem\u00e1s, <span data-offset-key=\"1c4j5-702-0\">desechable<\/span><span data-offset-key=\"1c4j5-703-0\"> k<\/span><span data-offset-key=\"1c4j5-704-0\">imon<\/span><span data-offset-key=\"1c4j5-705-0\">os<\/span><span data-offset-key=\"1c4j5-706-0\"> son<\/span><span data-offset-key=\"1c4j5-707-0\"> a<\/span><span data-offset-key=\"1c4j5-708-0\"> gran<\/span><span data-offset-key=\"1c4j5-709-0\"> camino<\/span><span data-offset-key=\"1c4j5-710-0\"> a<\/span><span data-offset-key=\"1c4j5-711-0\"> garantizar<\/span><span data-offset-key=\"1c4j5-712-0\"> que<\/span><span data-offset-key=\"1c4j5-713-0\"> cada<\/span><span data-offset-key=\"1c4j5-714-0\"> cliente<\/span><span data-offset-key=\"1c4j5-715-0\"> es<\/span><span data-offset-key=\"1c4j5-716-0\"> proporcionado<\/span><span data-offset-key=\"1c4j5-717-0\"> con<\/span><span data-offset-key=\"1c4j5-718-0\"> a<\/span><span data-offset-key=\"1c4j5-719-0\"> fresco<\/span><span data-offset-key=\"1c4j5-720-0\">,<\/span><span data-offset-key=\"1c4j5-721-0\"> limpiar<\/span><span data-offset-key=\"1c4j5-722-0\"> prenda<\/span><span data-offset-key=\"1c4j5-723-0\"> despu\u00e9s de<\/span><span data-offset-key=\"1c4j5-724-0\"> cada<\/span><span data-offset-key=\"1c4j5-725-0\"> utilice<\/span><span data-offset-key=\"1c4j5-726-0\">.<\/span><\/li>\n<li>El tejido no tejido ligero y de alta calidad utilizado para fabricar esta bata de spa desechable ofrece durabilidad y un uso prolongado. Esta cuerda es c\u00f3moda al tacto y se seca r\u00e1pidamente. Su tama\u00f1o vers\u00e1til se adaptar\u00e1 a las necesidades de la mayor\u00eda de las personas; es acogedora pero eficaz como toalla para su sesi\u00f3n de SPA o despu\u00e9s de ir al ba\u00f1o, cuando desea tener buen aspecto pero tambi\u00e9n sentirse c\u00f3modo.<\/li>\n<\/ul>\n<p>&nbsp;<\/p>\n","protected":false},"excerpt":{"rendered":"<ul>\n<li>Suave al tacto, c\u00f3moda y libre de alergias cut\u00e1neas; fabricada con tejido no tejido. Llevar este kimono har\u00e1 que incluso las personas de piel delicada se sientan aliviadas y suaves.<\/li>\n<li>Ampliamente utilizado en SPA, gimnasio, piscina, sauna, viajes y otros momentos de ocio.<\/li>\n<\/ul>\n<h4>Caracter\u00edsticas<\/h4>\n<p>Material: Polipropileno Spunbond<\/p>\n<p>Talla: S,M,L<\/p>\n<p>Color: Negro, Blanco, Azul oscuro<\/p>\n<p>Tipo:Con cintur\u00f3n para atar<\/p>\n<p>Embalaje: 1 unidad\/paquete, 10 paquetes\/bolsa, 10 bolsas\/cart\u00f3n<\/p>\n<p>&nbsp;<\/p>\n<p>&nbsp;<\/p>\n","protected":false},"featured_media":2862,"template":"","meta":{"site-sidebar-layout":"default","site-content-layout":"default","ast-site-content-layout":"default","site-content-style":"default","site-sidebar-style":"default","ast-global-header-display":"","ast-banner-title-visibility":"","ast-main-header-display":"","ast-hfb-above-header-display":"","ast-hfb-below-header-display":"","ast-hfb-mobile-header-display":"","site-post-title":"","ast-breadcrumbs-content":"","ast-featured-img":"","footer-sml-layout":"","ast-disable-related-posts":"","theme-transparent-header-meta":"default","adv-header-id-meta":"","stick-header-meta":"","header-above-stick-meta":"","header-main-stick-meta":"","header-below-stick-meta":"","astra-migrate-meta-layouts":"default","ast-page-background-enabled":"default","ast-page-background-meta":{"desktop":{"background-color":"","background-image":"","background-repeat":"repeat","background-position":"center center","background-size":"auto","background-attachment":"scroll","background-type":"","background-media":"","overlay-type":"","overlay-color":"","overlay-opacity":"","overlay-gradient":""},"tablet":{"background-color":"","background-image":"","background-repeat":"repeat","background-position":"center center","background-size":"auto","background-attachment":"scroll","background-type":"","background-media":"","overlay-type":"","overlay-color":"","overlay-opacity":"","overlay-gradient":""},"mobile":{"background-color":"","background-image":"","background-repeat":"repeat","background-position":"center center","background-size":"auto","background-attachment":"scroll","background-type":"","background-media":"","overlay-type":"","overlay-color":"","overlay-opacity":"","overlay-gradient":""}},"ast-content-background-meta":{"desktop":{"background-color":"var(--ast-global-color-5)","background-image":"","background-repeat":"repeat","background-position":"center center","background-size":"auto","background-attachment":"scroll","background-type":"","background-media":"","overlay-type":"","overlay-color":"","overlay-opacity":"","overlay-gradient":""},"tablet":{"background-color":"var(--ast-global-color-5)","background-image":"","background-repeat":"repeat","background-position":"center center","background-size":"auto","background-attachment":"scroll","background-type":"","background-media":"","overlay-type":"","overlay-color":"","overlay-opacity":"","overlay-gradient":""},"mobile":{"background-color":"var(--ast-global-color-5)","background-image":"","background-repeat":"repeat","background-position":"center center","background-size":"auto","background-attachment":"scroll","background-type":"","background-media":"","overlay-type":"","overlay-color":"","overlay-opacity":"","overlay-gradient":""}}},"product_brand":[],"product_cat":[61],"product_tag":[],"class_list":{"0":"post-3085","1":"product","2":"type-product","3":"status-publish","4":"has-post-thumbnail","6":"product_cat-spa-beauty-desechables","7":"desktop-align-center","8":"tablet-align-left","9":"mobile-align-left","11":"first","12":"instock","13":"shipping-taxable","14":"product-type-simple"},"_links":{"self":[{"href":"https:\/\/medposnonwoven.com\/es\/wp-json\/wp\/v2\/product\/3085","targetHints":{"allow":["GET"]}}],"collection":[{"href":"https:\/\/medposnonwoven.com\/es\/wp-json\/wp\/v2\/product"}],"about":[{"href":"https:\/\/medposnonwoven.com\/es\/wp-json\/wp\/v2\/types\/product"}],"wp:featuredmedia":[{"embeddable":true,"href":"https:\/\/medposnonwoven.com\/es\/wp-json\/wp\/v2\/media\/2862"}],"wp:attachment":[{"href":"https:\/\/medposnonwoven.com\/es\/wp-json\/wp\/v2\/media?parent=3085"}],"wp:term":[{"taxonomy":"product_brand","embeddable":true,"href":"https:\/\/medposnonwoven.com\/es\/wp-json\/wp\/v2\/product_brand?post=3085"},{"taxonomy":"product_cat","embeddable":true,"href":"https:\/\/medposnonwoven.com\/es\/wp-json\/wp\/v2\/product_cat?post=3085"},{"taxonomy":"product_tag","embeddable":true,"href":"https:\/\/medposnonwoven.com\/es\/wp-json\/wp\/v2\/product_tag?post=3085"}],"curies":[{"name":"wp","href":"https:\/\/api.w.org\/{rel}","templated":true}]}}