{"id":3086,"date":"2023-01-17T16:32:57","date_gmt":"2023-01-17T16:32:57","guid":{"rendered":"https:\/\/medposnonwoven.com\/product\/pack-quirurgico-cesarea\/"},"modified":"2023-04-10T08:58:29","modified_gmt":"2023-04-10T08:58:29","slug":"pack-quirurgico-cesarea","status":"publish","type":"product","link":"https:\/\/medposnonwoven.com\/es\/producto\/pack-quirurgico-cesarea\/","title":{"rendered":"Pack quir\u00fargico ces\u00e1rea"},"content":{"rendered":"<p><strong>Caracter\u00edsticas:<\/strong><\/p>\n<p>Aislamiento: aislar las zonas contaminadas de las zonas operativas.<\/p>\n<p>Barrera: impide la penetraci\u00f3n de fluidos y microbios.<\/p>\n<p>Control de fluidos: recogida de fluidos corporales y fluidos de irrigaci\u00f3n<\/p>\n<p>C\u00f3modo: gramo ligero, suave, transpirable.<\/p>\n<p>Suave, sin pelusa, ligera, compacta, resistente a la humedad, no irrita y no produce electricidad est\u00e1tica<\/p>\n<p>&nbsp;<\/p>\n<p><strong>Especificaciones:<\/strong><\/p>\n<ol>\n<li>Bata Quir\u00fargica Reforzada 3pcs L<\/li>\n<li>Campo de ces\u00e1rea 1 unidad 240\u00d7300\u00d7195 cm<\/li>\n<li>Mayo Stand Funda 1pc 145\u00d776cm<\/li>\n<li>Salvamanteles 1ud 140\u00d7190cm<\/li>\n<li>Manta beb\u00e9 1ud 60x90cm<\/li>\n<li>Toalla de mano 4pcs 30\u00d740cm<\/li>\n<\/ol>\n<p>&nbsp;<\/p>\n","protected":false},"excerpt":{"rendered":"<ul>\n<li>El pack quir\u00fargico de ces\u00e1rea es una soluci\u00f3n personalizada para operaciones hospitalarias. Se envasan est\u00e9riles para ahorrar tiempo y reducir los costes de preparaci\u00f3n del quir\u00f3fano. Cada paquete de pa\u00f1os para ces\u00e1rea contiene un pa\u00f1o quir\u00fargico para ces\u00e1rea, una bata quir\u00fargica reforzada, una funda para la camilla, una funda para el soporte de mayonesa, etc.<\/li>\n<\/ul>\n<h4>Caracter\u00edsticas<\/h4>\n<p>Material: SMS,SSMMS,SMMMS, PE+SMS,PE+PP hidr\u00f3filo, PE+Viscosa<\/p>\n<p>Tama\u00f1o: Como se detalla a continuaci\u00f3n<\/p>\n<p>Color: Azul,Verde<\/p>\n<p>Tipo: Consumibles m\u00e9dicos<\/p>\n<p>Embalaje: 1 unidad\/paquete, 10 unidades\/caja<\/p>\n<p>&nbsp;<\/p>\n","protected":false},"featured_media":2881,"template":"","meta":{"site-sidebar-layout":"default","site-content-layout":"default","ast-site-content-layout":"default","site-content-style":"default","site-sidebar-style":"default","ast-global-header-display":"","ast-banner-title-visibility":"","ast-main-header-display":"","ast-hfb-above-header-display":"","ast-hfb-below-header-display":"","ast-hfb-mobile-header-display":"","site-post-title":"","ast-breadcrumbs-content":"","ast-featured-img":"","footer-sml-layout":"","ast-disable-related-posts":"","theme-transparent-header-meta":"default","adv-header-id-meta":"","stick-header-meta":"","header-above-stick-meta":"","header-main-stick-meta":"","header-below-stick-meta":"","astra-migrate-meta-layouts":"default","ast-page-background-enabled":"default","ast-page-background-meta":{"desktop":{"background-color":"","background-image":"","background-repeat":"repeat","background-position":"center center","background-size":"auto","background-attachment":"scroll","background-type":"","background-media":"","overlay-type":"","overlay-color":"","overlay-opacity":"","overlay-gradient":""},"tablet":{"background-color":"","background-image":"","background-repeat":"repeat","background-position":"center center","background-size":"auto","background-attachment":"scroll","background-type":"","background-media":"","overlay-type":"","overlay-color":"","overlay-opacity":"","overlay-gradient":""},"mobile":{"background-color":"","background-image":"","background-repeat":"repeat","background-position":"center center","background-size":"auto","background-attachment":"scroll","background-type":"","background-media":"","overlay-type":"","overlay-color":"","overlay-opacity":"","overlay-gradient":""}},"ast-content-background-meta":{"desktop":{"background-color":"var(--ast-global-color-5)","background-image":"","background-repeat":"repeat","background-position":"center center","background-size":"auto","background-attachment":"scroll","background-type":"","background-media":"","overlay-type":"","overlay-color":"","overlay-opacity":"","overlay-gradient":""},"tablet":{"background-color":"var(--ast-global-color-5)","background-image":"","background-repeat":"repeat","background-position":"center center","background-size":"auto","background-attachment":"scroll","background-type":"","background-media":"","overlay-type":"","overlay-color":"","overlay-opacity":"","overlay-gradient":""},"mobile":{"background-color":"var(--ast-global-color-5)","background-image":"","background-repeat":"repeat","background-position":"center center","background-size":"auto","background-attachment":"scroll","background-type":"","background-media":"","overlay-type":"","overlay-color":"","overlay-opacity":"","overlay-gradient":""}}},"product_brand":[],"product_cat":[59],"product_tag":[],"class_list":{"0":"post-3086","1":"product","2":"type-product","3":"status-publish","4":"has-post-thumbnail","6":"product_cat-batas-y-panos-quirurgicos","7":"desktop-align-center","8":"tablet-align-left","9":"mobile-align-left","11":"first","12":"instock","13":"shipping-taxable","14":"product-type-simple"},"_links":{"self":[{"href":"https:\/\/medposnonwoven.com\/es\/wp-json\/wp\/v2\/product\/3086","targetHints":{"allow":["GET"]}}],"collection":[{"href":"https:\/\/medposnonwoven.com\/es\/wp-json\/wp\/v2\/product"}],"about":[{"href":"https:\/\/medposnonwoven.com\/es\/wp-json\/wp\/v2\/types\/product"}],"wp:featuredmedia":[{"embeddable":true,"href":"https:\/\/medposnonwoven.com\/es\/wp-json\/wp\/v2\/media\/2881"}],"wp:attachment":[{"href":"https:\/\/medposnonwoven.com\/es\/wp-json\/wp\/v2\/media?parent=3086"}],"wp:term":[{"taxonomy":"product_brand","embeddable":true,"href":"https:\/\/medposnonwoven.com\/es\/wp-json\/wp\/v2\/product_brand?post=3086"},{"taxonomy":"product_cat","embeddable":true,"href":"https:\/\/medposnonwoven.com\/es\/wp-json\/wp\/v2\/product_cat?post=3086"},{"taxonomy":"product_tag","embeddable":true,"href":"https:\/\/medposnonwoven.com\/es\/wp-json\/wp\/v2\/product_tag?post=3086"}],"curies":[{"name":"wp","href":"https:\/\/api.w.org\/{rel}","templated":true}]}}