{"id":3087,"date":"2023-01-17T14:22:55","date_gmt":"2023-01-17T14:22:55","guid":{"rendered":"https:\/\/medposnonwoven.com\/product\/bata-quirurgica-desechable\/"},"modified":"2023-04-10T09:06:44","modified_gmt":"2023-04-10T09:06:44","slug":"bata-quirurgica-desechable","status":"publish","type":"product","link":"https:\/\/medposnonwoven.com\/es\/producto\/bata-quirurgica-desechable\/","title":{"rendered":"Bata quir\u00fargica desechable"},"content":{"rendered":"<ul>\n<li>Las batas quir\u00fargicas deben obtener una notificaci\u00f3n 501(k) previa a la comercializaci\u00f3n o cumplir la norma EN13795, ya que est\u00e1n clasificadas como equipos m\u00e9dicos de clase II. Estas batas m\u00e9dicas de protecci\u00f3n deben cumplir unas normas de calidad muy estrictas porque est\u00e1n sujetas a la normativa de la FDA en Estados Unidos. Cualquier profesional m\u00e9dico que realice una intervenci\u00f3n quir\u00fargica debe llevar uno de ellos para protegerse a s\u00ed mismo y al paciente de la propagaci\u00f3n de bacterias pat\u00f3genas, fluidos corporales y otros elementos potencialmente peligrosos.<\/li>\n<li>Las batas quir\u00fargicas pueden fabricarse con o sin refuerzo. Las batas quir\u00fargicas sin refuerzos son menos fiables y est\u00e1n fabricadas para operaciones con contacto de fluidos de bajo a moderado. Para las operaciones quir\u00fargicas m\u00e1s invasivas y exigentes, las batas quir\u00fargicas reforzadas proporcionan una mayor protecci\u00f3n en algunos puntos cruciales.<\/li>\n<li>Desde los hombros hasta las rodillas y las mu\u00f1ecas, las batas quir\u00fargicas cubren y act\u00faan como barrera para estas zonas sensibles. Normalmente, para crear batas quir\u00fargicas se utilizan mangas remetidas o mangas ragl\u00e1n. Hay batas quir\u00fargicas con y sin toallas.<\/li>\n<li>El SMS es el principal tejido utilizado en las batas desechables; es suave, acogedor y transpirable para que los m\u00e9dicos se vistan con \u00e9l. Dos capas de polipropileno meltblown crean una barrera microbiol\u00f3gica superior, mientras que tres capas de polipropileno spunbond garantizan una flexibilidad y una drapeabilidad excepcionales, una gran resistencia a la abrasi\u00f3n y un tacto similar a la tela.<\/li>\n<\/ul>\n<p>&nbsp;<\/p>\n","protected":false},"excerpt":{"rendered":"<ul>\n<li>Estas batas quir\u00fargicas pueden proteger eficazmente a los cirujanos de las infecciones. Es la elecci\u00f3n \u00f3ptima en hospitales y cl\u00ednicas para la cirug\u00eda de pacientes y el aislamiento de fluidos.<\/li>\n<li>Ampliamente utilizado para los cirujanos desgaste durante la cirug\u00eda hospitalaria, el tratamiento de los pacientes. cualquier lugar donde se necesite protecci\u00f3n contra la sangre, las bacterias y los virus.<\/li>\n<\/ul>\n<h4>Caracter\u00edsticas<\/h4>\n<p>Material: Polipropileno SMS\/SMMS\/SSMMS<\/p>\n<p>Tama\u00f1o: 120&#215;140 cm, 130&#215;150 cm o personalizado<\/p>\n<p>Color: Azul,Verde<\/p>\n<p>Tipo: Con atadura o velcro. Envase no est\u00e9ril o est\u00e9ril<\/p>\n<p>Embalaje: 1 unidad\/bolsa, 100 bolsas\/caja<\/p>\n<p>&nbsp;<\/p>\n","protected":false},"featured_media":2869,"template":"","meta":{"site-sidebar-layout":"default","site-content-layout":"default","ast-site-content-layout":"default","site-content-style":"default","site-sidebar-style":"default","ast-global-header-display":"","ast-banner-title-visibility":"","ast-main-header-display":"","ast-hfb-above-header-display":"","ast-hfb-below-header-display":"","ast-hfb-mobile-header-display":"","site-post-title":"","ast-breadcrumbs-content":"","ast-featured-img":"","footer-sml-layout":"","ast-disable-related-posts":"","theme-transparent-header-meta":"default","adv-header-id-meta":"","stick-header-meta":"","header-above-stick-meta":"","header-main-stick-meta":"","header-below-stick-meta":"","astra-migrate-meta-layouts":"default","ast-page-background-enabled":"default","ast-page-background-meta":{"desktop":{"background-color":"","background-image":"","background-repeat":"repeat","background-position":"center center","background-size":"auto","background-attachment":"scroll","background-type":"","background-media":"","overlay-type":"","overlay-color":"","overlay-opacity":"","overlay-gradient":""},"tablet":{"background-color":"","background-image":"","background-repeat":"repeat","background-position":"center center","background-size":"auto","background-attachment":"scroll","background-type":"","background-media":"","overlay-type":"","overlay-color":"","overlay-opacity":"","overlay-gradient":""},"mobile":{"background-color":"","background-image":"","background-repeat":"repeat","background-position":"center center","background-size":"auto","background-attachment":"scroll","background-type":"","background-media":"","overlay-type":"","overlay-color":"","overlay-opacity":"","overlay-gradient":""}},"ast-content-background-meta":{"desktop":{"background-color":"var(--ast-global-color-5)","background-image":"","background-repeat":"repeat","background-position":"center center","background-size":"auto","background-attachment":"scroll","background-type":"","background-media":"","overlay-type":"","overlay-color":"","overlay-opacity":"","overlay-gradient":""},"tablet":{"background-color":"var(--ast-global-color-5)","background-image":"","background-repeat":"repeat","background-position":"center center","background-size":"auto","background-attachment":"scroll","background-type":"","background-media":"","overlay-type":"","overlay-color":"","overlay-opacity":"","overlay-gradient":""},"mobile":{"background-color":"var(--ast-global-color-5)","background-image":"","background-repeat":"repeat","background-position":"center center","background-size":"auto","background-attachment":"scroll","background-type":"","background-media":"","overlay-type":"","overlay-color":"","overlay-opacity":"","overlay-gradient":""}}},"product_brand":[],"product_cat":[59],"product_tag":[],"class_list":{"0":"post-3087","1":"product","2":"type-product","3":"status-publish","4":"has-post-thumbnail","6":"product_cat-batas-y-panos-quirurgicos","7":"desktop-align-center","8":"tablet-align-left","9":"mobile-align-left","11":"first","12":"instock","13":"shipping-taxable","14":"product-type-simple"},"_links":{"self":[{"href":"https:\/\/medposnonwoven.com\/es\/wp-json\/wp\/v2\/product\/3087","targetHints":{"allow":["GET"]}}],"collection":[{"href":"https:\/\/medposnonwoven.com\/es\/wp-json\/wp\/v2\/product"}],"about":[{"href":"https:\/\/medposnonwoven.com\/es\/wp-json\/wp\/v2\/types\/product"}],"wp:featuredmedia":[{"embeddable":true,"href":"https:\/\/medposnonwoven.com\/es\/wp-json\/wp\/v2\/media\/2869"}],"wp:attachment":[{"href":"https:\/\/medposnonwoven.com\/es\/wp-json\/wp\/v2\/media?parent=3087"}],"wp:term":[{"taxonomy":"product_brand","embeddable":true,"href":"https:\/\/medposnonwoven.com\/es\/wp-json\/wp\/v2\/product_brand?post=3087"},{"taxonomy":"product_cat","embeddable":true,"href":"https:\/\/medposnonwoven.com\/es\/wp-json\/wp\/v2\/product_cat?post=3087"},{"taxonomy":"product_tag","embeddable":true,"href":"https:\/\/medposnonwoven.com\/es\/wp-json\/wp\/v2\/product_tag?post=3087"}],"curies":[{"name":"wp","href":"https:\/\/api.w.org\/{rel}","templated":true}]}}