{"id":3088,"date":"2023-01-16T15:29:05","date_gmt":"2023-01-16T15:29:05","guid":{"rendered":"https:\/\/medposnonwoven.com\/product\/albornoz-desechable\/"},"modified":"2023-04-10T09:21:04","modified_gmt":"2023-04-10T09:21:04","slug":"albornoz-desechable","status":"publish","type":"product","link":"https:\/\/medposnonwoven.com\/es\/producto\/albornoz-desechable\/","title":{"rendered":"Albornoz desechable"},"content":{"rendered":"<ul>\n<li>Los albornoces desechables son una soluci\u00f3n f\u00e1cil y \u00fanica para vestirse despu\u00e9s de la ducha o el ba\u00f1o. Tienen un ajuste agradable, ya que est\u00e1n compuestos de materiales ligeros e impermeables, como los tejidos no tejidos. Tienen forma envolvente con capucha y cierre de lazo. Debido a su facilidad de eliminaci\u00f3n tras el uso, los albornoces desechables son una opci\u00f3n excelente para hoteles, balnearios y salones de belleza. Tambi\u00e9n pueden utilizarse para dar m\u00e1s calor y cobertura en otros lugares, como las consultas m\u00e9dicas. Para quienes prefieren mantener la piel limpia, los albornoces desechables est\u00e1n disponibles en distintos tama\u00f1os y tonalidades y ofrecen una soluci\u00f3n higi\u00e9nica. Son una opci\u00f3n maravillosa porque adem\u00e1s son baratas y c\u00f3modas de guardar.<\/li>\n<li>El tejido no tejido ligero y de alta calidad utilizado para fabricar esta bata de spa desechable ofrece durabilidad y un uso prolongado. Esta cuerda es c\u00f3moda al tacto y se seca r\u00e1pidamente. Su tama\u00f1o vers\u00e1til se adaptar\u00e1 a las necesidades de la mayor\u00eda de las personas; es acogedora pero eficaz como toalla para su sesi\u00f3n de SPA o despu\u00e9s de ir al ba\u00f1o, cuando desea tener buen aspecto pero tambi\u00e9n sentirse c\u00f3modo.<\/li>\n<\/ul>\n<p>&nbsp;<\/p>\n","protected":false},"excerpt":{"rendered":"<ul>\n<li>Albornoz desechable Proporciona intimidad y favorece la relajaci\u00f3n con un tacto de algod\u00f3n, el tejido es m\u00e1s grueso, opaco, no da el sol y tiene una banda el\u00e1stica en la cintura.<\/li>\n<li>Ampliamente utilizado en SPA, gimnasio, piscina, sauna, viajes y otros momentos de ocio.<\/li>\n<\/ul>\n<h4>Caracter\u00edsticas<\/h4>\n<p>Material: Polipropileno Spunbond<\/p>\n<p>Talla: S,M,L<\/p>\n<p>Color: Negro, Blanco, Azul oscuro<\/p>\n<p>Tipo: Con cintura el\u00e1stica<\/p>\n<p>Embalaje: 10 unidades\/bolsa, 20 bolsas\/caja de cart\u00f3n<\/p>\n<p>&nbsp;<\/p>\n<p>&nbsp;<\/p>\n","protected":false},"featured_media":2859,"template":"","meta":{"site-sidebar-layout":"default","site-content-layout":"default","ast-site-content-layout":"default","site-content-style":"default","site-sidebar-style":"default","ast-global-header-display":"","ast-banner-title-visibility":"","ast-main-header-display":"","ast-hfb-above-header-display":"","ast-hfb-below-header-display":"","ast-hfb-mobile-header-display":"","site-post-title":"","ast-breadcrumbs-content":"","ast-featured-img":"","footer-sml-layout":"","ast-disable-related-posts":"","theme-transparent-header-meta":"default","adv-header-id-meta":"","stick-header-meta":"","header-above-stick-meta":"","header-main-stick-meta":"","header-below-stick-meta":"","astra-migrate-meta-layouts":"default","ast-page-background-enabled":"default","ast-page-background-meta":{"desktop":{"background-color":"","background-image":"","background-repeat":"repeat","background-position":"center center","background-size":"auto","background-attachment":"scroll","background-type":"","background-media":"","overlay-type":"","overlay-color":"","overlay-opacity":"","overlay-gradient":""},"tablet":{"background-color":"","background-image":"","background-repeat":"repeat","background-position":"center center","background-size":"auto","background-attachment":"scroll","background-type":"","background-media":"","overlay-type":"","overlay-color":"","overlay-opacity":"","overlay-gradient":""},"mobile":{"background-color":"","background-image":"","background-repeat":"repeat","background-position":"center center","background-size":"auto","background-attachment":"scroll","background-type":"","background-media":"","overlay-type":"","overlay-color":"","overlay-opacity":"","overlay-gradient":""}},"ast-content-background-meta":{"desktop":{"background-color":"var(--ast-global-color-5)","background-image":"","background-repeat":"repeat","background-position":"center center","background-size":"auto","background-attachment":"scroll","background-type":"","background-media":"","overlay-type":"","overlay-color":"","overlay-opacity":"","overlay-gradient":""},"tablet":{"background-color":"var(--ast-global-color-5)","background-image":"","background-repeat":"repeat","background-position":"center center","background-size":"auto","background-attachment":"scroll","background-type":"","background-media":"","overlay-type":"","overlay-color":"","overlay-opacity":"","overlay-gradient":""},"mobile":{"background-color":"var(--ast-global-color-5)","background-image":"","background-repeat":"repeat","background-position":"center center","background-size":"auto","background-attachment":"scroll","background-type":"","background-media":"","overlay-type":"","overlay-color":"","overlay-opacity":"","overlay-gradient":""}}},"product_brand":[],"product_cat":[61],"product_tag":[],"class_list":{"0":"post-3088","1":"product","2":"type-product","3":"status-publish","4":"has-post-thumbnail","6":"product_cat-spa-beauty-desechables","7":"desktop-align-center","8":"tablet-align-left","9":"mobile-align-left","11":"first","12":"instock","13":"shipping-taxable","14":"product-type-simple"},"_links":{"self":[{"href":"https:\/\/medposnonwoven.com\/es\/wp-json\/wp\/v2\/product\/3088","targetHints":{"allow":["GET"]}}],"collection":[{"href":"https:\/\/medposnonwoven.com\/es\/wp-json\/wp\/v2\/product"}],"about":[{"href":"https:\/\/medposnonwoven.com\/es\/wp-json\/wp\/v2\/types\/product"}],"wp:featuredmedia":[{"embeddable":true,"href":"https:\/\/medposnonwoven.com\/es\/wp-json\/wp\/v2\/media\/2859"}],"wp:attachment":[{"href":"https:\/\/medposnonwoven.com\/es\/wp-json\/wp\/v2\/media?parent=3088"}],"wp:term":[{"taxonomy":"product_brand","embeddable":true,"href":"https:\/\/medposnonwoven.com\/es\/wp-json\/wp\/v2\/product_brand?post=3088"},{"taxonomy":"product_cat","embeddable":true,"href":"https:\/\/medposnonwoven.com\/es\/wp-json\/wp\/v2\/product_cat?post=3088"},{"taxonomy":"product_tag","embeddable":true,"href":"https:\/\/medposnonwoven.com\/es\/wp-json\/wp\/v2\/product_tag?post=3088"}],"curies":[{"name":"wp","href":"https:\/\/api.w.org\/{rel}","templated":true}]}}