{"id":3089,"date":"2023-01-18T13:54:13","date_gmt":"2023-01-18T13:54:13","guid":{"rendered":"https:\/\/medposnonwoven.com\/product\/tejido-spunbond-laminado-con-pe\/"},"modified":"2023-04-10T08:37:24","modified_gmt":"2023-04-10T08:37:24","slug":"tejido-spunbond-laminado-con-pe","status":"publish","type":"product","link":"https:\/\/medposnonwoven.com\/es\/producto\/tejido-spunbond-laminado-con-pe\/","title":{"rendered":"Tejido spunbond laminado con PE"},"content":{"rendered":"<ul>\n<li>El no tejido de laminaci\u00f3n es el proceso de fabricaci\u00f3n de un material en m\u00faltiples capas, normalmente pel\u00edcula de PE laminada diferentes no tejidos, como PE+spunbond, PE+SMS, PE+Viscose ,PE+Spunlace, y SMSPE o SMPE. La combinaci\u00f3n de las caracter\u00edsticas f\u00edsicas y mec\u00e1nicas de cada capa da lugar a un material compuesto m\u00e1s fuerte y resistente.<\/li>\n<li>La tela no tejida laminada est\u00e1 disponible en una gran variedad de dise\u00f1os, colores y patrones. Es impermeable y ofrece una excelente protecci\u00f3n contra los fluidos. Las batas de aislamiento, las batas quir\u00fargicas, las cortinas y fundas, los trajes quir\u00fargicos, los envases de alimentos en grano, las bolsas de la compra y otros art\u00edculos se fabrican con tejidos laminados.<\/li>\n<li>La tela recubierta de PE es un tipo de tela no tejida a la que se aplica una capa de pel\u00edcula de pl\u00e1stico. Esta capa de pel\u00edcula puede imprimirse en color con una m\u00e1quina de impresi\u00f3n. Para crear este tejido s\u00f3lo se puede utilizar el patr\u00f3n de serigraf\u00eda impreso a mano. Produits avec une longue dur\u00e9e de service, sans plastiques et sans yidihong sont des composants antig\u00e8nes en viscose stingray qui sont produits par Dunaliella ductibility et bridge. Hasta cinco a\u00f1os puede estar en el espacio.<br \/>\nUtilizando el m\u00e9todo de producci\u00f3n actual. Las pel\u00edculas de tejido no tejido pueden clasificarse en: compuesto de revestimiento transpirable hotmelts, buliyate autogeneic e ILM. Cada uno de estos tres m\u00e9todos tiene propiedades \u00fanicas, pero los buprestoides recubiertos de pol\u00edmeros suelen superar a las telas no tejidas normales en cuanto a eficacia de producci\u00f3n en plazos m\u00e1s largos y normas m\u00e1s estrictas.<\/li>\n<\/ul>\n<p>&nbsp;<\/p>\n<p>&nbsp;<\/p>\n","protected":false},"excerpt":{"rendered":"<ul>\n<li>Esta tela no tejida laminada PE + PP spunbond es impermeable, no transpirable, el peso b\u00e1sico de la tela oscila entre 30gsm y 60gsm.<\/li>\n<li>Ampliamente utilizado para ropa y equipos de protecci\u00f3n en el \u00e1mbito m\u00e9dico, pa\u00f1ales para adultos y beb\u00e9s, productos de higiene femenina, bolsas de embalaje y de la compra y material aislante para tejados.<\/li>\n<\/ul>\n<h4>Caracter\u00edsticas<\/h4>\n<p>Material: Polipropileno y polietileno<\/p>\n<p>Tama\u00f1o: 20-200 cm<\/p>\n<p>Color: Azul, Verde, Blanco<\/p>\n<p>Tipo: Laminado o recubierto (con o sin cola)<\/p>\n<p>Embalaje: Seg\u00fan pedido<\/p>\n<p>&nbsp;<\/p>\n","protected":false},"featured_media":2899,"template":"","meta":{"site-sidebar-layout":"default","site-content-layout":"default","ast-site-content-layout":"default","site-content-style":"default","site-sidebar-style":"default","ast-global-header-display":"","ast-banner-title-visibility":"","ast-main-header-display":"","ast-hfb-above-header-display":"","ast-hfb-below-header-display":"","ast-hfb-mobile-header-display":"","site-post-title":"","ast-breadcrumbs-content":"","ast-featured-img":"","footer-sml-layout":"","ast-disable-related-posts":"","theme-transparent-header-meta":"default","adv-header-id-meta":"","stick-header-meta":"","header-above-stick-meta":"","header-main-stick-meta":"","header-below-stick-meta":"","astra-migrate-meta-layouts":"default","ast-page-background-enabled":"default","ast-page-background-meta":{"desktop":{"background-color":"","background-image":"","background-repeat":"repeat","background-position":"center center","background-size":"auto","background-attachment":"scroll","background-type":"","background-media":"","overlay-type":"","overlay-color":"","overlay-opacity":"","overlay-gradient":""},"tablet":{"background-color":"","background-image":"","background-repeat":"repeat","background-position":"center center","background-size":"auto","background-attachment":"scroll","background-type":"","background-media":"","overlay-type":"","overlay-color":"","overlay-opacity":"","overlay-gradient":""},"mobile":{"background-color":"","background-image":"","background-repeat":"repeat","background-position":"center center","background-size":"auto","background-attachment":"scroll","background-type":"","background-media":"","overlay-type":"","overlay-color":"","overlay-opacity":"","overlay-gradient":""}},"ast-content-background-meta":{"desktop":{"background-color":"var(--ast-global-color-5)","background-image":"","background-repeat":"repeat","background-position":"center center","background-size":"auto","background-attachment":"scroll","background-type":"","background-media":"","overlay-type":"","overlay-color":"","overlay-opacity":"","overlay-gradient":""},"tablet":{"background-color":"var(--ast-global-color-5)","background-image":"","background-repeat":"repeat","background-position":"center center","background-size":"auto","background-attachment":"scroll","background-type":"","background-media":"","overlay-type":"","overlay-color":"","overlay-opacity":"","overlay-gradient":""},"mobile":{"background-color":"var(--ast-global-color-5)","background-image":"","background-repeat":"repeat","background-position":"center center","background-size":"auto","background-attachment":"scroll","background-type":"","background-media":"","overlay-type":"","overlay-color":"","overlay-opacity":"","overlay-gradient":""}}},"product_brand":[],"product_cat":[62],"product_tag":[],"class_list":{"0":"post-3089","1":"product","2":"type-product","3":"status-publish","4":"has-post-thumbnail","6":"product_cat-telas-no-tejidas","7":"desktop-align-center","8":"tablet-align-left","9":"mobile-align-left","11":"first","12":"instock","13":"shipping-taxable","14":"product-type-simple"},"_links":{"self":[{"href":"https:\/\/medposnonwoven.com\/es\/wp-json\/wp\/v2\/product\/3089","targetHints":{"allow":["GET"]}}],"collection":[{"href":"https:\/\/medposnonwoven.com\/es\/wp-json\/wp\/v2\/product"}],"about":[{"href":"https:\/\/medposnonwoven.com\/es\/wp-json\/wp\/v2\/types\/product"}],"wp:featuredmedia":[{"embeddable":true,"href":"https:\/\/medposnonwoven.com\/es\/wp-json\/wp\/v2\/media\/2899"}],"wp:attachment":[{"href":"https:\/\/medposnonwoven.com\/es\/wp-json\/wp\/v2\/media?parent=3089"}],"wp:term":[{"taxonomy":"product_brand","embeddable":true,"href":"https:\/\/medposnonwoven.com\/es\/wp-json\/wp\/v2\/product_brand?post=3089"},{"taxonomy":"product_cat","embeddable":true,"href":"https:\/\/medposnonwoven.com\/es\/wp-json\/wp\/v2\/product_cat?post=3089"},{"taxonomy":"product_tag","embeddable":true,"href":"https:\/\/medposnonwoven.com\/es\/wp-json\/wp\/v2\/product_tag?post=3089"}],"curies":[{"name":"wp","href":"https:\/\/api.w.org\/{rel}","templated":true}]}}