{"id":3090,"date":"2023-01-17T16:07:42","date_gmt":"2023-01-17T16:07:42","guid":{"rendered":"https:\/\/medposnonwoven.com\/product\/pack-quirurgico-universal\/"},"modified":"2023-04-10T09:00:06","modified_gmt":"2023-04-10T09:00:06","slug":"pack-quirurgico-universal","status":"publish","type":"product","link":"https:\/\/medposnonwoven.com\/es\/producto\/pack-quirurgico-universal\/","title":{"rendered":"Pack Quir\u00fargico Universal"},"content":{"rendered":"<p><strong>Caracter\u00edsticas:<\/strong><\/p>\n<p>1.La capacidad de absorber todo el material de desecho del procedimiento del paciente de una sola vez elimina eficazmente la contaminaci\u00f3n cruzada.<\/p>\n<p>2.Las batas y los pa\u00f1os quir\u00fargicos fabricados con materiales de alta calidad son extremadamente absorbentes y resistentes a la contaminaci\u00f3n, y las batas transpirables hacen que el cirujano se sienta c\u00f3modo.<\/p>\n<p>3.Absorbe r\u00e1pidamente la sangre y otros fluidos que aparecen tras la cirug\u00eda, proporcionando al cirujano una visi\u00f3n clara y facilitando la operaci\u00f3n.<\/p>\n<p>4.Embalaje de kit quir\u00fargico desechable, est\u00e9ril y seguro, con una validez de tres a\u00f1os.<\/p>\n<p><strong>Especificaciones:<\/strong><\/p>\n<ol>\n<li>Bata Quir\u00fargica Reforzada 2pcs L<\/li>\n<li>Cortina lateral adhesiva 2pcs 75\u00d790cm<\/li>\n<li>Fald\u00f3n adhesivo 1ud 150\u00d7180cm<\/li>\n<li>Cortina superior adhesiva 1ud. 150\u00d7240cm<\/li>\n<li>Mayo Stand Funda 1pc 145\u00d775cm<\/li>\n<li>Salvamanteles 1ud 140\u00d7190cm<\/li>\n<li>Toalla de mano 4pcs 30\u00d740cm<\/li>\n<\/ol>\n<p>&nbsp;<\/p>\n<p>&nbsp;<\/p>\n","protected":false},"excerpt":{"rendered":"<ul>\n<li>El pack quir\u00fargico universal es una soluci\u00f3n personalizada para operaciones hospitalarias. Se envasan est\u00e9riles para ahorrar tiempo y reducir los costes de preparaci\u00f3n del quir\u00f3fano. Cada envase general est\u00e9ril desechable contiene una bata quir\u00fargica reforzada, una cubierta para la camilla, un pa\u00f1o lateral adhesivo, un envoltorio, etc.<\/li>\n<\/ul>\n<h4>Caracter\u00edsticas<\/h4>\n<p>Material: SMS,SSMMS,SMMMS, PE+SMS,PE+PP hidr\u00f3filo, PE+Viscosa<\/p>\n<p>Tama\u00f1o: Como se detalla a continuaci\u00f3n<\/p>\n<p>Color: Azul,Verde<\/p>\n<p>Tipo: Consumibles m\u00e9dicos<\/p>\n<p>Embalaje: 1 unidad\/paquete, 10 unidades\/caja<\/p>\n<p>&nbsp;<\/p>\n<p>&nbsp;<\/p>\n","protected":false},"featured_media":2879,"template":"","meta":{"site-sidebar-layout":"default","site-content-layout":"default","ast-site-content-layout":"default","site-content-style":"default","site-sidebar-style":"default","ast-global-header-display":"","ast-banner-title-visibility":"","ast-main-header-display":"","ast-hfb-above-header-display":"","ast-hfb-below-header-display":"","ast-hfb-mobile-header-display":"","site-post-title":"","ast-breadcrumbs-content":"","ast-featured-img":"","footer-sml-layout":"","ast-disable-related-posts":"","theme-transparent-header-meta":"default","adv-header-id-meta":"","stick-header-meta":"","header-above-stick-meta":"","header-main-stick-meta":"","header-below-stick-meta":"","astra-migrate-meta-layouts":"default","ast-page-background-enabled":"default","ast-page-background-meta":{"desktop":{"background-color":"","background-image":"","background-repeat":"repeat","background-position":"center center","background-size":"auto","background-attachment":"scroll","background-type":"","background-media":"","overlay-type":"","overlay-color":"","overlay-opacity":"","overlay-gradient":""},"tablet":{"background-color":"","background-image":"","background-repeat":"repeat","background-position":"center center","background-size":"auto","background-attachment":"scroll","background-type":"","background-media":"","overlay-type":"","overlay-color":"","overlay-opacity":"","overlay-gradient":""},"mobile":{"background-color":"","background-image":"","background-repeat":"repeat","background-position":"center center","background-size":"auto","background-attachment":"scroll","background-type":"","background-media":"","overlay-type":"","overlay-color":"","overlay-opacity":"","overlay-gradient":""}},"ast-content-background-meta":{"desktop":{"background-color":"var(--ast-global-color-5)","background-image":"","background-repeat":"repeat","background-position":"center center","background-size":"auto","background-attachment":"scroll","background-type":"","background-media":"","overlay-type":"","overlay-color":"","overlay-opacity":"","overlay-gradient":""},"tablet":{"background-color":"var(--ast-global-color-5)","background-image":"","background-repeat":"repeat","background-position":"center center","background-size":"auto","background-attachment":"scroll","background-type":"","background-media":"","overlay-type":"","overlay-color":"","overlay-opacity":"","overlay-gradient":""},"mobile":{"background-color":"var(--ast-global-color-5)","background-image":"","background-repeat":"repeat","background-position":"center center","background-size":"auto","background-attachment":"scroll","background-type":"","background-media":"","overlay-type":"","overlay-color":"","overlay-opacity":"","overlay-gradient":""}}},"product_brand":[],"product_cat":[59],"product_tag":[],"class_list":{"0":"post-3090","1":"product","2":"type-product","3":"status-publish","4":"has-post-thumbnail","6":"product_cat-batas-y-panos-quirurgicos","7":"desktop-align-center","8":"tablet-align-left","9":"mobile-align-left","11":"first","12":"instock","13":"shipping-taxable","14":"product-type-simple"},"_links":{"self":[{"href":"https:\/\/medposnonwoven.com\/es\/wp-json\/wp\/v2\/product\/3090","targetHints":{"allow":["GET"]}}],"collection":[{"href":"https:\/\/medposnonwoven.com\/es\/wp-json\/wp\/v2\/product"}],"about":[{"href":"https:\/\/medposnonwoven.com\/es\/wp-json\/wp\/v2\/types\/product"}],"wp:featuredmedia":[{"embeddable":true,"href":"https:\/\/medposnonwoven.com\/es\/wp-json\/wp\/v2\/media\/2879"}],"wp:attachment":[{"href":"https:\/\/medposnonwoven.com\/es\/wp-json\/wp\/v2\/media?parent=3090"}],"wp:term":[{"taxonomy":"product_brand","embeddable":true,"href":"https:\/\/medposnonwoven.com\/es\/wp-json\/wp\/v2\/product_brand?post=3090"},{"taxonomy":"product_cat","embeddable":true,"href":"https:\/\/medposnonwoven.com\/es\/wp-json\/wp\/v2\/product_cat?post=3090"},{"taxonomy":"product_tag","embeddable":true,"href":"https:\/\/medposnonwoven.com\/es\/wp-json\/wp\/v2\/product_tag?post=3090"}],"curies":[{"name":"wp","href":"https:\/\/api.w.org\/{rel}","templated":true}]}}