{"id":3093,"date":"2023-01-18T12:54:34","date_gmt":"2023-01-18T12:54:34","guid":{"rendered":"https:\/\/medposnonwoven.com\/product\/sms-tela-no-tejida\/"},"modified":"2023-04-10T08:38:09","modified_gmt":"2023-04-10T08:38:09","slug":"sms-tela-no-tejida","status":"publish","type":"product","link":"https:\/\/medposnonwoven.com\/es\/producto\/sms-tela-no-tejida\/","title":{"rendered":"SMS Tela no tejida"},"content":{"rendered":"<ul>\n<li>El tejido SMS es un tejido sin tejer compuesto por tres capas de hilado de fibras sint\u00e9ticas (spunbond), soplado de fibras sint\u00e9ticas (meltblown) e hilado de fibras de carbono (spunbon). El llamado SMS de un solo paso puede fabricarse utilizando equipos de spunbond y meltblowing en la misma l\u00ednea de producci\u00f3n gracias al proceso de composite en l\u00ednea. El primer filamento de la hilera de spunbond forma la primera capa de fibra en la misma l\u00ednea de fabricaci\u00f3n, seguido de una segunda hilera de spunbond que genera una segunda capa de velo a trav\u00e9s de la matriz de meltblown y, por \u00faltimo, una tercera hilera de spunbond que forma una tercera capa de velo. A continuaci\u00f3n, se utiliza un tren de laminaci\u00f3n en caliente para unir la banda de tres capas y la m\u00e1quina de bobinado para crear la tela no tejida SMS.<\/li>\n<li>Cuando se produce contenido de SMS, tiene excelentes propiedades de repelencia al agua. Esta es la raz\u00f3n por la que los fabricantes optan por emplear el material SMS en art\u00edculos como mascarillas, compresas, pa\u00f1ales para beb\u00e9s y monos de limpieza. Adem\u00e1s, se utiliza para ropa de cama, sombreros y otros art\u00edculos m\u00e9dicos. Los SMS pueden recibir tratamientos antialcohol, antisangre, antiaceite, antiest\u00e1ticos, antibacterianos y antienvejecimiento, entre otros, para destacar en una gran variedad de aplicaciones.<\/li>\n<\/ul>\n<p>&nbsp;<\/p>\n","protected":false},"excerpt":{"rendered":"<ul>\n<li>Este tejido Spunmelt est\u00e1 hecho 100% de polipropileno. Resistente a altas temperaturas, antienvejecimiento, alta elongaci\u00f3n, transpirable, resistente a la corrosi\u00f3n, aislamiento ac\u00fastico, antipolilla, no t\u00f3xico. Tacto suave, respetuoso con el medio ambiente, reciclable. Buena resistencia y alargamiento.<\/li>\n<li>Ampliamente utilizado en medicina, agricultura, muebles, bolsas, material de embalaje, autom\u00f3viles, zapatos, prendas de vestir, textiles para el hogar, higiene, industria, etc.<\/li>\n<\/ul>\n<h4>Caracter\u00edsticas<\/h4>\n<p>Material: Polipropileno<\/p>\n<p>Talla: 10-320 cm<\/p>\n<p>Color: Azul, Verde, Blanco<\/p>\n<p>Tipo: SMS\/SMMS\/SSMMS<\/p>\n<p>Embalaje: Seg\u00fan pedido<\/p>\n<p>&nbsp;<\/p>\n","protected":false},"featured_media":2896,"template":"","meta":{"site-sidebar-layout":"default","site-content-layout":"default","ast-site-content-layout":"default","site-content-style":"default","site-sidebar-style":"default","ast-global-header-display":"","ast-banner-title-visibility":"","ast-main-header-display":"","ast-hfb-above-header-display":"","ast-hfb-below-header-display":"","ast-hfb-mobile-header-display":"","site-post-title":"","ast-breadcrumbs-content":"","ast-featured-img":"","footer-sml-layout":"","ast-disable-related-posts":"","theme-transparent-header-meta":"default","adv-header-id-meta":"","stick-header-meta":"","header-above-stick-meta":"","header-main-stick-meta":"","header-below-stick-meta":"","astra-migrate-meta-layouts":"default","ast-page-background-enabled":"default","ast-page-background-meta":{"desktop":{"background-color":"","background-image":"","background-repeat":"repeat","background-position":"center center","background-size":"auto","background-attachment":"scroll","background-type":"","background-media":"","overlay-type":"","overlay-color":"","overlay-opacity":"","overlay-gradient":""},"tablet":{"background-color":"","background-image":"","background-repeat":"repeat","background-position":"center center","background-size":"auto","background-attachment":"scroll","background-type":"","background-media":"","overlay-type":"","overlay-color":"","overlay-opacity":"","overlay-gradient":""},"mobile":{"background-color":"","background-image":"","background-repeat":"repeat","background-position":"center center","background-size":"auto","background-attachment":"scroll","background-type":"","background-media":"","overlay-type":"","overlay-color":"","overlay-opacity":"","overlay-gradient":""}},"ast-content-background-meta":{"desktop":{"background-color":"var(--ast-global-color-5)","background-image":"","background-repeat":"repeat","background-position":"center center","background-size":"auto","background-attachment":"scroll","background-type":"","background-media":"","overlay-type":"","overlay-color":"","overlay-opacity":"","overlay-gradient":""},"tablet":{"background-color":"var(--ast-global-color-5)","background-image":"","background-repeat":"repeat","background-position":"center center","background-size":"auto","background-attachment":"scroll","background-type":"","background-media":"","overlay-type":"","overlay-color":"","overlay-opacity":"","overlay-gradient":""},"mobile":{"background-color":"var(--ast-global-color-5)","background-image":"","background-repeat":"repeat","background-position":"center center","background-size":"auto","background-attachment":"scroll","background-type":"","background-media":"","overlay-type":"","overlay-color":"","overlay-opacity":"","overlay-gradient":""}}},"product_brand":[],"product_cat":[62],"product_tag":[],"class_list":{"0":"post-3093","1":"product","2":"type-product","3":"status-publish","4":"has-post-thumbnail","6":"product_cat-telas-no-tejidas","7":"desktop-align-center","8":"tablet-align-left","9":"mobile-align-left","11":"first","12":"instock","13":"shipping-taxable","14":"product-type-simple"},"_links":{"self":[{"href":"https:\/\/medposnonwoven.com\/es\/wp-json\/wp\/v2\/product\/3093","targetHints":{"allow":["GET"]}}],"collection":[{"href":"https:\/\/medposnonwoven.com\/es\/wp-json\/wp\/v2\/product"}],"about":[{"href":"https:\/\/medposnonwoven.com\/es\/wp-json\/wp\/v2\/types\/product"}],"wp:featuredmedia":[{"embeddable":true,"href":"https:\/\/medposnonwoven.com\/es\/wp-json\/wp\/v2\/media\/2896"}],"wp:attachment":[{"href":"https:\/\/medposnonwoven.com\/es\/wp-json\/wp\/v2\/media?parent=3093"}],"wp:term":[{"taxonomy":"product_brand","embeddable":true,"href":"https:\/\/medposnonwoven.com\/es\/wp-json\/wp\/v2\/product_brand?post=3093"},{"taxonomy":"product_cat","embeddable":true,"href":"https:\/\/medposnonwoven.com\/es\/wp-json\/wp\/v2\/product_cat?post=3093"},{"taxonomy":"product_tag","embeddable":true,"href":"https:\/\/medposnonwoven.com\/es\/wp-json\/wp\/v2\/product_tag?post=3093"}],"curies":[{"name":"wp","href":"https:\/\/api.w.org\/{rel}","templated":true}]}}