{"id":3094,"date":"2023-01-18T09:51:40","date_gmt":"2023-01-18T09:51:40","guid":{"rendered":"https:\/\/medposnonwoven.com\/product\/tela-no-tejida-spunbond\/"},"modified":"2023-04-10T08:41:02","modified_gmt":"2023-04-10T08:41:02","slug":"tela-no-tejida-spunbond","status":"publish","type":"product","link":"https:\/\/medposnonwoven.com\/es\/producto\/tela-no-tejida-spunbond\/","title":{"rendered":"Tela no tejida spunbond"},"content":{"rendered":"<ul>\n<li>Las telas no tejidas hiladas se crean mediante el proceso continuo de hilado de fibras, que luego se gu\u00edan con corrientes de aire o se dispersan inmediatamente formando una estructura similar a una telara\u00f1a. El resultado de esta t\u00e9cnica es una mayor velocidad de la cinta. Suelen crearse en estructuras de l\u00e1minas o bandas unidas por fibras o filamentos enredados mediante tratamientos t\u00e9rmicos o qu\u00edmicos, seg\u00fan lo que especifique el fabricante o proveedor del tejido spunbond.<\/li>\n<li>La tela no tejida de polipropileno se fabrica a partir de pol\u00edmeros termopl\u00e1sticos como el PP o el polipropileno, pero est\u00e1 dise\u00f1ada para parecerse a la tela no tejida. Se utiliza sobre todo en bolsas no tejidas, entretelas, monos para personal sanitario, mascarillas, filtros, etc. Cada vez es m\u00e1s popular en los sectores de la moda y la sanidad.<\/li>\n<\/ul>\n<p>&nbsp;<\/p>\n","protected":false},"excerpt":{"rendered":"<ul>\n<li>Este Spunbond est\u00e1 fabricado al 100% con polipropileno. Resistente a altas temperaturas, antienvejecimiento, alta elongaci\u00f3n, transpirable, resistente a la corrosi\u00f3n, aislamiento ac\u00fastico, antipolilla, no t\u00f3xico. Tacto suave, ecol\u00f3gico, reciclable, transpirable. Buena resistencia y alargamiento.<\/li>\n<li>Ampliamente utilizado para la agricultura, muebles, bolsas, material de embalaje, autom\u00f3viles, zapatos, prendas de vestir, textiles para el hogar, hospitales, higiene, industria, etc.<\/li>\n<\/ul>\n<h4>Caracter\u00edsticas<\/h4>\n<p>Material: Polipropileno<\/p>\n<p>Talla: 10-320 cm<\/p>\n<p>Color: Azul, Verde, Blanco<\/p>\n<p>Tipo:S\/SS\/SSS, hidr\u00f3filo o hidr\u00f3fobo<\/p>\n<p>Embalaje: Seg\u00fan pedido<\/p>\n<p>&nbsp;<\/p>\n","protected":false},"featured_media":2892,"template":"","meta":{"site-sidebar-layout":"default","site-content-layout":"default","ast-site-content-layout":"default","site-content-style":"default","site-sidebar-style":"default","ast-global-header-display":"","ast-banner-title-visibility":"","ast-main-header-display":"","ast-hfb-above-header-display":"","ast-hfb-below-header-display":"","ast-hfb-mobile-header-display":"","site-post-title":"","ast-breadcrumbs-content":"","ast-featured-img":"","footer-sml-layout":"","ast-disable-related-posts":"","theme-transparent-header-meta":"default","adv-header-id-meta":"","stick-header-meta":"","header-above-stick-meta":"","header-main-stick-meta":"","header-below-stick-meta":"","astra-migrate-meta-layouts":"default","ast-page-background-enabled":"default","ast-page-background-meta":{"desktop":{"background-color":"","background-image":"","background-repeat":"repeat","background-position":"center center","background-size":"auto","background-attachment":"scroll","background-type":"","background-media":"","overlay-type":"","overlay-color":"","overlay-opacity":"","overlay-gradient":""},"tablet":{"background-color":"","background-image":"","background-repeat":"repeat","background-position":"center center","background-size":"auto","background-attachment":"scroll","background-type":"","background-media":"","overlay-type":"","overlay-color":"","overlay-opacity":"","overlay-gradient":""},"mobile":{"background-color":"","background-image":"","background-repeat":"repeat","background-position":"center center","background-size":"auto","background-attachment":"scroll","background-type":"","background-media":"","overlay-type":"","overlay-color":"","overlay-opacity":"","overlay-gradient":""}},"ast-content-background-meta":{"desktop":{"background-color":"var(--ast-global-color-5)","background-image":"","background-repeat":"repeat","background-position":"center center","background-size":"auto","background-attachment":"scroll","background-type":"","background-media":"","overlay-type":"","overlay-color":"","overlay-opacity":"","overlay-gradient":""},"tablet":{"background-color":"var(--ast-global-color-5)","background-image":"","background-repeat":"repeat","background-position":"center center","background-size":"auto","background-attachment":"scroll","background-type":"","background-media":"","overlay-type":"","overlay-color":"","overlay-opacity":"","overlay-gradient":""},"mobile":{"background-color":"var(--ast-global-color-5)","background-image":"","background-repeat":"repeat","background-position":"center center","background-size":"auto","background-attachment":"scroll","background-type":"","background-media":"","overlay-type":"","overlay-color":"","overlay-opacity":"","overlay-gradient":""}}},"product_brand":[],"product_cat":[62],"product_tag":[],"class_list":{"0":"post-3094","1":"product","2":"type-product","3":"status-publish","4":"has-post-thumbnail","6":"product_cat-telas-no-tejidas","7":"desktop-align-center","8":"tablet-align-left","9":"mobile-align-left","11":"first","12":"instock","13":"shipping-taxable","14":"product-type-simple"},"_links":{"self":[{"href":"https:\/\/medposnonwoven.com\/es\/wp-json\/wp\/v2\/product\/3094","targetHints":{"allow":["GET"]}}],"collection":[{"href":"https:\/\/medposnonwoven.com\/es\/wp-json\/wp\/v2\/product"}],"about":[{"href":"https:\/\/medposnonwoven.com\/es\/wp-json\/wp\/v2\/types\/product"}],"wp:featuredmedia":[{"embeddable":true,"href":"https:\/\/medposnonwoven.com\/es\/wp-json\/wp\/v2\/media\/2892"}],"wp:attachment":[{"href":"https:\/\/medposnonwoven.com\/es\/wp-json\/wp\/v2\/media?parent=3094"}],"wp:term":[{"taxonomy":"product_brand","embeddable":true,"href":"https:\/\/medposnonwoven.com\/es\/wp-json\/wp\/v2\/product_brand?post=3094"},{"taxonomy":"product_cat","embeddable":true,"href":"https:\/\/medposnonwoven.com\/es\/wp-json\/wp\/v2\/product_cat?post=3094"},{"taxonomy":"product_tag","embeddable":true,"href":"https:\/\/medposnonwoven.com\/es\/wp-json\/wp\/v2\/product_tag?post=3094"}],"curies":[{"name":"wp","href":"https:\/\/api.w.org\/{rel}","templated":true}]}}