{"id":3095,"date":"2023-01-16T15:13:41","date_gmt":"2023-01-16T15:13:41","guid":{"rendered":"https:\/\/medposnonwoven.com\/product\/boxers-desechables\/"},"modified":"2023-04-10T09:22:51","modified_gmt":"2023-04-10T09:22:51","slug":"boxers-desechables","status":"publish","type":"product","link":"https:\/\/medposnonwoven.com\/es\/producto\/boxers-desechables\/","title":{"rendered":"Boxers desechables"},"content":{"rendered":"<p>Despu\u00e9s de la ducha o el ba\u00f1o, los calzoncillos desechables son una opci\u00f3n pr\u00e1ctica y \u00fanica para vestirse. Tienen un ajuste agradable ya que est\u00e1n compuestos de materiales finos e impermeables como el fabirc no tejido. De dise\u00f1o sencillo, llevan cierre de bragueta y cintura el\u00e1stica. Debido a su comodidad para tirarlos despu\u00e9s de usarlos, los calzoncillos desechables son una opci\u00f3n fant\u00e1stica para hoteles, balnearios y salones de belleza. Tambi\u00e9n pueden utilizarse para dar m\u00e1s calor y cobertura en otros lugares, como las consultas m\u00e9dicas. Para quienes prefieren mantener la piel limpia, los calzoncillos desechables est\u00e1n disponibles en distintos tama\u00f1os y tonos, y ofrecen una soluci\u00f3n higi\u00e9nica. <span data-offset-key=\"758el-884-0\">En<\/span><span data-offset-key=\"758el-885-0\"> son<\/span><span data-offset-key=\"758el-886-0\"> tambi\u00e9n<\/span><span data-offset-key=\"758el-887-0\"> asequible<\/span><span data-offset-key=\"758el-888-0\"> y<\/span><span data-offset-key=\"758el-889-0\"> f\u00e1cil<\/span><span data-offset-key=\"758el-890-0\"> a<\/span><span data-offset-key=\"758el-891-0\"> tienda<\/span><span data-offset-key=\"758el-892-0\">,<\/span><span data-offset-key=\"758el-893-0\"> en<\/span><span data-offset-key=\"758el-894-0\"> ellos<\/span><span data-offset-key=\"758el-895-0\"> a<\/span><span data-offset-key=\"758el-896-0\"> gran<\/span><span data-offset-key=\"758el-897-0\"> elecci\u00f3n<\/span><span data-offset-key=\"758el-898-0\"> para<\/span><span data-offset-key=\"758el-899-0\"> esos<\/span><span data-offset-key=\"758el-900-0\"> buscando<\/span><span data-offset-key=\"758el-901-0\"> para<\/span><span data-offset-key=\"758el-902-0\"> un<\/span><span data-offset-key=\"758el-903-0\"> asequible<\/span><span data-offset-key=\"758el-904-0\"> y<\/span><span data-offset-key=\"758el-905-0\"> c\u00f3modo<\/span><span data-offset-key=\"758el-906-0\"> opci\u00f3n<\/span><span data-offset-key=\"758el-907-0\">.<\/span><\/p>\n<p>&nbsp;<\/p>\n<p>&nbsp;<\/p>\n","protected":false},"excerpt":{"rendered":"<ul>\n<li>Los calzoncillos desechables est\u00e1n fabricados con un tejido no tejido antidesgarro que no irrita la piel, es suave, transpirable, tiene buena permeabilidad al aire y es duradero.<\/li>\n<li>Ampliamente utilizado en bronceado, spas, salones, masajes, cl\u00ednica, tatuaje, sala de sauna, hospital, hotel, viajes, uso diario, etc.<\/li>\n<\/ul>\n<h4>Caracter\u00edsticas<\/h4>\n<p>Material: Polipropileno Spunbond<\/p>\n<p>Talla: S,M,L<\/p>\n<p>Color: Negro, Blanco, Azul oscuro<\/p>\n<p>Tipo: Con cintura el\u00e1stica<\/p>\n<p>Embalaje: 6 unidades\/paquete, 100 paquetes\/caja<\/p>\n<p>&nbsp;<\/p>\n<p>&nbsp;<\/p>\n","protected":false},"featured_media":2857,"template":"","meta":{"site-sidebar-layout":"default","site-content-layout":"default","ast-site-content-layout":"default","site-content-style":"default","site-sidebar-style":"default","ast-global-header-display":"","ast-banner-title-visibility":"","ast-main-header-display":"","ast-hfb-above-header-display":"","ast-hfb-below-header-display":"","ast-hfb-mobile-header-display":"","site-post-title":"","ast-breadcrumbs-content":"","ast-featured-img":"","footer-sml-layout":"","ast-disable-related-posts":"","theme-transparent-header-meta":"default","adv-header-id-meta":"","stick-header-meta":"","header-above-stick-meta":"","header-main-stick-meta":"","header-below-stick-meta":"","astra-migrate-meta-layouts":"default","ast-page-background-enabled":"default","ast-page-background-meta":{"desktop":{"background-color":"","background-image":"","background-repeat":"repeat","background-position":"center center","background-size":"auto","background-attachment":"scroll","background-type":"","background-media":"","overlay-type":"","overlay-color":"","overlay-opacity":"","overlay-gradient":""},"tablet":{"background-color":"","background-image":"","background-repeat":"repeat","background-position":"center center","background-size":"auto","background-attachment":"scroll","background-type":"","background-media":"","overlay-type":"","overlay-color":"","overlay-opacity":"","overlay-gradient":""},"mobile":{"background-color":"","background-image":"","background-repeat":"repeat","background-position":"center center","background-size":"auto","background-attachment":"scroll","background-type":"","background-media":"","overlay-type":"","overlay-color":"","overlay-opacity":"","overlay-gradient":""}},"ast-content-background-meta":{"desktop":{"background-color":"var(--ast-global-color-5)","background-image":"","background-repeat":"repeat","background-position":"center center","background-size":"auto","background-attachment":"scroll","background-type":"","background-media":"","overlay-type":"","overlay-color":"","overlay-opacity":"","overlay-gradient":""},"tablet":{"background-color":"var(--ast-global-color-5)","background-image":"","background-repeat":"repeat","background-position":"center center","background-size":"auto","background-attachment":"scroll","background-type":"","background-media":"","overlay-type":"","overlay-color":"","overlay-opacity":"","overlay-gradient":""},"mobile":{"background-color":"var(--ast-global-color-5)","background-image":"","background-repeat":"repeat","background-position":"center center","background-size":"auto","background-attachment":"scroll","background-type":"","background-media":"","overlay-type":"","overlay-color":"","overlay-opacity":"","overlay-gradient":""}}},"product_brand":[],"product_cat":[61],"product_tag":[],"class_list":{"0":"post-3095","1":"product","2":"type-product","3":"status-publish","4":"has-post-thumbnail","6":"product_cat-spa-beauty-desechables","7":"desktop-align-center","8":"tablet-align-left","9":"mobile-align-left","11":"first","12":"instock","13":"shipping-taxable","14":"product-type-simple"},"_links":{"self":[{"href":"https:\/\/medposnonwoven.com\/es\/wp-json\/wp\/v2\/product\/3095","targetHints":{"allow":["GET"]}}],"collection":[{"href":"https:\/\/medposnonwoven.com\/es\/wp-json\/wp\/v2\/product"}],"about":[{"href":"https:\/\/medposnonwoven.com\/es\/wp-json\/wp\/v2\/types\/product"}],"wp:featuredmedia":[{"embeddable":true,"href":"https:\/\/medposnonwoven.com\/es\/wp-json\/wp\/v2\/media\/2857"}],"wp:attachment":[{"href":"https:\/\/medposnonwoven.com\/es\/wp-json\/wp\/v2\/media?parent=3095"}],"wp:term":[{"taxonomy":"product_brand","embeddable":true,"href":"https:\/\/medposnonwoven.com\/es\/wp-json\/wp\/v2\/product_brand?post=3095"},{"taxonomy":"product_cat","embeddable":true,"href":"https:\/\/medposnonwoven.com\/es\/wp-json\/wp\/v2\/product_cat?post=3095"},{"taxonomy":"product_tag","embeddable":true,"href":"https:\/\/medposnonwoven.com\/es\/wp-json\/wp\/v2\/product_tag?post=3095"}],"curies":[{"name":"wp","href":"https:\/\/api.w.org\/{rel}","templated":true}]}}