{"id":3096,"date":"2023-01-16T14:13:08","date_gmt":"2023-01-16T14:13:08","guid":{"rendered":"https:\/\/medposnonwoven.com\/product\/sujetadores-desechables-lazo-para-el-hombro\/"},"modified":"2023-04-10T09:28:07","modified_gmt":"2023-04-10T09:28:07","slug":"sujetadores-desechables-lazo-para-el-hombro","status":"publish","type":"product","link":"https:\/\/medposnonwoven.com\/es\/producto\/sujetadores-desechables-lazo-para-el-hombro\/","title":{"rendered":"Sujetadores desechables Lazo para el hombro"},"content":{"rendered":"<ul>\n<li>Los sujetadores desechables est\u00e1n dise\u00f1ados con tirantes el\u00e1sticos que se deslizan sobre los brazos y los hombros para mantener el sujetador en su sitio, el sujetador es el\u00e1stico y de talla ajustable, adecuado para la mayor\u00eda de las personas. Est\u00e1n hechos de material no tejido suave, ligero y transpirable, el color cl\u00e1sico puede traer una muy buena protecci\u00f3n para usted, mientras disfruta de un buen cuidado para cuidar de su pecho, adecuado para el bronceado spray y otros servicios de cuidado de la piel.<\/li>\n<li>La ropa interior desechable es un tipo de ropa interior que se usa una vez y luego se desecha. Esta ropa interior puede estar hecha de diversos materiales, pero los m\u00e1s frecuentes son los ligeros y absorbentes, como los textiles no tejidos, la celulosa o una mezcla de ambos. En principio, est\u00e1n pensados para llevarlos durante un breve periodo de tiempo, a menudo s\u00f3lo unas horas, y despu\u00e9s quit\u00e1rselos y desecharlos. Algunos calzoncillos desechables pueden estar previamente humedecidos para mayor comodidad, y con frecuencia se presentan en envoltorios individuales para facilitar su transporte y uso. Se utilizan con frecuencia en situaciones en las que la ropa interior tradicional resulta poco pr\u00e1ctica, como durante los viajes, la incontinencia o la recuperaci\u00f3n tras una intervenci\u00f3n quir\u00fargica.<\/li>\n<\/ul>\n<p>&nbsp;<\/p>\n<p>&nbsp;<\/p>\n","protected":false},"excerpt":{"rendered":"<ul>\n<li>Los sujetadores desechables incluyen una cintura el\u00e1stica y est\u00e1n compuestos de tejido no tejido antidesgarro con un tacto similar al algod\u00f3n. Por razones de higiene, cada sujetador se envuelve por separado en polietileno. Peque\u00f1o y ligero para guardarlo f\u00e1cilmente y llevarlo de viaje.<\/li>\n<li>Ampliamente utilizado en bronceado, spas, salones, masajes, cl\u00ednica, tatuaje, sala de sauna, hospital, hotel, viajes, uso diario, etc.<\/li>\n<\/ul>\n<h4>Caracter\u00edsticas<\/h4>\n<p>Material: Polipropileno Spunbond<\/p>\n<p>Talla: S,M,L<\/p>\n<p>Color: Negro, Blanco, Azul oscuro<\/p>\n<p>Tipo: Lazo de hombro<\/p>\n<p>Embalaje: 6 unidades\/paquete, 100 paquetes\/caja<\/p>\n<p>&nbsp;<\/p>\n<p>&nbsp;<\/p>\n","protected":false},"featured_media":2853,"template":"","meta":{"site-sidebar-layout":"default","site-content-layout":"default","ast-site-content-layout":"default","site-content-style":"default","site-sidebar-style":"default","ast-global-header-display":"","ast-banner-title-visibility":"","ast-main-header-display":"","ast-hfb-above-header-display":"","ast-hfb-below-header-display":"","ast-hfb-mobile-header-display":"","site-post-title":"","ast-breadcrumbs-content":"","ast-featured-img":"","footer-sml-layout":"","ast-disable-related-posts":"","theme-transparent-header-meta":"default","adv-header-id-meta":"","stick-header-meta":"","header-above-stick-meta":"","header-main-stick-meta":"","header-below-stick-meta":"","astra-migrate-meta-layouts":"default","ast-page-background-enabled":"default","ast-page-background-meta":{"desktop":{"background-color":"","background-image":"","background-repeat":"repeat","background-position":"center center","background-size":"auto","background-attachment":"scroll","background-type":"","background-media":"","overlay-type":"","overlay-color":"","overlay-opacity":"","overlay-gradient":""},"tablet":{"background-color":"","background-image":"","background-repeat":"repeat","background-position":"center center","background-size":"auto","background-attachment":"scroll","background-type":"","background-media":"","overlay-type":"","overlay-color":"","overlay-opacity":"","overlay-gradient":""},"mobile":{"background-color":"","background-image":"","background-repeat":"repeat","background-position":"center center","background-size":"auto","background-attachment":"scroll","background-type":"","background-media":"","overlay-type":"","overlay-color":"","overlay-opacity":"","overlay-gradient":""}},"ast-content-background-meta":{"desktop":{"background-color":"var(--ast-global-color-5)","background-image":"","background-repeat":"repeat","background-position":"center center","background-size":"auto","background-attachment":"scroll","background-type":"","background-media":"","overlay-type":"","overlay-color":"","overlay-opacity":"","overlay-gradient":""},"tablet":{"background-color":"var(--ast-global-color-5)","background-image":"","background-repeat":"repeat","background-position":"center center","background-size":"auto","background-attachment":"scroll","background-type":"","background-media":"","overlay-type":"","overlay-color":"","overlay-opacity":"","overlay-gradient":""},"mobile":{"background-color":"var(--ast-global-color-5)","background-image":"","background-repeat":"repeat","background-position":"center center","background-size":"auto","background-attachment":"scroll","background-type":"","background-media":"","overlay-type":"","overlay-color":"","overlay-opacity":"","overlay-gradient":""}}},"product_brand":[],"product_cat":[61],"product_tag":[],"class_list":{"0":"post-3096","1":"product","2":"type-product","3":"status-publish","4":"has-post-thumbnail","6":"product_cat-spa-beauty-desechables","7":"desktop-align-center","8":"tablet-align-left","9":"mobile-align-left","11":"first","12":"instock","13":"shipping-taxable","14":"product-type-simple"},"_links":{"self":[{"href":"https:\/\/medposnonwoven.com\/es\/wp-json\/wp\/v2\/product\/3096","targetHints":{"allow":["GET"]}}],"collection":[{"href":"https:\/\/medposnonwoven.com\/es\/wp-json\/wp\/v2\/product"}],"about":[{"href":"https:\/\/medposnonwoven.com\/es\/wp-json\/wp\/v2\/types\/product"}],"wp:featuredmedia":[{"embeddable":true,"href":"https:\/\/medposnonwoven.com\/es\/wp-json\/wp\/v2\/media\/2853"}],"wp:attachment":[{"href":"https:\/\/medposnonwoven.com\/es\/wp-json\/wp\/v2\/media?parent=3096"}],"wp:term":[{"taxonomy":"product_brand","embeddable":true,"href":"https:\/\/medposnonwoven.com\/es\/wp-json\/wp\/v2\/product_brand?post=3096"},{"taxonomy":"product_cat","embeddable":true,"href":"https:\/\/medposnonwoven.com\/es\/wp-json\/wp\/v2\/product_cat?post=3096"},{"taxonomy":"product_tag","embeddable":true,"href":"https:\/\/medposnonwoven.com\/es\/wp-json\/wp\/v2\/product_tag?post=3096"}],"curies":[{"name":"wp","href":"https:\/\/api.w.org\/{rel}","templated":true}]}}