{"id":3097,"date":"2023-01-15T16:41:06","date_gmt":"2023-01-15T16:41:06","guid":{"rendered":"https:\/\/medposnonwoven.com\/product\/rollos-de-papel-de-examen-desechables\/"},"modified":"2023-04-10T09:36:10","modified_gmt":"2023-04-10T09:36:10","slug":"rollos-de-papel-de-examen-desechables","status":"publish","type":"product","link":"https:\/\/medposnonwoven.com\/es\/producto\/rollos-de-papel-de-examen-desechables\/","title":{"rendered":"Rollos de papel de examen desechables"},"content":{"rendered":"<ul>\n<li>Nuestros rollos de s\u00e1banas laminadas de papel y pel\u00edcula de PE se laminan juntos mediante presi\u00f3n f\u00edsica, sin pegamento de uni\u00f3n, seguro y no t\u00f3xico, y el papel y la pel\u00edcula se pueden separar completamente. El compuesto de papel + pel\u00edcula aumenta el rendimiento impermeable y a prueba de fugas de la almohadilla de hoja, m\u00e1s limpia e higi\u00e9nica. El dise\u00f1o de la perforaci\u00f3n se puede plegar en una sola hoja con una l\u00ednea corta para facilitar el rasgado, rasgando hacia abajo que es la pieza de hoja que se puede plegar en el tama\u00f1o requerido. El color, el tama\u00f1o y el dibujo pueden personalizarse.<\/li>\n<\/ul>\n<p>&nbsp;<\/p>\n","protected":false},"excerpt":{"rendered":"<ul>\n<li>Los rollos de papel son resistentes y absorbentes, y ayudan a garantizar un entorno higi\u00e9nico en la sala de exploraci\u00f3n para una atenci\u00f3n segura del paciente.<\/li>\n<li>Ampliamente utilizado en profesionales, mesas de masaje, camas faciales y de examen, mesa de examen de hospital, quiropr\u00e1ctico y mesas de fisioterapia, Esteticista, Lash, Cera, sillas de tatuaje.<\/li>\n<\/ul>\n<h4>Caracter\u00edsticas<\/h4>\n<p>Material: Tejido de pulpa de madera o PE+papel<\/p>\n<p>Tama\u00f1o: 50 cm*50 m, 50 cm*100 m o personalizado<\/p>\n<p>Color: Azul, Blanco, Rosa<\/p>\n<p>Tipo: Textura lisa o crep\u00e9<\/p>\n<p>Embalaje: 1 unidad\/rollo, 10 rollos\/caja<\/p>\n<p>&nbsp;<\/p>\n<p>&nbsp;<\/p>\n","protected":false},"featured_media":2839,"template":"","meta":{"site-sidebar-layout":"default","site-content-layout":"default","ast-site-content-layout":"default","site-content-style":"default","site-sidebar-style":"default","ast-global-header-display":"","ast-banner-title-visibility":"","ast-main-header-display":"","ast-hfb-above-header-display":"","ast-hfb-below-header-display":"","ast-hfb-mobile-header-display":"","site-post-title":"","ast-breadcrumbs-content":"","ast-featured-img":"","footer-sml-layout":"","ast-disable-related-posts":"","theme-transparent-header-meta":"default","adv-header-id-meta":"","stick-header-meta":"","header-above-stick-meta":"","header-main-stick-meta":"","header-below-stick-meta":"","astra-migrate-meta-layouts":"default","ast-page-background-enabled":"default","ast-page-background-meta":{"desktop":{"background-color":"","background-image":"","background-repeat":"repeat","background-position":"center center","background-size":"auto","background-attachment":"scroll","background-type":"","background-media":"","overlay-type":"","overlay-color":"","overlay-opacity":"","overlay-gradient":""},"tablet":{"background-color":"","background-image":"","background-repeat":"repeat","background-position":"center center","background-size":"auto","background-attachment":"scroll","background-type":"","background-media":"","overlay-type":"","overlay-color":"","overlay-opacity":"","overlay-gradient":""},"mobile":{"background-color":"","background-image":"","background-repeat":"repeat","background-position":"center center","background-size":"auto","background-attachment":"scroll","background-type":"","background-media":"","overlay-type":"","overlay-color":"","overlay-opacity":"","overlay-gradient":""}},"ast-content-background-meta":{"desktop":{"background-color":"var(--ast-global-color-5)","background-image":"","background-repeat":"repeat","background-position":"center center","background-size":"auto","background-attachment":"scroll","background-type":"","background-media":"","overlay-type":"","overlay-color":"","overlay-opacity":"","overlay-gradient":""},"tablet":{"background-color":"var(--ast-global-color-5)","background-image":"","background-repeat":"repeat","background-position":"center center","background-size":"auto","background-attachment":"scroll","background-type":"","background-media":"","overlay-type":"","overlay-color":"","overlay-opacity":"","overlay-gradient":""},"mobile":{"background-color":"var(--ast-global-color-5)","background-image":"","background-repeat":"repeat","background-position":"center center","background-size":"auto","background-attachment":"scroll","background-type":"","background-media":"","overlay-type":"","overlay-color":"","overlay-opacity":"","overlay-gradient":""}}},"product_brand":[],"product_cat":[63],"product_tag":[],"class_list":{"0":"post-3097","1":"product","2":"type-product","3":"status-publish","4":"has-post-thumbnail","6":"product_cat-rollos-y-fundas-de-cama-desechables","7":"desktop-align-center","8":"tablet-align-left","9":"mobile-align-left","11":"first","12":"instock","13":"shipping-taxable","14":"product-type-simple"},"_links":{"self":[{"href":"https:\/\/medposnonwoven.com\/es\/wp-json\/wp\/v2\/product\/3097","targetHints":{"allow":["GET"]}}],"collection":[{"href":"https:\/\/medposnonwoven.com\/es\/wp-json\/wp\/v2\/product"}],"about":[{"href":"https:\/\/medposnonwoven.com\/es\/wp-json\/wp\/v2\/types\/product"}],"wp:featuredmedia":[{"embeddable":true,"href":"https:\/\/medposnonwoven.com\/es\/wp-json\/wp\/v2\/media\/2839"}],"wp:attachment":[{"href":"https:\/\/medposnonwoven.com\/es\/wp-json\/wp\/v2\/media?parent=3097"}],"wp:term":[{"taxonomy":"product_brand","embeddable":true,"href":"https:\/\/medposnonwoven.com\/es\/wp-json\/wp\/v2\/product_brand?post=3097"},{"taxonomy":"product_cat","embeddable":true,"href":"https:\/\/medposnonwoven.com\/es\/wp-json\/wp\/v2\/product_cat?post=3097"},{"taxonomy":"product_tag","embeddable":true,"href":"https:\/\/medposnonwoven.com\/es\/wp-json\/wp\/v2\/product_tag?post=3097"}],"curies":[{"name":"wp","href":"https:\/\/api.w.org\/{rel}","templated":true}]}}