{"id":3098,"date":"2023-01-14T15:06:28","date_gmt":"2023-01-14T15:06:28","guid":{"rendered":"https:\/\/medposnonwoven.com\/product\/calzoncillos-desechables-para-bebes\/"},"modified":"2023-04-10T09:44:34","modified_gmt":"2023-04-10T09:44:34","slug":"calzoncillos-desechables-para-bebes","status":"publish","type":"product","link":"https:\/\/medposnonwoven.com\/es\/producto\/calzoncillos-desechables-para-bebes\/","title":{"rendered":"Calzoncillos desechables para beb\u00e9s"},"content":{"rendered":"<ul>\n<li>Chux Pads utiliza una superficie de malla a prueba de algod\u00f3n, que est\u00e1 hecha de telas no tejidas que son m\u00e1s suaves que la piel. Tiene una fuerte penetraci\u00f3n y una r\u00e1pida absorci\u00f3n. El l\u00edquido se recoge en un solo lugar, y no se producir\u00e1n fen\u00f3menos de empapamiento, culito rojo infantil, alergias, etc. La parte inferior de su capa de PE a prueba de fugas no penetrar\u00e1 el l\u00edquido a la cama, que tiene una funci\u00f3n de contracci\u00f3n de gran alcance.<\/li>\n<li>Est\u00e1 indicado principalmente para pacientes con incontinencia, par\u00e1lisis, beb\u00e9s, noches menstruales de mujeres y relaciones sexuales de hombres y mujeres. Los empapadores tambi\u00e9n son muy c\u00f3modos de usar de una sola vez. Mientras las almohadillas desechables se aplasten con la cama o el cochecito del beb\u00e9, hay que prestar atenci\u00f3n a mantener la piel limpia y seca al utilizarlas. Debes sustituir los nuevos empapadores a tiempo para evitar eccemas y otras enfermedades tras su uso. Si los pacientes permanecen mucho tiempo tumbados en la cama, hay que ayudarles a restregarse el cuerpo, darse la vuelta, etc. para evitar que la piel se llague.<\/li>\n<\/ul>\n<p>&nbsp;<\/p>\n<p>&nbsp;<\/p>\n<p>&nbsp;<\/p>\n","protected":false},"excerpt":{"rendered":"<ul>\n<li>Los cubrecamas para beb\u00e9s est\u00e1n fabricados con excelente tejido no tejido y pulpa de pelusa, es suave y agradable para la piel, no contiene sustancias irritantes como productos qu\u00edmicos y colorantes. Es un producto ideal para la piel delicada y la piel sensible de los beb\u00e9s.<\/li>\n<li>Ampliamente utilizado en hospitales, residencias de ancianos, cuidado de beb\u00e9s, hogar, adiestramiento de perros y protecci\u00f3n de muebles.<\/li>\n<\/ul>\n<h4>Caracter\u00edsticas<\/h4>\n<p>Material:No tejido+Papel+Fluff+SAP+Film PE<\/p>\n<p>Tama\u00f1o: 60x60cm, 60x90cm o personalizado<\/p>\n<p>Color: Azul, Blanco, Verde<\/p>\n<p>Tipo: Con o sin relieve<\/p>\n<p>Embalaje: 20 uds.\/bolsa, 15 bolsas\/caja<\/p>\n<p>&nbsp;<\/p>\n<p>&nbsp;<\/p>\n","protected":false},"featured_media":2827,"template":"","meta":{"site-sidebar-layout":"default","site-content-layout":"default","ast-site-content-layout":"default","site-content-style":"default","site-sidebar-style":"default","ast-global-header-display":"","ast-banner-title-visibility":"","ast-main-header-display":"","ast-hfb-above-header-display":"","ast-hfb-below-header-display":"","ast-hfb-mobile-header-display":"","site-post-title":"","ast-breadcrumbs-content":"","ast-featured-img":"","footer-sml-layout":"","ast-disable-related-posts":"","theme-transparent-header-meta":"default","adv-header-id-meta":"","stick-header-meta":"","header-above-stick-meta":"","header-main-stick-meta":"","header-below-stick-meta":"","astra-migrate-meta-layouts":"default","ast-page-background-enabled":"default","ast-page-background-meta":{"desktop":{"background-color":"","background-image":"","background-repeat":"repeat","background-position":"center center","background-size":"auto","background-attachment":"scroll","background-type":"","background-media":"","overlay-type":"","overlay-color":"","overlay-opacity":"","overlay-gradient":""},"tablet":{"background-color":"","background-image":"","background-repeat":"repeat","background-position":"center center","background-size":"auto","background-attachment":"scroll","background-type":"","background-media":"","overlay-type":"","overlay-color":"","overlay-opacity":"","overlay-gradient":""},"mobile":{"background-color":"","background-image":"","background-repeat":"repeat","background-position":"center center","background-size":"auto","background-attachment":"scroll","background-type":"","background-media":"","overlay-type":"","overlay-color":"","overlay-opacity":"","overlay-gradient":""}},"ast-content-background-meta":{"desktop":{"background-color":"var(--ast-global-color-5)","background-image":"","background-repeat":"repeat","background-position":"center center","background-size":"auto","background-attachment":"scroll","background-type":"","background-media":"","overlay-type":"","overlay-color":"","overlay-opacity":"","overlay-gradient":""},"tablet":{"background-color":"var(--ast-global-color-5)","background-image":"","background-repeat":"repeat","background-position":"center center","background-size":"auto","background-attachment":"scroll","background-type":"","background-media":"","overlay-type":"","overlay-color":"","overlay-opacity":"","overlay-gradient":""},"mobile":{"background-color":"var(--ast-global-color-5)","background-image":"","background-repeat":"repeat","background-position":"center center","background-size":"auto","background-attachment":"scroll","background-type":"","background-media":"","overlay-type":"","overlay-color":"","overlay-opacity":"","overlay-gradient":""}}},"product_brand":[],"product_cat":[64],"product_tag":[],"class_list":{"0":"post-3098","1":"product","2":"type-product","3":"status-publish","4":"has-post-thumbnail","6":"product_cat-calzoncillos-desechables","7":"desktop-align-center","8":"tablet-align-left","9":"mobile-align-left","11":"first","12":"instock","13":"shipping-taxable","14":"product-type-simple"},"_links":{"self":[{"href":"https:\/\/medposnonwoven.com\/es\/wp-json\/wp\/v2\/product\/3098","targetHints":{"allow":["GET"]}}],"collection":[{"href":"https:\/\/medposnonwoven.com\/es\/wp-json\/wp\/v2\/product"}],"about":[{"href":"https:\/\/medposnonwoven.com\/es\/wp-json\/wp\/v2\/types\/product"}],"wp:featuredmedia":[{"embeddable":true,"href":"https:\/\/medposnonwoven.com\/es\/wp-json\/wp\/v2\/media\/2827"}],"wp:attachment":[{"href":"https:\/\/medposnonwoven.com\/es\/wp-json\/wp\/v2\/media?parent=3098"}],"wp:term":[{"taxonomy":"product_brand","embeddable":true,"href":"https:\/\/medposnonwoven.com\/es\/wp-json\/wp\/v2\/product_brand?post=3098"},{"taxonomy":"product_cat","embeddable":true,"href":"https:\/\/medposnonwoven.com\/es\/wp-json\/wp\/v2\/product_cat?post=3098"},{"taxonomy":"product_tag","embeddable":true,"href":"https:\/\/medposnonwoven.com\/es\/wp-json\/wp\/v2\/product_tag?post=3098"}],"curies":[{"name":"wp","href":"https:\/\/api.w.org\/{rel}","templated":true}]}}