{"id":3099,"date":"2023-01-13T15:23:09","date_gmt":"2023-01-13T15:23:09","guid":{"rendered":"https:\/\/medposnonwoven.com\/product\/manguitos-desechables-de-pe-azules\/"},"modified":"2023-04-10T09:59:41","modified_gmt":"2023-04-10T09:59:41","slug":"manguitos-desechables-de-pe-azules","status":"publish","type":"product","link":"https:\/\/medposnonwoven.com\/es\/producto\/manguitos-desechables-de-pe-azules\/","title":{"rendered":"Manguitos desechables de PE azules"},"content":{"rendered":"<ul>\n<li>Como capa adicional de defensa, estas fundas desechables pueden llevarse sobre la ropa para proteger el antebrazo de residuos, derrames, suciedad, polvos contaminantes y barreras de part\u00edculas. al tiempo que ofrece un gran confort tras horas de uso. Est\u00e1n hechos de pl\u00e1stico suave y duradero que es ligero y c\u00f3modo de llevar. Estas fundas desechables pueden reutilizarse numerosas veces porque no son en absoluto fr\u00e1giles. Hay dos anillas de cinta en los extremos para evitar que el agua moje las mangas y mantener la funda en su posici\u00f3n. Talla \u00fanica para todos y permite un ajuste f\u00e1cil y ce\u00f1ido.<\/li>\n<\/ul>\n<p>&nbsp;<\/p>\n","protected":false},"excerpt":{"rendered":"<ul>\n<li>Los manguitos desechables s\u00f3lo se utilizan una vez y est\u00e1n fabricados en polietileno de alta calidad. Al llevarlos puestos, los cubrebrazos y las mangas son realmente c\u00f3modos y estables. ligeros y seguros con c\u00f3modas mangas el\u00e1sticas.<\/li>\n<li>Ampliamente utilizado en tareas de manipulaci\u00f3n de alimentos y trabajos en h\u00famedo, limpieza de salas, \u00e1reas de producci\u00f3n electr\u00f3nica, industria del embalaje, por limpiadores, decoradores y comerciantes.<\/li>\n<\/ul>\n<h4>Caracter\u00edsticas<\/h4>\n<p>Material: Polietileno (LDPE)<\/p>\n<p>Tama\u00f1o: 16\u2033(40 x 20cm) , 18\u2033 (45 x 22cm)<\/p>\n<p>Color: Azul, Blanco<\/p>\n<p>Tipo: Superficie en relieve o lisa, Extremos el\u00e1sticos<\/p>\n<p>Embalaje: 100 unidades\/bolsa, 20 bolsas\/caja<\/p>\n<p>&nbsp;<\/p>\n<p>&nbsp;<\/p>\n<p>&nbsp;<\/p>\n","protected":false},"featured_media":2814,"template":"","meta":{"site-sidebar-layout":"default","site-content-layout":"default","ast-site-content-layout":"default","site-content-style":"default","site-sidebar-style":"default","ast-global-header-display":"","ast-banner-title-visibility":"","ast-main-header-display":"","ast-hfb-above-header-display":"","ast-hfb-below-header-display":"","ast-hfb-mobile-header-display":"","site-post-title":"","ast-breadcrumbs-content":"","ast-featured-img":"","footer-sml-layout":"","ast-disable-related-posts":"","theme-transparent-header-meta":"default","adv-header-id-meta":"","stick-header-meta":"","header-above-stick-meta":"","header-main-stick-meta":"","header-below-stick-meta":"","astra-migrate-meta-layouts":"default","ast-page-background-enabled":"default","ast-page-background-meta":{"desktop":{"background-color":"","background-image":"","background-repeat":"repeat","background-position":"center center","background-size":"auto","background-attachment":"scroll","background-type":"","background-media":"","overlay-type":"","overlay-color":"","overlay-opacity":"","overlay-gradient":""},"tablet":{"background-color":"","background-image":"","background-repeat":"repeat","background-position":"center center","background-size":"auto","background-attachment":"scroll","background-type":"","background-media":"","overlay-type":"","overlay-color":"","overlay-opacity":"","overlay-gradient":""},"mobile":{"background-color":"","background-image":"","background-repeat":"repeat","background-position":"center center","background-size":"auto","background-attachment":"scroll","background-type":"","background-media":"","overlay-type":"","overlay-color":"","overlay-opacity":"","overlay-gradient":""}},"ast-content-background-meta":{"desktop":{"background-color":"var(--ast-global-color-5)","background-image":"","background-repeat":"repeat","background-position":"center center","background-size":"auto","background-attachment":"scroll","background-type":"","background-media":"","overlay-type":"","overlay-color":"","overlay-opacity":"","overlay-gradient":""},"tablet":{"background-color":"var(--ast-global-color-5)","background-image":"","background-repeat":"repeat","background-position":"center center","background-size":"auto","background-attachment":"scroll","background-type":"","background-media":"","overlay-type":"","overlay-color":"","overlay-opacity":"","overlay-gradient":""},"mobile":{"background-color":"var(--ast-global-color-5)","background-image":"","background-repeat":"repeat","background-position":"center center","background-size":"auto","background-attachment":"scroll","background-type":"","background-media":"","overlay-type":"","overlay-color":"","overlay-opacity":"","overlay-gradient":""}}},"product_brand":[],"product_cat":[65],"product_tag":[],"class_list":{"0":"post-3099","1":"product","2":"type-product","3":"status-publish","4":"has-post-thumbnail","6":"product_cat-fundas-desechables","7":"desktop-align-center","8":"tablet-align-left","9":"mobile-align-left","11":"first","12":"instock","13":"shipping-taxable","14":"product-type-simple"},"_links":{"self":[{"href":"https:\/\/medposnonwoven.com\/es\/wp-json\/wp\/v2\/product\/3099","targetHints":{"allow":["GET"]}}],"collection":[{"href":"https:\/\/medposnonwoven.com\/es\/wp-json\/wp\/v2\/product"}],"about":[{"href":"https:\/\/medposnonwoven.com\/es\/wp-json\/wp\/v2\/types\/product"}],"wp:featuredmedia":[{"embeddable":true,"href":"https:\/\/medposnonwoven.com\/es\/wp-json\/wp\/v2\/media\/2814"}],"wp:attachment":[{"href":"https:\/\/medposnonwoven.com\/es\/wp-json\/wp\/v2\/media?parent=3099"}],"wp:term":[{"taxonomy":"product_brand","embeddable":true,"href":"https:\/\/medposnonwoven.com\/es\/wp-json\/wp\/v2\/product_brand?post=3099"},{"taxonomy":"product_cat","embeddable":true,"href":"https:\/\/medposnonwoven.com\/es\/wp-json\/wp\/v2\/product_cat?post=3099"},{"taxonomy":"product_tag","embeddable":true,"href":"https:\/\/medposnonwoven.com\/es\/wp-json\/wp\/v2\/product_tag?post=3099"}],"curies":[{"name":"wp","href":"https:\/\/api.w.org\/{rel}","templated":true}]}}