{"id":3101,"date":"2023-01-15T16:23:07","date_gmt":"2023-01-15T16:23:07","guid":{"rendered":"https:\/\/medposnonwoven.com\/product\/cubrecamas-desechables-de-tejido-sin-tejer\/"},"modified":"2023-04-10T09:37:40","modified_gmt":"2023-04-10T09:37:40","slug":"cubrecamas-desechables-de-tejido-sin-tejer","status":"publish","type":"product","link":"https:\/\/medposnonwoven.com\/es\/producto\/cubrecamas-desechables-de-tejido-sin-tejer\/","title":{"rendered":"Cubrecamas desechables de tejido sin tejer"},"content":{"rendered":"<ul>\n<li>Nuestros cubrecamas desechables utilizan tela no tejida espesada hecha de material impermeable, envuelta herm\u00e9ticamente, limpia e higi\u00e9nica, la protecci\u00f3n de corte as\u00e9ptico es m\u00e1s considerada. Impermeable m\u00e1s a prueba de fugas, evitar la fuga de l\u00edquidos, aislamiento eficaz para evitar sucio, tela engrosada es fuerte y durable, fuerte rodamiento, suave y c\u00f3modo. Ambos extremos o completa alrededor de la banda de cuero el\u00e1stico de dise\u00f1o. Los clientes pueden elegir entre una gran variedad de tama\u00f1os y colores.<\/li>\n<li>La cubierta de la cama es ampliamente utilizada en camas de hospital, salones de belleza, clubes de belleza, salas de sauna, cuidado en el hogar, ba\u00f1os, viajes de negocios, viajes<br \/>\n(1) Se utiliza para s\u00e1banas de examen ginecol\u00f3gico y s\u00e1banas de esterilla desechables y s\u00e1banas de cama utilizadas en diversos departamentos de hospitales.<br \/>\n(2) Se puede utilizar para pacientes encamados, el per\u00edodo menstrual de las mujeres, el posparto de las mujeres y otras s\u00e1banas de esterilla impermeables para evitar la contaminaci\u00f3n del colch\u00f3n de la cama.<br \/>\n(3) Puede utilizarse como absorbente de orina para beb\u00e9s y ni\u00f1os.<br \/>\n(4) Se utiliza en casa como s\u00e1bana absorbente, por ejemplo para evitar que la orina empape las s\u00e1banas y que la sangre menstrual contamine las s\u00e1banas.<br \/>\n(5) Exterior para picnics, puestos, etc., ligero y f\u00e1cil de transportar.<br \/>\n(6) colocado en el verano bajo la estera fresca, especialmente bajo la estera del mahjong, para prevenir la contaminaci\u00f3n del polvo y de la escoria de las hojas, buena limpieza.<br \/>\n(7) viaje de negocios para alojarse en un hotel cuando se acuesta en la cama, limpia e higi\u00e9nica.<br \/>\n(8) uso dom\u00e9stico o en restaurantes de cocina y profesionales de esteras desechables.<\/li>\n<\/ul>\n<p>&nbsp;<\/p>\n<p>&nbsp;<\/p>\n","protected":false},"excerpt":{"rendered":"<ul>\n<li>Las s\u00e1banas ajustables desechables cuentan con un dise\u00f1o de borde el\u00e1stico en ambos extremos, no se caen f\u00e1cilmente y son c\u00f3modas de usar, los clientes pueden darles la vuelta a voluntad.<\/li>\n<li>Ampliamente utilizado en profesionales, mesas de masaje, camas faciales y de examen, mesa de examen de hospital, quiropr\u00e1ctico y mesas de fisioterapia, Esteticista, Lash, Cera, sillas de tatuaje.<\/li>\n<\/ul>\n<h4>Caracter\u00edsticas<\/h4>\n<p>Material: Polipropileno Spunbond o SMS<\/p>\n<p>Tama\u00f1o: 100*200cm o personalizado<\/p>\n<p>Color: Azul, Blanco, Rosa<\/p>\n<p>Tipo: El\u00e1sticos en dos extremos o en todo el contorno<\/p>\n<p>Embalaje: 10 unidades\/bolsa, 10 bolsas\/caja<\/p>\n<p>&nbsp;<\/p>\n<p>&nbsp;<\/p>\n<p>&nbsp;<\/p>\n","protected":false},"featured_media":2836,"template":"","meta":{"site-sidebar-layout":"default","site-content-layout":"default","ast-site-content-layout":"default","site-content-style":"default","site-sidebar-style":"default","ast-global-header-display":"","ast-banner-title-visibility":"","ast-main-header-display":"","ast-hfb-above-header-display":"","ast-hfb-below-header-display":"","ast-hfb-mobile-header-display":"","site-post-title":"","ast-breadcrumbs-content":"","ast-featured-img":"","footer-sml-layout":"","ast-disable-related-posts":"","theme-transparent-header-meta":"default","adv-header-id-meta":"","stick-header-meta":"","header-above-stick-meta":"","header-main-stick-meta":"","header-below-stick-meta":"","astra-migrate-meta-layouts":"default","ast-page-background-enabled":"default","ast-page-background-meta":{"desktop":{"background-color":"","background-image":"","background-repeat":"repeat","background-position":"center center","background-size":"auto","background-attachment":"scroll","background-type":"","background-media":"","overlay-type":"","overlay-color":"","overlay-opacity":"","overlay-gradient":""},"tablet":{"background-color":"","background-image":"","background-repeat":"repeat","background-position":"center center","background-size":"auto","background-attachment":"scroll","background-type":"","background-media":"","overlay-type":"","overlay-color":"","overlay-opacity":"","overlay-gradient":""},"mobile":{"background-color":"","background-image":"","background-repeat":"repeat","background-position":"center center","background-size":"auto","background-attachment":"scroll","background-type":"","background-media":"","overlay-type":"","overlay-color":"","overlay-opacity":"","overlay-gradient":""}},"ast-content-background-meta":{"desktop":{"background-color":"var(--ast-global-color-5)","background-image":"","background-repeat":"repeat","background-position":"center center","background-size":"auto","background-attachment":"scroll","background-type":"","background-media":"","overlay-type":"","overlay-color":"","overlay-opacity":"","overlay-gradient":""},"tablet":{"background-color":"var(--ast-global-color-5)","background-image":"","background-repeat":"repeat","background-position":"center center","background-size":"auto","background-attachment":"scroll","background-type":"","background-media":"","overlay-type":"","overlay-color":"","overlay-opacity":"","overlay-gradient":""},"mobile":{"background-color":"var(--ast-global-color-5)","background-image":"","background-repeat":"repeat","background-position":"center center","background-size":"auto","background-attachment":"scroll","background-type":"","background-media":"","overlay-type":"","overlay-color":"","overlay-opacity":"","overlay-gradient":""}}},"product_brand":[],"product_cat":[63],"product_tag":[],"class_list":{"0":"post-3101","1":"product","2":"type-product","3":"status-publish","4":"has-post-thumbnail","6":"product_cat-rollos-y-fundas-de-cama-desechables","7":"desktop-align-center","8":"tablet-align-left","9":"mobile-align-left","11":"first","12":"instock","13":"shipping-taxable","14":"product-type-simple"},"_links":{"self":[{"href":"https:\/\/medposnonwoven.com\/es\/wp-json\/wp\/v2\/product\/3101","targetHints":{"allow":["GET"]}}],"collection":[{"href":"https:\/\/medposnonwoven.com\/es\/wp-json\/wp\/v2\/product"}],"about":[{"href":"https:\/\/medposnonwoven.com\/es\/wp-json\/wp\/v2\/types\/product"}],"wp:featuredmedia":[{"embeddable":true,"href":"https:\/\/medposnonwoven.com\/es\/wp-json\/wp\/v2\/media\/2836"}],"wp:attachment":[{"href":"https:\/\/medposnonwoven.com\/es\/wp-json\/wp\/v2\/media?parent=3101"}],"wp:term":[{"taxonomy":"product_brand","embeddable":true,"href":"https:\/\/medposnonwoven.com\/es\/wp-json\/wp\/v2\/product_brand?post=3101"},{"taxonomy":"product_cat","embeddable":true,"href":"https:\/\/medposnonwoven.com\/es\/wp-json\/wp\/v2\/product_cat?post=3101"},{"taxonomy":"product_tag","embeddable":true,"href":"https:\/\/medposnonwoven.com\/es\/wp-json\/wp\/v2\/product_tag?post=3101"}],"curies":[{"name":"wp","href":"https:\/\/api.w.org\/{rel}","templated":true}]}}