{"id":3102,"date":"2023-01-14T14:13:06","date_gmt":"2023-01-14T14:13:06","guid":{"rendered":"https:\/\/medposnonwoven.com\/product\/calzoncillos-desechables-para-adultos\/"},"modified":"2023-04-10T09:48:09","modified_gmt":"2023-04-10T09:48:09","slug":"calzoncillos-desechables-para-adultos","status":"publish","type":"product","link":"https:\/\/medposnonwoven.com\/es\/producto\/calzoncillos-desechables-para-adultos\/","title":{"rendered":"Calzoncillos desechables para adultos"},"content":{"rendered":"<ul>\n<li>Los absorbentes desechables, a veces denominados absorbentes para la incontinencia, son almohadillas incre\u00edblemente absorbentes que suelen utilizarse para proteger los colchones de los da\u00f1os causados por el pis. La almohadilla se coloca encima o debajo de la ropa blanca, seg\u00fan se desee, y sirve para recoger las fugas. Para evitar que la orina da\u00f1e las camas y el mobiliario y reducir al m\u00ednimo el lavado de ropa, los empapadores se han convertido en la norma del sector en hospitales y centros de cuidados de larga duraci\u00f3n. Los empapadores se crearon en un principio para proteger los colchones de los accidentes de incontinencia de los adultos, pero la gente creativa ha descubierto otras aplicaciones para estos estupendos empapadores.<\/li>\n<li>Protecci\u00f3n de muebles &#8211; Los empapadores pueden aplicarse f\u00e1cilmente a sillas, sof\u00e1s, sillas de ruedas y otros art\u00edculos para proteger los muebles. El absorbente Tranquility Peach Sheet incluye cuatro cintas adhesivas para ayudar a que se adhiera a diferentes superficies.<\/li>\n<li>Bajo un inodoro &#8211; Los inodoros son peque\u00f1os retretes port\u00e1tiles que se utilizan junto a la cama. Los empapadores son ideales para proteger el suelo debajo del inodoro.<\/li>\n<li>Cambiadores para beb\u00e9s &#8211; Muchos de nuestros empleados nos han sugerido que utilicemos un coj\u00edn interior como cambiador port\u00e1til, higi\u00e9nico y sencillo. Al ser est\u00e9ril, suave y lisa, no tienes que preocuparte de que el beb\u00e9 toque superficies sucias.<\/li>\n<\/ul>\n","protected":false},"excerpt":{"rendered":"<ul>\n<li>La confianza y el sue\u00f1o de hombres, mujeres, ni\u00f1os y ancianos pueden mejorar con el uso de estos gruesos absorbentes para incontinencia, que protegen la ropa de cama y la lencer\u00eda de los problemas de vejiga u orina incontrolados.<\/li>\n<li>Ampliamente utilizado en hospitales, residencias de ancianos, cuidado de beb\u00e9s, hogar, adiestramiento de perros y protecci\u00f3n de muebles.<\/li>\n<\/ul>\n<h4>Caracter\u00edsticas<\/h4>\n<p>Material:No tejido+Papel+Fluff+SAP+Film PE<\/p>\n<p>Tama\u00f1o: 60x60cm, 60x90cm o personalizado<\/p>\n<p>Color: Azul, Blanco, Verde<\/p>\n<p>Tipo: Con o sin relieve<\/p>\n<p>Embalaje: 20 uds.\/bolsa, 15 bolsas\/caja<\/p>\n<p>&nbsp;<\/p>\n","protected":false},"featured_media":2824,"template":"","meta":{"site-sidebar-layout":"default","site-content-layout":"default","ast-site-content-layout":"default","site-content-style":"default","site-sidebar-style":"default","ast-global-header-display":"","ast-banner-title-visibility":"","ast-main-header-display":"","ast-hfb-above-header-display":"","ast-hfb-below-header-display":"","ast-hfb-mobile-header-display":"","site-post-title":"","ast-breadcrumbs-content":"","ast-featured-img":"","footer-sml-layout":"","ast-disable-related-posts":"","theme-transparent-header-meta":"default","adv-header-id-meta":"","stick-header-meta":"","header-above-stick-meta":"","header-main-stick-meta":"","header-below-stick-meta":"","astra-migrate-meta-layouts":"default","ast-page-background-enabled":"default","ast-page-background-meta":{"desktop":{"background-color":"","background-image":"","background-repeat":"repeat","background-position":"center center","background-size":"auto","background-attachment":"scroll","background-type":"","background-media":"","overlay-type":"","overlay-color":"","overlay-opacity":"","overlay-gradient":""},"tablet":{"background-color":"","background-image":"","background-repeat":"repeat","background-position":"center center","background-size":"auto","background-attachment":"scroll","background-type":"","background-media":"","overlay-type":"","overlay-color":"","overlay-opacity":"","overlay-gradient":""},"mobile":{"background-color":"","background-image":"","background-repeat":"repeat","background-position":"center center","background-size":"auto","background-attachment":"scroll","background-type":"","background-media":"","overlay-type":"","overlay-color":"","overlay-opacity":"","overlay-gradient":""}},"ast-content-background-meta":{"desktop":{"background-color":"var(--ast-global-color-5)","background-image":"","background-repeat":"repeat","background-position":"center center","background-size":"auto","background-attachment":"scroll","background-type":"","background-media":"","overlay-type":"","overlay-color":"","overlay-opacity":"","overlay-gradient":""},"tablet":{"background-color":"var(--ast-global-color-5)","background-image":"","background-repeat":"repeat","background-position":"center center","background-size":"auto","background-attachment":"scroll","background-type":"","background-media":"","overlay-type":"","overlay-color":"","overlay-opacity":"","overlay-gradient":""},"mobile":{"background-color":"var(--ast-global-color-5)","background-image":"","background-repeat":"repeat","background-position":"center center","background-size":"auto","background-attachment":"scroll","background-type":"","background-media":"","overlay-type":"","overlay-color":"","overlay-opacity":"","overlay-gradient":""}}},"product_brand":[],"product_cat":[64],"product_tag":[],"class_list":{"0":"post-3102","1":"product","2":"type-product","3":"status-publish","4":"has-post-thumbnail","6":"product_cat-calzoncillos-desechables","7":"desktop-align-center","8":"tablet-align-left","9":"mobile-align-left","11":"first","12":"instock","13":"shipping-taxable","14":"product-type-simple"},"_links":{"self":[{"href":"https:\/\/medposnonwoven.com\/es\/wp-json\/wp\/v2\/product\/3102","targetHints":{"allow":["GET"]}}],"collection":[{"href":"https:\/\/medposnonwoven.com\/es\/wp-json\/wp\/v2\/product"}],"about":[{"href":"https:\/\/medposnonwoven.com\/es\/wp-json\/wp\/v2\/types\/product"}],"wp:featuredmedia":[{"embeddable":true,"href":"https:\/\/medposnonwoven.com\/es\/wp-json\/wp\/v2\/media\/2824"}],"wp:attachment":[{"href":"https:\/\/medposnonwoven.com\/es\/wp-json\/wp\/v2\/media?parent=3102"}],"wp:term":[{"taxonomy":"product_brand","embeddable":true,"href":"https:\/\/medposnonwoven.com\/es\/wp-json\/wp\/v2\/product_brand?post=3102"},{"taxonomy":"product_cat","embeddable":true,"href":"https:\/\/medposnonwoven.com\/es\/wp-json\/wp\/v2\/product_cat?post=3102"},{"taxonomy":"product_tag","embeddable":true,"href":"https:\/\/medposnonwoven.com\/es\/wp-json\/wp\/v2\/product_tag?post=3102"}],"curies":[{"name":"wp","href":"https:\/\/api.w.org\/{rel}","templated":true}]}}