{"id":3103,"date":"2023-01-12T17:02:07","date_gmt":"2023-01-12T17:02:07","guid":{"rendered":"https:\/\/medposnonwoven.com\/product\/guante-vinly-desechable\/"},"modified":"2023-04-10T10:01:32","modified_gmt":"2023-04-10T10:01:32","slug":"guante-vinly-desechable","status":"publish","type":"product","link":"https:\/\/medposnonwoven.com\/es\/producto\/guante-vinly-desechable\/","title":{"rendered":"Guante Vinly desechable"},"content":{"rendered":"<ul>\n<li>Nuestros guantes desechables de PVC son bajos en iones, libres de aceite de silicona, enzimas y otras sustancias, tienen alta flexibilidad y tacto, son f\u00e1ciles de poner y c\u00f3modos de llevar, y tienen capacidad antiest\u00e1tica. ampliamente utilizado para la higiene familiar, la protecci\u00f3n laboral y otros fines en las industrias qu\u00edmica, electr\u00f3nica, farmac\u00e9utica y otras, as\u00ed como en la inspecci\u00f3n sanitaria. Los guantes desechables de PVC fabricados en nuestra planta tienen una buena resistencia a la caja y no se agrietan ni se rompen cuando se exponen a un fr\u00edo extremo. Los guantes de PVC son resistentes a los \u00e1cidos y \u00e1lcalis, y pueden funcionar en diversas concentraciones de \u00e1cidos y \u00e1lcalis, como \u00e1cido clorh\u00eddrico, carbonato c\u00e1lcico, cloruro magn\u00e9sico, acetato c\u00e1lcico, cloruro c\u00e1lcico, agua amoniacal, hidr\u00f3xido s\u00f3dico, etc. Los guantes desechables de PVC resistentes al aceite pueden utilizarse en aceites pesados. Sin embargo, es poco estable en queroseno, aceite ligero y gasolina. Para proteger sus manos de lesiones, evite utilizar guantes de PVC con disolventes como benceno, tolueno, xileno, tetra\u00f3xido de carbono, tricloroetileno, cresol, etc.<\/li>\n<\/ul>\n<p>&nbsp;<\/p>\n","protected":false},"excerpt":{"rendered":"<ul>\n<li>Estos guantes de vinilo desechables no son alerg\u00e9nicos ni irritantes. Su protecci\u00f3n est\u00e1 probada y aprobada, por lo que son la opci\u00f3n preferida para las personas al\u00e9rgicas al l\u00e1tex.<\/li>\n<li>Ampliamente utilizado en la industria alimentaria, medicina, ex\u00e1menes f\u00edsicos no invasivos, trabajos de laboratorio, coloraci\u00f3n del cabello, tatuajes, compras de comestibles, pintura, limpieza, hogar.<\/li>\n<\/ul>\n<h4>Caracter\u00edsticas<\/h4>\n<p>Material: Policloruro de vinilo (PVC) de alta calidad<\/p>\n<p>Talla: S,M,L,XL<\/p>\n<p>Color: Azul, Transparente<\/p>\n<p>Tipo: En polvo o sin polvo. Ambidiestro<\/p>\n<p>Embalaje: 100 unidades\/caja, 10 cajas\/cart\u00f3n<\/p>\n<p>&nbsp;<\/p>\n<p>&nbsp;<\/p>\n","protected":false},"featured_media":2810,"template":"","meta":{"site-sidebar-layout":"default","site-content-layout":"default","ast-site-content-layout":"default","site-content-style":"default","site-sidebar-style":"default","ast-global-header-display":"","ast-banner-title-visibility":"","ast-main-header-display":"","ast-hfb-above-header-display":"","ast-hfb-below-header-display":"","ast-hfb-mobile-header-display":"","site-post-title":"","ast-breadcrumbs-content":"","ast-featured-img":"","footer-sml-layout":"","ast-disable-related-posts":"","theme-transparent-header-meta":"default","adv-header-id-meta":"","stick-header-meta":"","header-above-stick-meta":"","header-main-stick-meta":"","header-below-stick-meta":"","astra-migrate-meta-layouts":"default","ast-page-background-enabled":"default","ast-page-background-meta":{"desktop":{"background-color":"","background-image":"","background-repeat":"repeat","background-position":"center center","background-size":"auto","background-attachment":"scroll","background-type":"","background-media":"","overlay-type":"","overlay-color":"","overlay-opacity":"","overlay-gradient":""},"tablet":{"background-color":"","background-image":"","background-repeat":"repeat","background-position":"center center","background-size":"auto","background-attachment":"scroll","background-type":"","background-media":"","overlay-type":"","overlay-color":"","overlay-opacity":"","overlay-gradient":""},"mobile":{"background-color":"","background-image":"","background-repeat":"repeat","background-position":"center center","background-size":"auto","background-attachment":"scroll","background-type":"","background-media":"","overlay-type":"","overlay-color":"","overlay-opacity":"","overlay-gradient":""}},"ast-content-background-meta":{"desktop":{"background-color":"var(--ast-global-color-5)","background-image":"","background-repeat":"repeat","background-position":"center center","background-size":"auto","background-attachment":"scroll","background-type":"","background-media":"","overlay-type":"","overlay-color":"","overlay-opacity":"","overlay-gradient":""},"tablet":{"background-color":"var(--ast-global-color-5)","background-image":"","background-repeat":"repeat","background-position":"center center","background-size":"auto","background-attachment":"scroll","background-type":"","background-media":"","overlay-type":"","overlay-color":"","overlay-opacity":"","overlay-gradient":""},"mobile":{"background-color":"var(--ast-global-color-5)","background-image":"","background-repeat":"repeat","background-position":"center center","background-size":"auto","background-attachment":"scroll","background-type":"","background-media":"","overlay-type":"","overlay-color":"","overlay-opacity":"","overlay-gradient":""}}},"product_brand":[],"product_cat":[66],"product_tag":[],"class_list":{"0":"post-3103","1":"product","2":"type-product","3":"status-publish","4":"has-post-thumbnail","6":"product_cat-guantes-desechables","7":"desktop-align-center","8":"tablet-align-left","9":"mobile-align-left","11":"first","12":"instock","13":"shipping-taxable","14":"product-type-simple"},"_links":{"self":[{"href":"https:\/\/medposnonwoven.com\/es\/wp-json\/wp\/v2\/product\/3103","targetHints":{"allow":["GET"]}}],"collection":[{"href":"https:\/\/medposnonwoven.com\/es\/wp-json\/wp\/v2\/product"}],"about":[{"href":"https:\/\/medposnonwoven.com\/es\/wp-json\/wp\/v2\/types\/product"}],"wp:featuredmedia":[{"embeddable":true,"href":"https:\/\/medposnonwoven.com\/es\/wp-json\/wp\/v2\/media\/2810"}],"wp:attachment":[{"href":"https:\/\/medposnonwoven.com\/es\/wp-json\/wp\/v2\/media?parent=3103"}],"wp:term":[{"taxonomy":"product_brand","embeddable":true,"href":"https:\/\/medposnonwoven.com\/es\/wp-json\/wp\/v2\/product_brand?post=3103"},{"taxonomy":"product_cat","embeddable":true,"href":"https:\/\/medposnonwoven.com\/es\/wp-json\/wp\/v2\/product_cat?post=3103"},{"taxonomy":"product_tag","embeddable":true,"href":"https:\/\/medposnonwoven.com\/es\/wp-json\/wp\/v2\/product_tag?post=3103"}],"curies":[{"name":"wp","href":"https:\/\/api.w.org\/{rel}","templated":true}]}}