{"id":3105,"date":"2023-01-15T15:55:22","date_gmt":"2023-01-15T15:55:22","guid":{"rendered":"https:\/\/medposnonwoven.com\/product\/rollos-de-sabanas-no-tejidas-desechables\/"},"modified":"2023-04-10T09:39:19","modified_gmt":"2023-04-10T09:39:19","slug":"rollos-de-sabanas-no-tejidas-desechables","status":"publish","type":"product","link":"https:\/\/medposnonwoven.com\/es\/producto\/rollos-de-sabanas-no-tejidas-desechables\/","title":{"rendered":"Rollos de s\u00e1banas no tejidas desechables"},"content":{"rendered":"<ul>\n<li>\u00bfTe has encontrado alguna vez con estas preocupaciones en tu sal\u00f3n de belleza? El uso m\u00faltiple por parte de los hu\u00e9spedes tiende a generar bacterias; los hu\u00e9spedes se preocupan por haberlos usado; dificultad para limpiar la grasa de los hu\u00e9spedes, etc.; evitar el uso cruzado. Puede resolver estos problemas eligiendo nuestros rollos de hojas desechables.<\/li>\n<li>El tejido del rollo de cama utiliza una excelente tela no tejida microporosa, que se caracteriza por ser suave, c\u00f3moda, no estimulante y antiest\u00e1tica. El dise\u00f1o de rotura de la l\u00ednea de corte es f\u00e1cil de arrancar y recoger. Esta tela de rollo de sof\u00e1 es fuerte y firme, no es f\u00e1cil de tirar para la deformaci\u00f3n, impermeable y a prueba de aceite, estar seguro de su uso. Variedad de colores y tama\u00f1os para elegir.<\/li>\n<\/ul>\n<p>&nbsp;<\/p>\n<p>&nbsp;<\/p>\n<p>&nbsp;<\/p>\n<p>&nbsp;<\/p>\n","protected":false},"excerpt":{"rendered":"<ul>\n<li>Los rollos para camilla de masaje est\u00e1n fabricados en suave tejido no tejido, ligero y transpirable, y resistente a la vez que cuida su piel y la de su cliente. Te mantiene seco y es resistente al aceite, proporcion\u00e1ndote un entorno confortable.<\/li>\n<li>Ampliamente utilizado en profesionales, mesas de masaje, camas faciales y de examen, mesa de examen de hospital, quiropr\u00e1ctico y mesas de fisioterapia, Esteticista, Lash, Cera, sillas de tatuaje.<\/li>\n<\/ul>\n<h4>Caracter\u00edsticas<\/h4>\n<p>Material: Polipropileno Spunbond o SMS<\/p>\n<p>Tama\u00f1o: 80*180cm o personalizado<\/p>\n<p>Color: Azul, Blanco, Rosa<\/p>\n<p>Tipo: Con o sin perforaci\u00f3n<\/p>\n<p>Embalaje: 1 unidad\/rollo, 8 rollos\/caja<\/p>\n<p>&nbsp;<\/p>\n<p>&nbsp;<\/p>\n<p>&nbsp;<\/p>\n<p>&nbsp;<\/p>\n<p>&nbsp;<\/p>\n","protected":false},"featured_media":2833,"template":"","meta":{"site-sidebar-layout":"default","site-content-layout":"default","ast-site-content-layout":"default","site-content-style":"default","site-sidebar-style":"default","ast-global-header-display":"","ast-banner-title-visibility":"","ast-main-header-display":"","ast-hfb-above-header-display":"","ast-hfb-below-header-display":"","ast-hfb-mobile-header-display":"","site-post-title":"","ast-breadcrumbs-content":"","ast-featured-img":"","footer-sml-layout":"","ast-disable-related-posts":"","theme-transparent-header-meta":"default","adv-header-id-meta":"","stick-header-meta":"","header-above-stick-meta":"","header-main-stick-meta":"","header-below-stick-meta":"","astra-migrate-meta-layouts":"default","ast-page-background-enabled":"default","ast-page-background-meta":{"desktop":{"background-color":"","background-image":"","background-repeat":"repeat","background-position":"center center","background-size":"auto","background-attachment":"scroll","background-type":"","background-media":"","overlay-type":"","overlay-color":"","overlay-opacity":"","overlay-gradient":""},"tablet":{"background-color":"","background-image":"","background-repeat":"repeat","background-position":"center center","background-size":"auto","background-attachment":"scroll","background-type":"","background-media":"","overlay-type":"","overlay-color":"","overlay-opacity":"","overlay-gradient":""},"mobile":{"background-color":"","background-image":"","background-repeat":"repeat","background-position":"center center","background-size":"auto","background-attachment":"scroll","background-type":"","background-media":"","overlay-type":"","overlay-color":"","overlay-opacity":"","overlay-gradient":""}},"ast-content-background-meta":{"desktop":{"background-color":"var(--ast-global-color-5)","background-image":"","background-repeat":"repeat","background-position":"center center","background-size":"auto","background-attachment":"scroll","background-type":"","background-media":"","overlay-type":"","overlay-color":"","overlay-opacity":"","overlay-gradient":""},"tablet":{"background-color":"var(--ast-global-color-5)","background-image":"","background-repeat":"repeat","background-position":"center center","background-size":"auto","background-attachment":"scroll","background-type":"","background-media":"","overlay-type":"","overlay-color":"","overlay-opacity":"","overlay-gradient":""},"mobile":{"background-color":"var(--ast-global-color-5)","background-image":"","background-repeat":"repeat","background-position":"center center","background-size":"auto","background-attachment":"scroll","background-type":"","background-media":"","overlay-type":"","overlay-color":"","overlay-opacity":"","overlay-gradient":""}}},"product_brand":[],"product_cat":[63],"product_tag":[],"class_list":{"0":"post-3105","1":"product","2":"type-product","3":"status-publish","4":"has-post-thumbnail","6":"product_cat-rollos-y-fundas-de-cama-desechables","7":"desktop-align-center","8":"tablet-align-left","9":"mobile-align-left","11":"first","12":"instock","13":"shipping-taxable","14":"product-type-simple"},"_links":{"self":[{"href":"https:\/\/medposnonwoven.com\/es\/wp-json\/wp\/v2\/product\/3105","targetHints":{"allow":["GET"]}}],"collection":[{"href":"https:\/\/medposnonwoven.com\/es\/wp-json\/wp\/v2\/product"}],"about":[{"href":"https:\/\/medposnonwoven.com\/es\/wp-json\/wp\/v2\/types\/product"}],"wp:featuredmedia":[{"embeddable":true,"href":"https:\/\/medposnonwoven.com\/es\/wp-json\/wp\/v2\/media\/2833"}],"wp:attachment":[{"href":"https:\/\/medposnonwoven.com\/es\/wp-json\/wp\/v2\/media?parent=3105"}],"wp:term":[{"taxonomy":"product_brand","embeddable":true,"href":"https:\/\/medposnonwoven.com\/es\/wp-json\/wp\/v2\/product_brand?post=3105"},{"taxonomy":"product_cat","embeddable":true,"href":"https:\/\/medposnonwoven.com\/es\/wp-json\/wp\/v2\/product_cat?post=3105"},{"taxonomy":"product_tag","embeddable":true,"href":"https:\/\/medposnonwoven.com\/es\/wp-json\/wp\/v2\/product_tag?post=3105"}],"curies":[{"name":"wp","href":"https:\/\/api.w.org\/{rel}","templated":true}]}}