{"id":3106,"date":"2023-01-13T16:55:40","date_gmt":"2023-01-13T16:55:40","guid":{"rendered":"https:\/\/medposnonwoven.com\/product\/manguitos-desechables-microporosos\/"},"modified":"2023-04-10T09:48:46","modified_gmt":"2023-04-10T09:48:46","slug":"manguitos-desechables-microporosos","status":"publish","type":"product","link":"https:\/\/medposnonwoven.com\/es\/producto\/manguitos-desechables-microporosos\/","title":{"rendered":"Manguitos desechables microporosos"},"content":{"rendered":"<ul>\n<li>Los protectores desechables para brazos est\u00e1n fabricados en polipropileno de alta calidad con una pel\u00edcula microporosa. La superficie laminada de los protectores de brazos es resistente al desgarro y puede limpiarse f\u00e1cilmente. Si est\u00e1s cansado de las salpicaduras de l\u00edquido en los brazos&#8230; Pruebe nuestras mangas de brazo resistentes al agua para protegerse del agua, el aceite, las gotas, los productos qu\u00edmicos ligeros y la suciedad.<\/li>\n<li>Caracter\u00edsticas de nuestros manguitos desechables de tejido no tejido:<br \/>\n1. Buena tenacidad y f\u00e1cil de estirar, tirando no se romper\u00e1.<br \/>\n2. Los pu\u00f1os el\u00e1sticos son moderados. La manga para el brazo es transpirable y c\u00f3moda. Los materiales de las telas no tejidas son c\u00f3modos de usar.<br \/>\n3. Mano de obra exquisita, impermeable y a prueba de aceite, com\u00fan para los hombres y las mujeres a llevar.<\/li>\n<\/ul>\n<p>&nbsp;<\/p>\n<p>&nbsp;<\/p>\n","protected":false},"excerpt":{"rendered":"<ul>\n<li>Los manguitos desechables se fabrican con polipropileno y polietileno de alta calidad, impermeables, transpirables, suaves, sin l\u00e1tex y ligeros.<\/li>\n<li>Ampliamente utilizado en el tratamiento m\u00e9dico, f\u00e1bricas, laboratorio, tareas dom\u00e9sticas, jardiner\u00eda, servicio de alimentos, tatuaje, mantenimiento u otros trabajos diarios.<\/li>\n<\/ul>\n<h4>Caracter\u00edsticas<\/h4>\n<p>Material: polipropileno (PP) + pel\u00edcula microporosa<\/p>\n<p>Tama\u00f1o: 16\u2033(40 x 20cm) , 18\u2033 (45 x 22cm)<\/p>\n<p>Color: Azul, Blanco<\/p>\n<p>Tipo: Extremos el\u00e1sticos<\/p>\n<p>Embalaje: 100 unidades\/bolsa, 20 bolsas\/caja<\/p>\n<p>&nbsp;<\/p>\n<p>&nbsp;<\/p>\n<p>&nbsp;<\/p>\n","protected":false},"featured_media":2822,"template":"","meta":{"site-sidebar-layout":"default","site-content-layout":"default","ast-site-content-layout":"default","site-content-style":"default","site-sidebar-style":"default","ast-global-header-display":"","ast-banner-title-visibility":"","ast-main-header-display":"","ast-hfb-above-header-display":"","ast-hfb-below-header-display":"","ast-hfb-mobile-header-display":"","site-post-title":"","ast-breadcrumbs-content":"","ast-featured-img":"","footer-sml-layout":"","ast-disable-related-posts":"","theme-transparent-header-meta":"default","adv-header-id-meta":"","stick-header-meta":"","header-above-stick-meta":"","header-main-stick-meta":"","header-below-stick-meta":"","astra-migrate-meta-layouts":"default","ast-page-background-enabled":"default","ast-page-background-meta":{"desktop":{"background-color":"","background-image":"","background-repeat":"repeat","background-position":"center center","background-size":"auto","background-attachment":"scroll","background-type":"","background-media":"","overlay-type":"","overlay-color":"","overlay-opacity":"","overlay-gradient":""},"tablet":{"background-color":"","background-image":"","background-repeat":"repeat","background-position":"center center","background-size":"auto","background-attachment":"scroll","background-type":"","background-media":"","overlay-type":"","overlay-color":"","overlay-opacity":"","overlay-gradient":""},"mobile":{"background-color":"","background-image":"","background-repeat":"repeat","background-position":"center center","background-size":"auto","background-attachment":"scroll","background-type":"","background-media":"","overlay-type":"","overlay-color":"","overlay-opacity":"","overlay-gradient":""}},"ast-content-background-meta":{"desktop":{"background-color":"var(--ast-global-color-5)","background-image":"","background-repeat":"repeat","background-position":"center center","background-size":"auto","background-attachment":"scroll","background-type":"","background-media":"","overlay-type":"","overlay-color":"","overlay-opacity":"","overlay-gradient":""},"tablet":{"background-color":"var(--ast-global-color-5)","background-image":"","background-repeat":"repeat","background-position":"center center","background-size":"auto","background-attachment":"scroll","background-type":"","background-media":"","overlay-type":"","overlay-color":"","overlay-opacity":"","overlay-gradient":""},"mobile":{"background-color":"var(--ast-global-color-5)","background-image":"","background-repeat":"repeat","background-position":"center center","background-size":"auto","background-attachment":"scroll","background-type":"","background-media":"","overlay-type":"","overlay-color":"","overlay-opacity":"","overlay-gradient":""}}},"product_brand":[],"product_cat":[65],"product_tag":[],"class_list":{"0":"post-3106","1":"product","2":"type-product","3":"status-publish","4":"has-post-thumbnail","6":"product_cat-fundas-desechables","7":"desktop-align-center","8":"tablet-align-left","9":"mobile-align-left","11":"first","12":"instock","13":"shipping-taxable","14":"product-type-simple"},"_links":{"self":[{"href":"https:\/\/medposnonwoven.com\/es\/wp-json\/wp\/v2\/product\/3106","targetHints":{"allow":["GET"]}}],"collection":[{"href":"https:\/\/medposnonwoven.com\/es\/wp-json\/wp\/v2\/product"}],"about":[{"href":"https:\/\/medposnonwoven.com\/es\/wp-json\/wp\/v2\/types\/product"}],"wp:featuredmedia":[{"embeddable":true,"href":"https:\/\/medposnonwoven.com\/es\/wp-json\/wp\/v2\/media\/2822"}],"wp:attachment":[{"href":"https:\/\/medposnonwoven.com\/es\/wp-json\/wp\/v2\/media?parent=3106"}],"wp:term":[{"taxonomy":"product_brand","embeddable":true,"href":"https:\/\/medposnonwoven.com\/es\/wp-json\/wp\/v2\/product_brand?post=3106"},{"taxonomy":"product_cat","embeddable":true,"href":"https:\/\/medposnonwoven.com\/es\/wp-json\/wp\/v2\/product_cat?post=3106"},{"taxonomy":"product_tag","embeddable":true,"href":"https:\/\/medposnonwoven.com\/es\/wp-json\/wp\/v2\/product_tag?post=3106"}],"curies":[{"name":"wp","href":"https:\/\/api.w.org\/{rel}","templated":true}]}}