{"id":3107,"date":"2023-01-12T14:47:20","date_gmt":"2023-01-12T14:47:20","guid":{"rendered":"https:\/\/medposnonwoven.com\/product\/guante-desechable-cpe\/"},"modified":"2023-04-10T10:05:34","modified_gmt":"2023-04-10T10:05:34","slug":"guante-desechable-cpe","status":"publish","type":"product","link":"https:\/\/medposnonwoven.com\/es\/producto\/guante-desechable-cpe\/","title":{"rendered":"Guante desechable CPE"},"content":{"rendered":"<ul>\n<li>Los guantes de pl\u00e1stico desechables est\u00e1n fabricados con materias primas de polietileno de alta densidad (HDPE) y polietileno de baja densidad (LDPE), de gran transparencia, buena apertura y relieve antideslizante. Fabricado con un nuevo material no t\u00f3xico e ins\u00edpido. C\u00f3modo, higi\u00e9nico, seguro, saludable, respetuoso con el medio ambiente, de alto rendimiento de costes, adecuado para industrias con alta frecuencia de sustituci\u00f3n. Control de costes eficaz, material super santo, buena tenacidad, m\u00e1s flexible al desgaste, especialmente adecuado para el procesamiento de alimentos, \u00e1reas de cocina de hoteles y otras \u00e1reas de procesamiento. La superficie tiene relieve y picaduras Dise\u00f1o antideslizante, agarre m\u00e1s firme, se adapta a la mano, m\u00e1s c\u00f3modo de llevar, m\u00e1s flexible, est\u00e9ril e ins\u00edpido, evitando la contaminaci\u00f3n y las infecciones cruzadas causadas por el uso.<\/li>\n<\/ul>\n<p>&nbsp;<\/p>\n","protected":false},"excerpt":{"rendered":"<ul>\n<li>Los guantes CPE est\u00e1n fabricados en polietileno fundido, suficientemente resistente para preparar alimentos y realizar trabajos sencillos en contacto con alimentos. M\u00e1s duraderos y resistentes que los guantes de PE.<\/li>\n<li>Ampliamente utilizado en la manipulaci\u00f3n de alimentos, cocina, hogares, hoteles, tratamiento m\u00e9dico, peluquer\u00eda, limpieza de laboratorios y otros lugares aplicables.<\/li>\n<\/ul>\n<h4>Caracter\u00edsticas<\/h4>\n<p>Material: Polietileno fundido (CPE)<\/p>\n<p>Talla: S,M,L,XL<\/p>\n<p>Color: Transparente<\/p>\n<p>Tipo: Superficie en relieve. Ambidiestro<\/p>\n<p>Embalaje: Bolsa, Caja o Personalizado<\/p>\n<p>&nbsp;<\/p>\n<p>&nbsp;<\/p>\n","protected":false},"featured_media":2803,"template":"","meta":{"site-sidebar-layout":"default","site-content-layout":"default","ast-site-content-layout":"default","site-content-style":"default","site-sidebar-style":"default","ast-global-header-display":"","ast-banner-title-visibility":"","ast-main-header-display":"","ast-hfb-above-header-display":"","ast-hfb-below-header-display":"","ast-hfb-mobile-header-display":"","site-post-title":"","ast-breadcrumbs-content":"","ast-featured-img":"","footer-sml-layout":"","ast-disable-related-posts":"","theme-transparent-header-meta":"default","adv-header-id-meta":"","stick-header-meta":"","header-above-stick-meta":"","header-main-stick-meta":"","header-below-stick-meta":"","astra-migrate-meta-layouts":"default","ast-page-background-enabled":"default","ast-page-background-meta":{"desktop":{"background-color":"","background-image":"","background-repeat":"repeat","background-position":"center center","background-size":"auto","background-attachment":"scroll","background-type":"","background-media":"","overlay-type":"","overlay-color":"","overlay-opacity":"","overlay-gradient":""},"tablet":{"background-color":"","background-image":"","background-repeat":"repeat","background-position":"center center","background-size":"auto","background-attachment":"scroll","background-type":"","background-media":"","overlay-type":"","overlay-color":"","overlay-opacity":"","overlay-gradient":""},"mobile":{"background-color":"","background-image":"","background-repeat":"repeat","background-position":"center center","background-size":"auto","background-attachment":"scroll","background-type":"","background-media":"","overlay-type":"","overlay-color":"","overlay-opacity":"","overlay-gradient":""}},"ast-content-background-meta":{"desktop":{"background-color":"var(--ast-global-color-5)","background-image":"","background-repeat":"repeat","background-position":"center center","background-size":"auto","background-attachment":"scroll","background-type":"","background-media":"","overlay-type":"","overlay-color":"","overlay-opacity":"","overlay-gradient":""},"tablet":{"background-color":"var(--ast-global-color-5)","background-image":"","background-repeat":"repeat","background-position":"center center","background-size":"auto","background-attachment":"scroll","background-type":"","background-media":"","overlay-type":"","overlay-color":"","overlay-opacity":"","overlay-gradient":""},"mobile":{"background-color":"var(--ast-global-color-5)","background-image":"","background-repeat":"repeat","background-position":"center center","background-size":"auto","background-attachment":"scroll","background-type":"","background-media":"","overlay-type":"","overlay-color":"","overlay-opacity":"","overlay-gradient":""}}},"product_brand":[],"product_cat":[66],"product_tag":[],"class_list":{"0":"post-3107","1":"product","2":"type-product","3":"status-publish","4":"has-post-thumbnail","6":"product_cat-guantes-desechables","7":"desktop-align-center","8":"tablet-align-left","9":"mobile-align-left","11":"first","12":"instock","13":"shipping-taxable","14":"product-type-simple"},"_links":{"self":[{"href":"https:\/\/medposnonwoven.com\/es\/wp-json\/wp\/v2\/product\/3107","targetHints":{"allow":["GET"]}}],"collection":[{"href":"https:\/\/medposnonwoven.com\/es\/wp-json\/wp\/v2\/product"}],"about":[{"href":"https:\/\/medposnonwoven.com\/es\/wp-json\/wp\/v2\/types\/product"}],"wp:featuredmedia":[{"embeddable":true,"href":"https:\/\/medposnonwoven.com\/es\/wp-json\/wp\/v2\/media\/2803"}],"wp:attachment":[{"href":"https:\/\/medposnonwoven.com\/es\/wp-json\/wp\/v2\/media?parent=3107"}],"wp:term":[{"taxonomy":"product_brand","embeddable":true,"href":"https:\/\/medposnonwoven.com\/es\/wp-json\/wp\/v2\/product_brand?post=3107"},{"taxonomy":"product_cat","embeddable":true,"href":"https:\/\/medposnonwoven.com\/es\/wp-json\/wp\/v2\/product_cat?post=3107"},{"taxonomy":"product_tag","embeddable":true,"href":"https:\/\/medposnonwoven.com\/es\/wp-json\/wp\/v2\/product_tag?post=3107"}],"curies":[{"name":"wp","href":"https:\/\/api.w.org\/{rel}","templated":true}]}}