{"id":3108,"date":"2023-01-16T12:41:47","date_gmt":"2023-01-16T12:41:47","guid":{"rendered":"https:\/\/medposnonwoven.com\/product\/fundas-de-almohada-desechables\/"},"modified":"2023-04-10T09:32:14","modified_gmt":"2023-04-10T09:32:14","slug":"fundas-de-almohada-desechables","status":"publish","type":"product","link":"https:\/\/medposnonwoven.com\/es\/producto\/fundas-de-almohada-desechables\/","title":{"rendered":"Fundas de almohada desechables"},"content":{"rendered":"<ul>\n<li>Las s\u00e1banas y fundas desechables se utilizan principalmente para cubrir superficies temporalmente con el fin de evitar la contaminaci\u00f3n en caso de que un material potencialmente contaminado o peligroso entre en contacto con la superficie. Esto se evita con la s\u00e1bana, que act\u00faa como barrera f\u00edsica.<br \/>\nSirve de barrera f\u00edsica que impide la transferencia de material contaminado o infeccioso a la superficie. La siguiente persona o cosa que entre en contacto con la superficie tambi\u00e9n estar\u00e1 en peligro si la l\u00e1mina no estaba all\u00ed y la superficie entr\u00f3 en contacto con un contaminante. Como resultado, las s\u00e1banas desechables tambi\u00e9n disminuyen la propagaci\u00f3n de enfermedades entre las personas.<\/li>\n<li>Las s\u00e1banas y fundas desechables resisten productos qu\u00edmicos y l\u00edquidos. Se fabrican para utilizarse una sola vez con el fin de evitar la propagaci\u00f3n de material peligroso. Para facilitar las cosas, simplemente se eliminan. Las s\u00e1banas no s\u00f3lo son \u00fatiles en el sector m\u00e9dico. Se emplean en hoteles y salones de belleza para reducir los gastos de lavander\u00eda y proteger las superficies.<\/li>\n<\/ul>\n","protected":false},"excerpt":{"rendered":"<ul>\n<li>La funda de almohada desechable est\u00e1 hecha de material no tejido desechable, es c\u00f3moda de usar, suave y transpirable, y le proporciona una relajaci\u00f3n maravillosa.<\/li>\n<li>Ampliamente utilizado en hospitales, hoteles, salones de belleza, camillas de masaje, faciales y camas de examen, camilla de examen de hospital, quiropr\u00e1ctico y camillas de fisioterapia.<\/li>\n<\/ul>\n<h4>Caracter\u00edsticas<\/h4>\n<p>Material: Polipropileno Spunbond<\/p>\n<p>Tama\u00f1o: 45x60cm, 50x70cm o personalizado<\/p>\n<p>Color: Azul, Blanco, Rosa<\/p>\n<p>Tipo: Suministros desechables<\/p>\n<p>Embalaje: 50 unidades\/bolsa, 10 bolsas\/caja<\/p>\n<p>&nbsp;<\/p>\n","protected":false},"featured_media":2846,"template":"","meta":{"site-sidebar-layout":"default","site-content-layout":"default","ast-site-content-layout":"default","site-content-style":"default","site-sidebar-style":"default","ast-global-header-display":"","ast-banner-title-visibility":"","ast-main-header-display":"","ast-hfb-above-header-display":"","ast-hfb-below-header-display":"","ast-hfb-mobile-header-display":"","site-post-title":"","ast-breadcrumbs-content":"","ast-featured-img":"","footer-sml-layout":"","ast-disable-related-posts":"","theme-transparent-header-meta":"default","adv-header-id-meta":"","stick-header-meta":"","header-above-stick-meta":"","header-main-stick-meta":"","header-below-stick-meta":"","astra-migrate-meta-layouts":"default","ast-page-background-enabled":"default","ast-page-background-meta":{"desktop":{"background-color":"","background-image":"","background-repeat":"repeat","background-position":"center center","background-size":"auto","background-attachment":"scroll","background-type":"","background-media":"","overlay-type":"","overlay-color":"","overlay-opacity":"","overlay-gradient":""},"tablet":{"background-color":"","background-image":"","background-repeat":"repeat","background-position":"center center","background-size":"auto","background-attachment":"scroll","background-type":"","background-media":"","overlay-type":"","overlay-color":"","overlay-opacity":"","overlay-gradient":""},"mobile":{"background-color":"","background-image":"","background-repeat":"repeat","background-position":"center center","background-size":"auto","background-attachment":"scroll","background-type":"","background-media":"","overlay-type":"","overlay-color":"","overlay-opacity":"","overlay-gradient":""}},"ast-content-background-meta":{"desktop":{"background-color":"var(--ast-global-color-5)","background-image":"","background-repeat":"repeat","background-position":"center center","background-size":"auto","background-attachment":"scroll","background-type":"","background-media":"","overlay-type":"","overlay-color":"","overlay-opacity":"","overlay-gradient":""},"tablet":{"background-color":"var(--ast-global-color-5)","background-image":"","background-repeat":"repeat","background-position":"center center","background-size":"auto","background-attachment":"scroll","background-type":"","background-media":"","overlay-type":"","overlay-color":"","overlay-opacity":"","overlay-gradient":""},"mobile":{"background-color":"var(--ast-global-color-5)","background-image":"","background-repeat":"repeat","background-position":"center center","background-size":"auto","background-attachment":"scroll","background-type":"","background-media":"","overlay-type":"","overlay-color":"","overlay-opacity":"","overlay-gradient":""}}},"product_brand":[],"product_cat":[63],"product_tag":[],"class_list":{"0":"post-3108","1":"product","2":"type-product","3":"status-publish","4":"has-post-thumbnail","6":"product_cat-rollos-y-fundas-de-cama-desechables","7":"desktop-align-center","8":"tablet-align-left","9":"mobile-align-left","11":"first","12":"instock","13":"shipping-taxable","14":"product-type-simple"},"_links":{"self":[{"href":"https:\/\/medposnonwoven.com\/es\/wp-json\/wp\/v2\/product\/3108","targetHints":{"allow":["GET"]}}],"collection":[{"href":"https:\/\/medposnonwoven.com\/es\/wp-json\/wp\/v2\/product"}],"about":[{"href":"https:\/\/medposnonwoven.com\/es\/wp-json\/wp\/v2\/types\/product"}],"wp:featuredmedia":[{"embeddable":true,"href":"https:\/\/medposnonwoven.com\/es\/wp-json\/wp\/v2\/media\/2846"}],"wp:attachment":[{"href":"https:\/\/medposnonwoven.com\/es\/wp-json\/wp\/v2\/media?parent=3108"}],"wp:term":[{"taxonomy":"product_brand","embeddable":true,"href":"https:\/\/medposnonwoven.com\/es\/wp-json\/wp\/v2\/product_brand?post=3108"},{"taxonomy":"product_cat","embeddable":true,"href":"https:\/\/medposnonwoven.com\/es\/wp-json\/wp\/v2\/product_cat?post=3108"},{"taxonomy":"product_tag","embeddable":true,"href":"https:\/\/medposnonwoven.com\/es\/wp-json\/wp\/v2\/product_tag?post=3108"}],"curies":[{"name":"wp","href":"https:\/\/api.w.org\/{rel}","templated":true}]}}