{"id":3109,"date":"2023-01-14T15:34:55","date_gmt":"2023-01-14T15:34:55","guid":{"rendered":"https:\/\/medposnonwoven.com\/product\/absorbentes-de-incontinencia-con-cinta-adhesiva\/"},"modified":"2023-04-10T09:40:50","modified_gmt":"2023-04-10T09:40:50","slug":"absorbentes-de-incontinencia-con-cinta-adhesiva","status":"publish","type":"product","link":"https:\/\/medposnonwoven.com\/es\/producto\/absorbentes-de-incontinencia-con-cinta-adhesiva\/","title":{"rendered":"Absorbentes de incontinencia con cinta adhesiva"},"content":{"rendered":"<ul>\n<li>\u00bfLe preocupan estos problemas?<br \/>\n1. Cuando est\u00e1s cansado despu\u00e9s de un largo d\u00eda de trabajo, encuentras orina de tu perro por toda la casa.<br \/>\n2. Cuando est\u00e1s emocionado por llevar a tu perro a dar un paseo de fin de semana, el perro no puede evitar hacer pis en el coche durante el trayecto.<br \/>\n3. Cuando una perra da a luz a sus cachorros, la casa se ensucia y huele mal.<br \/>\nPruebe nuestras almohadillas para mascotas que pueden ayudarle a solucionar estos problemas. Nuestras compresas desechables son muy absorbentes, el tejido no tejido seco es suave y transpirable, c\u00f3modo y agradable para la piel. Pel\u00edcula de PE fuerte pel\u00edcula backsheet impermeable, fuerte y durable para evitar fugas en los bordes y la parte inferior lo que puede mantener el suelo limpio. Adici\u00f3n de factor desodorante con el fin de mantener la frescura, la protecci\u00f3n de su tiempo en casa. Los empapadores pueden fijarse al suelo con adhesivo para resolver el problema del desplazamiento causado por los paseos y pisadas de las mascotas.<\/li>\n<\/ul>\n<p>&nbsp;<\/p>\n","protected":false},"excerpt":{"rendered":"<ul>\n<li>Para evitar que los Pee Pads se muevan al azar, empleamos dos tiras adhesivas anchas en la parte posterior del producto. Abst\u00e9ngase de aplicar adhesivos en suelos de madera.<\/li>\n<li>Ampliamente utilizado en hospitales, residencias de ancianos, cuidado de beb\u00e9s, hogar, adiestramiento de perros y protecci\u00f3n de muebles.<\/li>\n<\/ul>\n<h4>Caracter\u00edsticas<\/h4>\n<p>Material:No tejido+Papel+Fluff+SAP+Film PE<\/p>\n<p>Tama\u00f1o: 60x60cm, 60x90cm o personalizado<\/p>\n<p>Color: Azul, Blanco, Verde<\/p>\n<p>Tipo: Con o sin relieve<\/p>\n<p>Embalaje: 20 uds.\/bolsa, 15 bolsas\/caja<\/p>\n<p>&nbsp;<\/p>\n<p>&nbsp;<\/p>\n","protected":false},"featured_media":2831,"template":"","meta":{"site-sidebar-layout":"default","site-content-layout":"default","ast-site-content-layout":"default","site-content-style":"default","site-sidebar-style":"default","ast-global-header-display":"","ast-banner-title-visibility":"","ast-main-header-display":"","ast-hfb-above-header-display":"","ast-hfb-below-header-display":"","ast-hfb-mobile-header-display":"","site-post-title":"","ast-breadcrumbs-content":"","ast-featured-img":"","footer-sml-layout":"","ast-disable-related-posts":"","theme-transparent-header-meta":"default","adv-header-id-meta":"","stick-header-meta":"","header-above-stick-meta":"","header-main-stick-meta":"","header-below-stick-meta":"","astra-migrate-meta-layouts":"default","ast-page-background-enabled":"default","ast-page-background-meta":{"desktop":{"background-color":"","background-image":"","background-repeat":"repeat","background-position":"center center","background-size":"auto","background-attachment":"scroll","background-type":"","background-media":"","overlay-type":"","overlay-color":"","overlay-opacity":"","overlay-gradient":""},"tablet":{"background-color":"","background-image":"","background-repeat":"repeat","background-position":"center center","background-size":"auto","background-attachment":"scroll","background-type":"","background-media":"","overlay-type":"","overlay-color":"","overlay-opacity":"","overlay-gradient":""},"mobile":{"background-color":"","background-image":"","background-repeat":"repeat","background-position":"center center","background-size":"auto","background-attachment":"scroll","background-type":"","background-media":"","overlay-type":"","overlay-color":"","overlay-opacity":"","overlay-gradient":""}},"ast-content-background-meta":{"desktop":{"background-color":"var(--ast-global-color-5)","background-image":"","background-repeat":"repeat","background-position":"center center","background-size":"auto","background-attachment":"scroll","background-type":"","background-media":"","overlay-type":"","overlay-color":"","overlay-opacity":"","overlay-gradient":""},"tablet":{"background-color":"var(--ast-global-color-5)","background-image":"","background-repeat":"repeat","background-position":"center center","background-size":"auto","background-attachment":"scroll","background-type":"","background-media":"","overlay-type":"","overlay-color":"","overlay-opacity":"","overlay-gradient":""},"mobile":{"background-color":"var(--ast-global-color-5)","background-image":"","background-repeat":"repeat","background-position":"center center","background-size":"auto","background-attachment":"scroll","background-type":"","background-media":"","overlay-type":"","overlay-color":"","overlay-opacity":"","overlay-gradient":""}}},"product_brand":[],"product_cat":[64],"product_tag":[],"class_list":{"0":"post-3109","1":"product","2":"type-product","3":"status-publish","4":"has-post-thumbnail","6":"product_cat-calzoncillos-desechables","7":"desktop-align-center","8":"tablet-align-left","9":"mobile-align-left","11":"first","12":"instock","13":"shipping-taxable","14":"product-type-simple"},"_links":{"self":[{"href":"https:\/\/medposnonwoven.com\/es\/wp-json\/wp\/v2\/product\/3109","targetHints":{"allow":["GET"]}}],"collection":[{"href":"https:\/\/medposnonwoven.com\/es\/wp-json\/wp\/v2\/product"}],"about":[{"href":"https:\/\/medposnonwoven.com\/es\/wp-json\/wp\/v2\/types\/product"}],"wp:featuredmedia":[{"embeddable":true,"href":"https:\/\/medposnonwoven.com\/es\/wp-json\/wp\/v2\/media\/2831"}],"wp:attachment":[{"href":"https:\/\/medposnonwoven.com\/es\/wp-json\/wp\/v2\/media?parent=3109"}],"wp:term":[{"taxonomy":"product_brand","embeddable":true,"href":"https:\/\/medposnonwoven.com\/es\/wp-json\/wp\/v2\/product_brand?post=3109"},{"taxonomy":"product_cat","embeddable":true,"href":"https:\/\/medposnonwoven.com\/es\/wp-json\/wp\/v2\/product_cat?post=3109"},{"taxonomy":"product_tag","embeddable":true,"href":"https:\/\/medposnonwoven.com\/es\/wp-json\/wp\/v2\/product_tag?post=3109"}],"curies":[{"name":"wp","href":"https:\/\/api.w.org\/{rel}","templated":true}]}}