{"id":3110,"date":"2023-01-13T16:32:34","date_gmt":"2023-01-13T16:32:34","guid":{"rendered":"https:\/\/medposnonwoven.com\/product\/manguitos-no-tejidos-desechables\/"},"modified":"2023-04-10T09:52:02","modified_gmt":"2023-04-10T09:52:02","slug":"manguitos-no-tejidos-desechables","status":"publish","type":"product","link":"https:\/\/medposnonwoven.com\/es\/producto\/manguitos-no-tejidos-desechables\/","title":{"rendered":"Manguitos no tejidos desechables"},"content":{"rendered":"<ul>\n<li>Puede confiar en nuestros cubremanguitos desechables, que proporcionan al usuario un tacto similar a la tela, cuando necesite una combinaci\u00f3n de gran valor de calidad y comodidad, as\u00ed como una protecci\u00f3n fiable. Est\u00e1n confeccionadas con tejido de polipropileno azul spunbonded de alta calidad que no suelta pelusa, transpirable, suave, sin l\u00e1tex y ligero. El tejido transpirable superior es c\u00f3modo y fresco. Las mangas no tejidas para los brazos est\u00e1n dise\u00f1adas con el\u00e1sticos en ambos extremos para cubrir los antebrazos. El cierre el\u00e1stico ata las mangas a la mu\u00f1eca y al codo para facilitar su colocaci\u00f3n.<\/li>\n<\/ul>\n<p>&nbsp;<\/p>\n<p>&nbsp;<\/p>\n","protected":false},"excerpt":{"rendered":"<ul>\n<li>Los manguitos desechables se fabrican con un tejido de polipropileno hilado de alta calidad que no suelta pelusa, es transpirable, suave, no contiene l\u00e1tex y es ligero.<\/li>\n<li>Ampliamente utilizado en tareas dom\u00e9sticas, jardiner\u00eda, servicio de comidas, tatuajes, mantenimiento u otros trabajos cotidianos.<\/li>\n<\/ul>\n<h4>Caracter\u00edsticas<\/h4>\n<p>Material: polipropileno no tejido<\/p>\n<p>Tama\u00f1o: 16\u2033(40 x 20cm) , 18\u2033 (45 x 22cm)<\/p>\n<p>Color: Azul, Blanco<\/p>\n<p>Tipo: Extremos el\u00e1sticos<\/p>\n<p>Embalaje: 100 unidades\/bolsa, 20 bolsas\/caja<\/p>\n<p>&nbsp;<\/p>\n<p>&nbsp;<\/p>\n<p>&nbsp;<\/p>\n","protected":false},"featured_media":2819,"template":"","meta":{"site-sidebar-layout":"default","site-content-layout":"default","ast-site-content-layout":"default","site-content-style":"default","site-sidebar-style":"default","ast-global-header-display":"","ast-banner-title-visibility":"","ast-main-header-display":"","ast-hfb-above-header-display":"","ast-hfb-below-header-display":"","ast-hfb-mobile-header-display":"","site-post-title":"","ast-breadcrumbs-content":"","ast-featured-img":"","footer-sml-layout":"","ast-disable-related-posts":"","theme-transparent-header-meta":"default","adv-header-id-meta":"","stick-header-meta":"","header-above-stick-meta":"","header-main-stick-meta":"","header-below-stick-meta":"","astra-migrate-meta-layouts":"default","ast-page-background-enabled":"default","ast-page-background-meta":{"desktop":{"background-color":"","background-image":"","background-repeat":"repeat","background-position":"center center","background-size":"auto","background-attachment":"scroll","background-type":"","background-media":"","overlay-type":"","overlay-color":"","overlay-opacity":"","overlay-gradient":""},"tablet":{"background-color":"","background-image":"","background-repeat":"repeat","background-position":"center center","background-size":"auto","background-attachment":"scroll","background-type":"","background-media":"","overlay-type":"","overlay-color":"","overlay-opacity":"","overlay-gradient":""},"mobile":{"background-color":"","background-image":"","background-repeat":"repeat","background-position":"center center","background-size":"auto","background-attachment":"scroll","background-type":"","background-media":"","overlay-type":"","overlay-color":"","overlay-opacity":"","overlay-gradient":""}},"ast-content-background-meta":{"desktop":{"background-color":"var(--ast-global-color-5)","background-image":"","background-repeat":"repeat","background-position":"center center","background-size":"auto","background-attachment":"scroll","background-type":"","background-media":"","overlay-type":"","overlay-color":"","overlay-opacity":"","overlay-gradient":""},"tablet":{"background-color":"var(--ast-global-color-5)","background-image":"","background-repeat":"repeat","background-position":"center center","background-size":"auto","background-attachment":"scroll","background-type":"","background-media":"","overlay-type":"","overlay-color":"","overlay-opacity":"","overlay-gradient":""},"mobile":{"background-color":"var(--ast-global-color-5)","background-image":"","background-repeat":"repeat","background-position":"center center","background-size":"auto","background-attachment":"scroll","background-type":"","background-media":"","overlay-type":"","overlay-color":"","overlay-opacity":"","overlay-gradient":""}}},"product_brand":[],"product_cat":[65],"product_tag":[],"class_list":{"0":"post-3110","1":"product","2":"type-product","3":"status-publish","4":"has-post-thumbnail","6":"product_cat-fundas-desechables","7":"desktop-align-center","8":"tablet-align-left","9":"mobile-align-left","11":"first","12":"instock","13":"shipping-taxable","14":"product-type-simple"},"_links":{"self":[{"href":"https:\/\/medposnonwoven.com\/es\/wp-json\/wp\/v2\/product\/3110","targetHints":{"allow":["GET"]}}],"collection":[{"href":"https:\/\/medposnonwoven.com\/es\/wp-json\/wp\/v2\/product"}],"about":[{"href":"https:\/\/medposnonwoven.com\/es\/wp-json\/wp\/v2\/types\/product"}],"wp:featuredmedia":[{"embeddable":true,"href":"https:\/\/medposnonwoven.com\/es\/wp-json\/wp\/v2\/media\/2819"}],"wp:attachment":[{"href":"https:\/\/medposnonwoven.com\/es\/wp-json\/wp\/v2\/media?parent=3110"}],"wp:term":[{"taxonomy":"product_brand","embeddable":true,"href":"https:\/\/medposnonwoven.com\/es\/wp-json\/wp\/v2\/product_brand?post=3110"},{"taxonomy":"product_cat","embeddable":true,"href":"https:\/\/medposnonwoven.com\/es\/wp-json\/wp\/v2\/product_cat?post=3110"},{"taxonomy":"product_tag","embeddable":true,"href":"https:\/\/medposnonwoven.com\/es\/wp-json\/wp\/v2\/product_tag?post=3110"}],"curies":[{"name":"wp","href":"https:\/\/api.w.org\/{rel}","templated":true}]}}