{"id":3111,"date":"2023-01-11T16:29:27","date_gmt":"2023-01-11T16:29:27","guid":{"rendered":"https:\/\/medposnonwoven.com\/product\/guante-de-plastico-desechable\/"},"modified":"2023-04-10T10:08:11","modified_gmt":"2023-04-10T10:08:11","slug":"guante-de-plastico-desechable","status":"publish","type":"product","link":"https:\/\/medposnonwoven.com\/es\/producto\/guante-de-plastico-desechable\/","title":{"rendered":"Guante de pl\u00e1stico desechable"},"content":{"rendered":"<ul>\n<li>El material base de los guantes desechables es el polietileno de baja densidad, que se extrude, se moldea y se enfr\u00eda mediante rodillos de refrigeraci\u00f3n. Fuerte tenacidad, excelente elasticidad, resistencia al agrietamiento, grosor fino, resistencia al fr\u00edo, resistencia al calor, a prueba de polvo e impermeabilidad son algunas de sus ventajas. Adem\u00e1s <span data-type=\"0\" data-index=\"1\" data-gid=\"0\">, es flexible y f\u00e1cil de usar.<\/span> Puede utilizarse ampliamente en el sector de la hosteler\u00eda y la restauraci\u00f3n, la restauraci\u00f3n, la preparaci\u00f3n de alimentos, la limpieza dom\u00e9stica, la inspecci\u00f3n de enfermer\u00eda, el cabello te\u00f1ido de aceite, la higiene personal y otros \u00e1mbitos para proporcionarle un cuidado \u00edntimo.<\/li>\n<li>Hdpe y ldpe guantes desechables superficie en relieve es generalmente patr\u00f3n de torsi\u00f3n por el dise\u00f1o correspondiente, lo que hace que los guantes desechables no aparecen a la condici\u00f3n de deslizamiento, el uso de tecnolog\u00eda avanzada y la f\u00f3rmula de PE, haciendo que el guante a prueba de polvo anti-incrustante, ligero y flexible, despu\u00e9s de que el dise\u00f1o de extracci\u00f3n correspondiente, f\u00e1cil de rasgar. Dise\u00f1o grueso, buena calidad, buena relaci\u00f3n calidad-precio.<\/li>\n<\/ul>\n<p>&nbsp;<\/p>\n","protected":false},"excerpt":{"rendered":"<ul>\n<li>Guantes desechables de PE, aptos para hombre\/mujer, mano izquierda y mano derecha.Buena tenacidad, gran tensi\u00f3n, f\u00e1ciles de estirar, tacto c\u00f3modo y suave.<\/li>\n<li>Ampliamente utilizado en la manipulaci\u00f3n de alimentos, cocina, hogares, hoteles, tratamiento m\u00e9dico, peluquer\u00eda, limpieza de laboratorios y otros lugares aplicables.<\/li>\n<\/ul>\n<h4>Caracter\u00edsticas<\/h4>\n<p>Material: Polietileno HDPE o LDPE<\/p>\n<p>Talla: S,M,L,XL<\/p>\n<p>Color: Transparente<\/p>\n<p>Tipo: Superficie gofrada o lisa. Ambidiestro<\/p>\n<p>Embalaje: Bolsa, Caja o Personalizado<\/p>\n<p>&nbsp;<\/p>\n<p>&nbsp;<\/p>\n","protected":false},"featured_media":2800,"template":"","meta":{"site-sidebar-layout":"default","site-content-layout":"default","ast-site-content-layout":"default","site-content-style":"default","site-sidebar-style":"default","ast-global-header-display":"","ast-banner-title-visibility":"","ast-main-header-display":"","ast-hfb-above-header-display":"","ast-hfb-below-header-display":"","ast-hfb-mobile-header-display":"","site-post-title":"","ast-breadcrumbs-content":"","ast-featured-img":"","footer-sml-layout":"","ast-disable-related-posts":"","theme-transparent-header-meta":"default","adv-header-id-meta":"","stick-header-meta":"","header-above-stick-meta":"","header-main-stick-meta":"","header-below-stick-meta":"","astra-migrate-meta-layouts":"default","ast-page-background-enabled":"default","ast-page-background-meta":{"desktop":{"background-color":"","background-image":"","background-repeat":"repeat","background-position":"center center","background-size":"auto","background-attachment":"scroll","background-type":"","background-media":"","overlay-type":"","overlay-color":"","overlay-opacity":"","overlay-gradient":""},"tablet":{"background-color":"","background-image":"","background-repeat":"repeat","background-position":"center center","background-size":"auto","background-attachment":"scroll","background-type":"","background-media":"","overlay-type":"","overlay-color":"","overlay-opacity":"","overlay-gradient":""},"mobile":{"background-color":"","background-image":"","background-repeat":"repeat","background-position":"center center","background-size":"auto","background-attachment":"scroll","background-type":"","background-media":"","overlay-type":"","overlay-color":"","overlay-opacity":"","overlay-gradient":""}},"ast-content-background-meta":{"desktop":{"background-color":"var(--ast-global-color-5)","background-image":"","background-repeat":"repeat","background-position":"center center","background-size":"auto","background-attachment":"scroll","background-type":"","background-media":"","overlay-type":"","overlay-color":"","overlay-opacity":"","overlay-gradient":""},"tablet":{"background-color":"var(--ast-global-color-5)","background-image":"","background-repeat":"repeat","background-position":"center center","background-size":"auto","background-attachment":"scroll","background-type":"","background-media":"","overlay-type":"","overlay-color":"","overlay-opacity":"","overlay-gradient":""},"mobile":{"background-color":"var(--ast-global-color-5)","background-image":"","background-repeat":"repeat","background-position":"center center","background-size":"auto","background-attachment":"scroll","background-type":"","background-media":"","overlay-type":"","overlay-color":"","overlay-opacity":"","overlay-gradient":""}}},"product_brand":[],"product_cat":[66],"product_tag":[],"class_list":{"0":"post-3111","1":"product","2":"type-product","3":"status-publish","4":"has-post-thumbnail","6":"product_cat-guantes-desechables","7":"desktop-align-center","8":"tablet-align-left","9":"mobile-align-left","11":"first","12":"instock","13":"shipping-taxable","14":"product-type-simple"},"_links":{"self":[{"href":"https:\/\/medposnonwoven.com\/es\/wp-json\/wp\/v2\/product\/3111","targetHints":{"allow":["GET"]}}],"collection":[{"href":"https:\/\/medposnonwoven.com\/es\/wp-json\/wp\/v2\/product"}],"about":[{"href":"https:\/\/medposnonwoven.com\/es\/wp-json\/wp\/v2\/types\/product"}],"wp:featuredmedia":[{"embeddable":true,"href":"https:\/\/medposnonwoven.com\/es\/wp-json\/wp\/v2\/media\/2800"}],"wp:attachment":[{"href":"https:\/\/medposnonwoven.com\/es\/wp-json\/wp\/v2\/media?parent=3111"}],"wp:term":[{"taxonomy":"product_brand","embeddable":true,"href":"https:\/\/medposnonwoven.com\/es\/wp-json\/wp\/v2\/product_brand?post=3111"},{"taxonomy":"product_cat","embeddable":true,"href":"https:\/\/medposnonwoven.com\/es\/wp-json\/wp\/v2\/product_cat?post=3111"},{"taxonomy":"product_tag","embeddable":true,"href":"https:\/\/medposnonwoven.com\/es\/wp-json\/wp\/v2\/product_tag?post=3111"}],"curies":[{"name":"wp","href":"https:\/\/api.w.org\/{rel}","templated":true}]}}