{"id":3113,"date":"2023-01-14T15:25:06","date_gmt":"2023-01-14T15:25:06","guid":{"rendered":"https:\/\/medposnonwoven.com\/product\/almohadillas-de-adiestramiento\/"},"modified":"2023-04-10T09:42:14","modified_gmt":"2023-04-10T09:42:14","slug":"almohadillas-de-adiestramiento","status":"publish","type":"product","link":"https:\/\/medposnonwoven.com\/es\/producto\/almohadillas-de-adiestramiento\/","title":{"rendered":"Almohadillas de adiestramiento"},"content":{"rendered":"<ul>\n<li>\u00bfLe causar\u00e1n estos problemas sus mascotas? Peladuras por todas partes; sabor a interior; orina en las u\u00f1as de las mascotas. Nuestros absorbentes para orina de mascotas pueden ayudarle a resolver estos problemas. En primer lugar, nuestras almohadillas de adiestramiento para mascotas pueden absorber agua al instante sin necesidad de limpiar la orina de la mascota todos los d\u00edas. En segundo lugar, la absorci\u00f3n f\u00edsica es fuerte y puede eliminar eficazmente el olor de la orina. En tercer lugar, ayudar al propietario a ense\u00f1ar a su mascota a orinar en el lugar designado. Por \u00faltimo, el algod\u00f3n espesado en los cuatro lados para evitar que la orina se desborde.<\/li>\n<li>Nuestras almohadillas para el cuidado de mascotas tienen las siguientes caracter\u00edsticas:<br \/>\n1. SAP El pol\u00edmero y la pulpa de madera absorben r\u00e1pidamente el agua y la bloquean, manteni\u00e9ndola seca e impermeable.<br \/>\n2. El tejido no tejido es delicado, agradable a la piel y suave para el beb\u00e9.<br \/>\n3. Superficie con hendiduras estrechas, textura uniforme, propicia el reflujo de orina de las mascotas, mejora la tasa de absorci\u00f3n.<\/li>\n<\/ul>\n<p>&nbsp;<\/p>\n","protected":false},"excerpt":{"rendered":"<ul>\n<li>Contar con un atrayente integrado que ayude a guiar a su perro hacia la almohadilla podr\u00eda ayudarle a educar con \u00e9xito a su perro. Este wee wee almohadillas pueden ayudar a salvaguardar su costosa madera dura y alfombras, adem\u00e1s de absorber el olor y la orina de mascotas.<\/li>\n<li>Ampliamente utilizado en hospitales, residencias de ancianos, cuidado de beb\u00e9s, hogar, adiestramiento de perros y protecci\u00f3n de muebles.<\/li>\n<\/ul>\n<h4>Caracter\u00edsticas<\/h4>\n<p>Material:No tejido+Papel+Fluff+SAP+Film PE<\/p>\n<p>Tama\u00f1o: 60x60cm, 60x90cm o personalizado<\/p>\n<p>Color: Azul, Blanco, Rosa<\/p>\n<p>Tipo: Con o sin relieve<\/p>\n<p>Embalaje: 20 uds.\/bolsa, 15 bolsas\/caja<\/p>\n<p>&nbsp;<\/p>\n<p>&nbsp;<\/p>\n","protected":false},"featured_media":2829,"template":"","meta":{"site-sidebar-layout":"default","site-content-layout":"default","ast-site-content-layout":"default","site-content-style":"default","site-sidebar-style":"default","ast-global-header-display":"","ast-banner-title-visibility":"","ast-main-header-display":"","ast-hfb-above-header-display":"","ast-hfb-below-header-display":"","ast-hfb-mobile-header-display":"","site-post-title":"","ast-breadcrumbs-content":"","ast-featured-img":"","footer-sml-layout":"","ast-disable-related-posts":"","theme-transparent-header-meta":"default","adv-header-id-meta":"","stick-header-meta":"","header-above-stick-meta":"","header-main-stick-meta":"","header-below-stick-meta":"","astra-migrate-meta-layouts":"default","ast-page-background-enabled":"default","ast-page-background-meta":{"desktop":{"background-color":"","background-image":"","background-repeat":"repeat","background-position":"center center","background-size":"auto","background-attachment":"scroll","background-type":"","background-media":"","overlay-type":"","overlay-color":"","overlay-opacity":"","overlay-gradient":""},"tablet":{"background-color":"","background-image":"","background-repeat":"repeat","background-position":"center center","background-size":"auto","background-attachment":"scroll","background-type":"","background-media":"","overlay-type":"","overlay-color":"","overlay-opacity":"","overlay-gradient":""},"mobile":{"background-color":"","background-image":"","background-repeat":"repeat","background-position":"center center","background-size":"auto","background-attachment":"scroll","background-type":"","background-media":"","overlay-type":"","overlay-color":"","overlay-opacity":"","overlay-gradient":""}},"ast-content-background-meta":{"desktop":{"background-color":"var(--ast-global-color-5)","background-image":"","background-repeat":"repeat","background-position":"center center","background-size":"auto","background-attachment":"scroll","background-type":"","background-media":"","overlay-type":"","overlay-color":"","overlay-opacity":"","overlay-gradient":""},"tablet":{"background-color":"var(--ast-global-color-5)","background-image":"","background-repeat":"repeat","background-position":"center center","background-size":"auto","background-attachment":"scroll","background-type":"","background-media":"","overlay-type":"","overlay-color":"","overlay-opacity":"","overlay-gradient":""},"mobile":{"background-color":"var(--ast-global-color-5)","background-image":"","background-repeat":"repeat","background-position":"center center","background-size":"auto","background-attachment":"scroll","background-type":"","background-media":"","overlay-type":"","overlay-color":"","overlay-opacity":"","overlay-gradient":""}}},"product_brand":[],"product_cat":[64],"product_tag":[],"class_list":{"0":"post-3113","1":"product","2":"type-product","3":"status-publish","4":"has-post-thumbnail","6":"product_cat-calzoncillos-desechables","7":"desktop-align-center","8":"tablet-align-left","9":"mobile-align-left","11":"first","12":"instock","13":"shipping-taxable","14":"product-type-simple"},"_links":{"self":[{"href":"https:\/\/medposnonwoven.com\/es\/wp-json\/wp\/v2\/product\/3113","targetHints":{"allow":["GET"]}}],"collection":[{"href":"https:\/\/medposnonwoven.com\/es\/wp-json\/wp\/v2\/product"}],"about":[{"href":"https:\/\/medposnonwoven.com\/es\/wp-json\/wp\/v2\/types\/product"}],"wp:featuredmedia":[{"embeddable":true,"href":"https:\/\/medposnonwoven.com\/es\/wp-json\/wp\/v2\/media\/2829"}],"wp:attachment":[{"href":"https:\/\/medposnonwoven.com\/es\/wp-json\/wp\/v2\/media?parent=3113"}],"wp:term":[{"taxonomy":"product_brand","embeddable":true,"href":"https:\/\/medposnonwoven.com\/es\/wp-json\/wp\/v2\/product_brand?post=3113"},{"taxonomy":"product_cat","embeddable":true,"href":"https:\/\/medposnonwoven.com\/es\/wp-json\/wp\/v2\/product_cat?post=3113"},{"taxonomy":"product_tag","embeddable":true,"href":"https:\/\/medposnonwoven.com\/es\/wp-json\/wp\/v2\/product_tag?post=3113"}],"curies":[{"name":"wp","href":"https:\/\/api.w.org\/{rel}","templated":true}]}}