{"id":3114,"date":"2023-01-13T16:09:42","date_gmt":"2023-01-13T16:09:42","guid":{"rendered":"https:\/\/medposnonwoven.com\/product\/manguitos-desechables-de-pe-blancos\/"},"modified":"2023-04-10T09:55:15","modified_gmt":"2023-04-10T09:55:15","slug":"manguitos-desechables-de-pe-blancos","status":"publish","type":"product","link":"https:\/\/medposnonwoven.com\/es\/producto\/manguitos-desechables-de-pe-blancos\/","title":{"rendered":"Manguitos desechables de PE blancos"},"content":{"rendered":"<ul>\n<li>Los protectores de mangas desechables son fundas que se colocan sobre las mangas de la ropa para protegerlas de infecciones. Se utilizan con frecuencia en centros sanitarios como hospitales y cl\u00ednicas para proteger tanto a los pacientes como al personal de la propagaci\u00f3n de enfermedades y g\u00e9rmenes. Suelen cubrir las mangas de la bata de laboratorio o de los uniformes m\u00e9dicos y est\u00e1n fabricados con un material ligero y desechable, como tejido no tejido o pl\u00e1stico.<\/li>\n<li>Para evitar la contaminaci\u00f3n, los manguitos desechables son un tipo de equipo de protecci\u00f3n individual (EPI) que se coloca sobre las mangas de las prendas. Fabricados a menudo con un material fino y desechable como el polietileno o el polipropileno, est\u00e1n pensados para llevarlos sobre batas de laboratorio o camisas de manga larga. En la parte superior e inferior de la funda, normalmente se sujetan con una cinta el\u00e1stica o una tira adhesiva. Para evitar la propagaci\u00f3n de enfermedades o g\u00e9rmenes, las cubiertas se fabrican para ser utilizadas una sola vez antes de ser desechadas. Se emplean con frecuencia en entornos m\u00e9dicos, como hospitales y cl\u00ednicas, as\u00ed como en campos en los que el personal entra en contacto con sustancias potencialmente peligrosas.<\/li>\n<\/ul>\n<p>&nbsp;<\/p>\n<p>&nbsp;<\/p>\n","protected":false},"excerpt":{"rendered":"<ul>\n<li>La funda desechable est\u00e1 hecha de pl\u00e1stico de alta calidad, resistente, suave, ligero y c\u00f3modo, flexible para trabajar, que tiene un buen rendimiento efecto protector durante mucho tiempo.<\/li>\n<li>Ampliamente utilizado en tareas de manipulaci\u00f3n de alimentos y trabajos en h\u00famedo, limpieza de salas, \u00e1reas de producci\u00f3n electr\u00f3nica, industria del embalaje, por limpiadores, decoradores y comerciantes.<\/li>\n<\/ul>\n<h4>Caracter\u00edsticas<\/h4>\n<p>Material: Polietileno (LDPE)<\/p>\n<p>Tama\u00f1o: 16\u2033(40 x 20cm) , 18\u2033 (45 x 22cm)<\/p>\n<p>Color: Azul, Blanco<\/p>\n<p>Tipo: Superficie en relieve o lisa, Extremos el\u00e1sticos<\/p>\n<p>Embalaje: 100 unidades\/bolsa, 20 bolsas\/caja<\/p>\n<p>&nbsp;<\/p>\n<p>&nbsp;<\/p>\n<p>&nbsp;<\/p>\n","protected":false},"featured_media":2817,"template":"","meta":{"site-sidebar-layout":"default","site-content-layout":"default","ast-site-content-layout":"default","site-content-style":"default","site-sidebar-style":"default","ast-global-header-display":"","ast-banner-title-visibility":"","ast-main-header-display":"","ast-hfb-above-header-display":"","ast-hfb-below-header-display":"","ast-hfb-mobile-header-display":"","site-post-title":"","ast-breadcrumbs-content":"","ast-featured-img":"","footer-sml-layout":"","ast-disable-related-posts":"","theme-transparent-header-meta":"default","adv-header-id-meta":"","stick-header-meta":"","header-above-stick-meta":"","header-main-stick-meta":"","header-below-stick-meta":"","astra-migrate-meta-layouts":"default","ast-page-background-enabled":"default","ast-page-background-meta":{"desktop":{"background-color":"","background-image":"","background-repeat":"repeat","background-position":"center center","background-size":"auto","background-attachment":"scroll","background-type":"","background-media":"","overlay-type":"","overlay-color":"","overlay-opacity":"","overlay-gradient":""},"tablet":{"background-color":"","background-image":"","background-repeat":"repeat","background-position":"center center","background-size":"auto","background-attachment":"scroll","background-type":"","background-media":"","overlay-type":"","overlay-color":"","overlay-opacity":"","overlay-gradient":""},"mobile":{"background-color":"","background-image":"","background-repeat":"repeat","background-position":"center center","background-size":"auto","background-attachment":"scroll","background-type":"","background-media":"","overlay-type":"","overlay-color":"","overlay-opacity":"","overlay-gradient":""}},"ast-content-background-meta":{"desktop":{"background-color":"var(--ast-global-color-5)","background-image":"","background-repeat":"repeat","background-position":"center center","background-size":"auto","background-attachment":"scroll","background-type":"","background-media":"","overlay-type":"","overlay-color":"","overlay-opacity":"","overlay-gradient":""},"tablet":{"background-color":"var(--ast-global-color-5)","background-image":"","background-repeat":"repeat","background-position":"center center","background-size":"auto","background-attachment":"scroll","background-type":"","background-media":"","overlay-type":"","overlay-color":"","overlay-opacity":"","overlay-gradient":""},"mobile":{"background-color":"var(--ast-global-color-5)","background-image":"","background-repeat":"repeat","background-position":"center center","background-size":"auto","background-attachment":"scroll","background-type":"","background-media":"","overlay-type":"","overlay-color":"","overlay-opacity":"","overlay-gradient":""}}},"product_brand":[],"product_cat":[65],"product_tag":[],"class_list":{"0":"post-3114","1":"product","2":"type-product","3":"status-publish","4":"has-post-thumbnail","6":"product_cat-fundas-desechables","7":"desktop-align-center","8":"tablet-align-left","9":"mobile-align-left","11":"first","12":"instock","13":"shipping-taxable","14":"product-type-simple"},"_links":{"self":[{"href":"https:\/\/medposnonwoven.com\/es\/wp-json\/wp\/v2\/product\/3114","targetHints":{"allow":["GET"]}}],"collection":[{"href":"https:\/\/medposnonwoven.com\/es\/wp-json\/wp\/v2\/product"}],"about":[{"href":"https:\/\/medposnonwoven.com\/es\/wp-json\/wp\/v2\/types\/product"}],"wp:featuredmedia":[{"embeddable":true,"href":"https:\/\/medposnonwoven.com\/es\/wp-json\/wp\/v2\/media\/2817"}],"wp:attachment":[{"href":"https:\/\/medposnonwoven.com\/es\/wp-json\/wp\/v2\/media?parent=3114"}],"wp:term":[{"taxonomy":"product_brand","embeddable":true,"href":"https:\/\/medposnonwoven.com\/es\/wp-json\/wp\/v2\/product_brand?post=3114"},{"taxonomy":"product_cat","embeddable":true,"href":"https:\/\/medposnonwoven.com\/es\/wp-json\/wp\/v2\/product_cat?post=3114"},{"taxonomy":"product_tag","embeddable":true,"href":"https:\/\/medposnonwoven.com\/es\/wp-json\/wp\/v2\/product_tag?post=3114"}],"curies":[{"name":"wp","href":"https:\/\/api.w.org\/{rel}","templated":true}]}}