{"id":3115,"date":"2023-01-12T16:20:25","date_gmt":"2023-01-12T16:20:25","guid":{"rendered":"https:\/\/medposnonwoven.com\/product\/guante-desechable-de-tpe\/"},"modified":"2023-04-10T10:04:02","modified_gmt":"2023-04-10T10:04:02","slug":"guante-desechable-de-tpe","status":"publish","type":"product","link":"https:\/\/medposnonwoven.com\/es\/producto\/guante-desechable-de-tpe\/","title":{"rendered":"Guante desechable de TPE"},"content":{"rendered":"<ul>\n<li>\u00bfQu\u00e9 son los guantes desechables de TPE?<br \/>\nLos guantes desechables de TPE utilizan SEBS como material de base, y los guantes de pel\u00edcula moldeada de TPE se producen mediante moldeo por inyecci\u00f3n, calandrado y otros m\u00e9todos de procesamiento. Son productos de guantes de pl\u00e1stico desechables de gama relativamente alta. En aplicaciones b\u00e1sicas, pueden sustituir a los guantes ordinarios de PVC y PE para su uso. Este producto tiene las caracter\u00edsticas de excelente fuerza de tracci\u00f3n y elasticidad, fuerte espesor, resistencia a la corrosi\u00f3n, resistencia al aceite, no es f\u00e1cil de romper, buena sensaci\u00f3n en la mano, etc., y tiene una amplia gama de aplicaciones.<\/li>\n<li>\u00bfCu\u00e1les son las caracter\u00edsticas de los guantes desechables de TPE?<br \/>\n1. Los guantes de TPE son m\u00e1s suaves, el\u00e1sticos y resistentes que los guantes de pl\u00e1stico PE y PVC ordinarios; tienen un mejor rendimiento antiest\u00e1tico que los guantes de l\u00e1tex y no tienen un olor peculiar.<br \/>\n2. El gofrado es m\u00e1s fino, no pegajoso, suave y no resbaladizo.<br \/>\n3. Es m\u00e1s f\u00e1cil de llevar, tiene buena adherencia y suaviza los movimientos del pu\u00f1o.<br \/>\n4. No contiene ning\u00fan ingrediente de l\u00e1tex natural, no tiene ninguna reacci\u00f3n al\u00e9rgica a la piel humana, no es f\u00e1cil de romper, y est\u00e1 lleno de elasticidad.<br \/>\n5. Resistente y duradero, puede sustituir a los guantes de l\u00e1tex en algunos campos, su precio es bajo y puede reciclarse y reutilizarse.<br \/>\n6. Su dureza y propiedades f\u00edsicas ajustables proporcionan a los dise\u00f1adores de productos una amplia gama de imaginaci\u00f3n y espacio de dise\u00f1o. Sus caracter\u00edsticas de protecci\u00f3n medioambiental y no toxicidad merecen la confianza de los consumidores.<br \/>\n7. No contiene prote\u00edna de l\u00e1tex, por lo que no provocar\u00e1 reacciones al\u00e9rgicas. Al mismo tiempo, tiene propiedades antiest\u00e1ticas, antienvejecimiento y resistentes a la grasa. La forma de los guantes est\u00e1 dise\u00f1ada de acuerdo con la forma de la mano humana, con gran sensibilidad, buenas propiedades de tracci\u00f3n y resistencia a la punci\u00f3n, alta resistencia a la tracci\u00f3n y buena resistencia a la abrasi\u00f3n.<\/li>\n<\/ul>\n<p>&nbsp;<\/p>\n<p>&nbsp;<\/p>\n","protected":false},"excerpt":{"rendered":"<ul>\n<li>Los guantes desechables de TPE ofrecen una mayor elasticidad que el t\u00edpico guante de PE, que tiene poca elasticidad y puede constre\u00f1ir la piel. Fabricado con material elast\u00f3mero termopl\u00e1stico en lugar de l\u00e1tex de caucho natural, lo que puede ayudar en caso de alergia al l\u00e1tex.<\/li>\n<li>Ampliamente utilizado en la manipulaci\u00f3n de alimentos, cocina, hogares, hoteles, tratamiento m\u00e9dico, peluquer\u00eda, limpieza de laboratorios y otros lugares aplicables.<\/li>\n<\/ul>\n<h4>Caracter\u00edsticas<\/h4>\n<p>Material: TPE (elast\u00f3meros termopl\u00e1sticos)<\/p>\n<p>Talla: S,M,L,XL<\/p>\n<p>Color: Azul, Transparente, Negro o Personalizado<\/p>\n<p>Tipo: Superficie en relieve. Ambidiestro<\/p>\n<p>Embalaje: Bolsa, Caja o Personalizado<\/p>\n<p>&nbsp;<\/p>\n<p>&nbsp;<\/p>\n<p>&nbsp;<\/p>\n","protected":false},"featured_media":2806,"template":"","meta":{"site-sidebar-layout":"default","site-content-layout":"default","ast-site-content-layout":"default","site-content-style":"default","site-sidebar-style":"default","ast-global-header-display":"","ast-banner-title-visibility":"","ast-main-header-display":"","ast-hfb-above-header-display":"","ast-hfb-below-header-display":"","ast-hfb-mobile-header-display":"","site-post-title":"","ast-breadcrumbs-content":"","ast-featured-img":"","footer-sml-layout":"","ast-disable-related-posts":"","theme-transparent-header-meta":"default","adv-header-id-meta":"","stick-header-meta":"","header-above-stick-meta":"","header-main-stick-meta":"","header-below-stick-meta":"","astra-migrate-meta-layouts":"default","ast-page-background-enabled":"default","ast-page-background-meta":{"desktop":{"background-color":"","background-image":"","background-repeat":"repeat","background-position":"center center","background-size":"auto","background-attachment":"scroll","background-type":"","background-media":"","overlay-type":"","overlay-color":"","overlay-opacity":"","overlay-gradient":""},"tablet":{"background-color":"","background-image":"","background-repeat":"repeat","background-position":"center center","background-size":"auto","background-attachment":"scroll","background-type":"","background-media":"","overlay-type":"","overlay-color":"","overlay-opacity":"","overlay-gradient":""},"mobile":{"background-color":"","background-image":"","background-repeat":"repeat","background-position":"center center","background-size":"auto","background-attachment":"scroll","background-type":"","background-media":"","overlay-type":"","overlay-color":"","overlay-opacity":"","overlay-gradient":""}},"ast-content-background-meta":{"desktop":{"background-color":"var(--ast-global-color-5)","background-image":"","background-repeat":"repeat","background-position":"center center","background-size":"auto","background-attachment":"scroll","background-type":"","background-media":"","overlay-type":"","overlay-color":"","overlay-opacity":"","overlay-gradient":""},"tablet":{"background-color":"var(--ast-global-color-5)","background-image":"","background-repeat":"repeat","background-position":"center center","background-size":"auto","background-attachment":"scroll","background-type":"","background-media":"","overlay-type":"","overlay-color":"","overlay-opacity":"","overlay-gradient":""},"mobile":{"background-color":"var(--ast-global-color-5)","background-image":"","background-repeat":"repeat","background-position":"center center","background-size":"auto","background-attachment":"scroll","background-type":"","background-media":"","overlay-type":"","overlay-color":"","overlay-opacity":"","overlay-gradient":""}}},"product_brand":[],"product_cat":[66],"product_tag":[],"class_list":{"0":"post-3115","1":"product","2":"type-product","3":"status-publish","4":"has-post-thumbnail","6":"product_cat-guantes-desechables","7":"desktop-align-center","8":"tablet-align-left","9":"mobile-align-left","11":"first","12":"instock","13":"shipping-taxable","14":"product-type-simple"},"_links":{"self":[{"href":"https:\/\/medposnonwoven.com\/es\/wp-json\/wp\/v2\/product\/3115","targetHints":{"allow":["GET"]}}],"collection":[{"href":"https:\/\/medposnonwoven.com\/es\/wp-json\/wp\/v2\/product"}],"about":[{"href":"https:\/\/medposnonwoven.com\/es\/wp-json\/wp\/v2\/types\/product"}],"wp:featuredmedia":[{"embeddable":true,"href":"https:\/\/medposnonwoven.com\/es\/wp-json\/wp\/v2\/media\/2806"}],"wp:attachment":[{"href":"https:\/\/medposnonwoven.com\/es\/wp-json\/wp\/v2\/media?parent=3115"}],"wp:term":[{"taxonomy":"product_brand","embeddable":true,"href":"https:\/\/medposnonwoven.com\/es\/wp-json\/wp\/v2\/product_brand?post=3115"},{"taxonomy":"product_cat","embeddable":true,"href":"https:\/\/medposnonwoven.com\/es\/wp-json\/wp\/v2\/product_cat?post=3115"},{"taxonomy":"product_tag","embeddable":true,"href":"https:\/\/medposnonwoven.com\/es\/wp-json\/wp\/v2\/product_tag?post=3115"}],"curies":[{"name":"wp","href":"https:\/\/api.w.org\/{rel}","templated":true}]}}