{"id":3116,"date":"2023-01-04T13:52:45","date_gmt":"2023-01-04T13:52:45","guid":{"rendered":"https:\/\/medposnonwoven.com\/product\/bata-de-laboratorio-no-tejida-bata-de-visita-cierre-de-velcro\/"},"modified":"2023-04-10T11:10:17","modified_gmt":"2023-04-10T11:10:17","slug":"bata-de-laboratorio-no-tejida-bata-de-visita-cierre-de-velcro","status":"publish","type":"product","link":"https:\/\/medposnonwoven.com\/es\/producto\/bata-de-laboratorio-no-tejida-bata-de-visita-cierre-de-velcro\/","title":{"rendered":"Bata de laboratorio no tejida (bata de visita) &#8211; Cierre de velcro"},"content":{"rendered":"<ul>\n<li>Esta bata de visita desechable es de tipo cierre de velcro, f\u00e1cil de abrir y cerrar, puede pon\u00e9rsela y quit\u00e1rsela muy r\u00e1pidamente. Fabricados con materiales adecuados con suficiente resistencia y propiedades de barrera, podemos hacerlos est\u00e9riles o no est\u00e9riles.<\/li>\n<li>Uso previsto:Adecuado para entornos m\u00e9dicos, laboratorios (org\u00e1nicos), escenarios de pruebas de I+D y otros escenarios especiales de clase integrada.<\/li>\n<li>Precauci\u00f3n: precauci\u00f3n para los al\u00e9rgicos a la tela no tejida y otras materias primas Este producto es un producto de un solo uso, desechado como residuo m\u00e9dico despu\u00e9s de su uso Este producto debe evitar el contacto con \u00e1cido, \u00e1lcali productos qu\u00edmicos y objetos afilados, colisi\u00f3n Si se rompe, por favor, no siga utilizando.<\/li>\n<\/ul>\n<p>&nbsp;<\/p>\n","protected":false},"excerpt":{"rendered":"<ul>\n<li>Las batas de laboratorio desechables est\u00e1n fabricadas con tejido no tejido de polipropileno antiest\u00e1tico que no suelta pelusa y a prueba de salpicaduras, 100% libre de l\u00e1tex, ligero pero duradero para llevarlo hora tras hora y garantizar la comodidad.<\/li>\n<li>Ampliamente utilizado en aplicaciones industriales generales y en la vida cotidiana. Perfecto para proyectos de ciencias en laboratorios o universidades, mantenimiento general, procesamiento de alimentos, servicio de comidas, pintura y limpieza, etc.<\/li>\n<\/ul>\n<h4>Caracter\u00edsticas<\/h4>\n<p>Material: Spunbond, SMS, PP+PE<\/p>\n<p>Talla: S, M, L, XL, XXL, 3XL, 4XL<\/p>\n<p>Color:Blanco, Azul, Azul oscuro<\/p>\n<p>Tipo:Con cuello, pu\u00f1os el\u00e1sticos\/de punto, cierre de velcro.<\/p>\n<p>Embalaje: 10 unidades\/bolsa, 10 bolsas\/caja<\/p>\n<p>&nbsp;<\/p>\n<p>&nbsp;<\/p>\n","protected":false},"featured_media":2751,"template":"","meta":{"site-sidebar-layout":"default","site-content-layout":"default","ast-site-content-layout":"default","site-content-style":"default","site-sidebar-style":"default","ast-global-header-display":"","ast-banner-title-visibility":"","ast-main-header-display":"","ast-hfb-above-header-display":"","ast-hfb-below-header-display":"","ast-hfb-mobile-header-display":"","site-post-title":"","ast-breadcrumbs-content":"","ast-featured-img":"","footer-sml-layout":"","ast-disable-related-posts":"","theme-transparent-header-meta":"default","adv-header-id-meta":"","stick-header-meta":"","header-above-stick-meta":"","header-main-stick-meta":"","header-below-stick-meta":"","astra-migrate-meta-layouts":"default","ast-page-background-enabled":"default","ast-page-background-meta":{"desktop":{"background-color":"","background-image":"","background-repeat":"repeat","background-position":"center center","background-size":"auto","background-attachment":"scroll","background-type":"","background-media":"","overlay-type":"","overlay-color":"","overlay-opacity":"","overlay-gradient":""},"tablet":{"background-color":"","background-image":"","background-repeat":"repeat","background-position":"center center","background-size":"auto","background-attachment":"scroll","background-type":"","background-media":"","overlay-type":"","overlay-color":"","overlay-opacity":"","overlay-gradient":""},"mobile":{"background-color":"","background-image":"","background-repeat":"repeat","background-position":"center center","background-size":"auto","background-attachment":"scroll","background-type":"","background-media":"","overlay-type":"","overlay-color":"","overlay-opacity":"","overlay-gradient":""}},"ast-content-background-meta":{"desktop":{"background-color":"var(--ast-global-color-5)","background-image":"","background-repeat":"repeat","background-position":"center center","background-size":"auto","background-attachment":"scroll","background-type":"","background-media":"","overlay-type":"","overlay-color":"","overlay-opacity":"","overlay-gradient":""},"tablet":{"background-color":"var(--ast-global-color-5)","background-image":"","background-repeat":"repeat","background-position":"center center","background-size":"auto","background-attachment":"scroll","background-type":"","background-media":"","overlay-type":"","overlay-color":"","overlay-opacity":"","overlay-gradient":""},"mobile":{"background-color":"var(--ast-global-color-5)","background-image":"","background-repeat":"repeat","background-position":"center center","background-size":"auto","background-attachment":"scroll","background-type":"","background-media":"","overlay-type":"","overlay-color":"","overlay-opacity":"","overlay-gradient":""}}},"product_brand":[],"product_cat":[70],"product_tag":[],"class_list":{"0":"post-3116","1":"product","2":"type-product","3":"status-publish","4":"has-post-thumbnail","6":"product_cat-batas-de-proteccion","7":"desktop-align-center","8":"tablet-align-left","9":"mobile-align-left","11":"first","12":"instock","13":"shipping-taxable","14":"product-type-simple"},"_links":{"self":[{"href":"https:\/\/medposnonwoven.com\/es\/wp-json\/wp\/v2\/product\/3116","targetHints":{"allow":["GET"]}}],"collection":[{"href":"https:\/\/medposnonwoven.com\/es\/wp-json\/wp\/v2\/product"}],"about":[{"href":"https:\/\/medposnonwoven.com\/es\/wp-json\/wp\/v2\/types\/product"}],"wp:featuredmedia":[{"embeddable":true,"href":"https:\/\/medposnonwoven.com\/es\/wp-json\/wp\/v2\/media\/2751"}],"wp:attachment":[{"href":"https:\/\/medposnonwoven.com\/es\/wp-json\/wp\/v2\/media?parent=3116"}],"wp:term":[{"taxonomy":"product_brand","embeddable":true,"href":"https:\/\/medposnonwoven.com\/es\/wp-json\/wp\/v2\/product_brand?post=3116"},{"taxonomy":"product_cat","embeddable":true,"href":"https:\/\/medposnonwoven.com\/es\/wp-json\/wp\/v2\/product_cat?post=3116"},{"taxonomy":"product_tag","embeddable":true,"href":"https:\/\/medposnonwoven.com\/es\/wp-json\/wp\/v2\/product_tag?post=3116"}],"curies":[{"name":"wp","href":"https:\/\/api.w.org\/{rel}","templated":true}]}}