{"id":3117,"date":"2023-01-10T13:28:29","date_gmt":"2023-01-10T13:28:29","guid":{"rendered":"https:\/\/medposnonwoven.com\/product\/cubrezapatos-de-tejido-sin-tejer\/"},"modified":"2023-04-10T10:25:08","modified_gmt":"2023-04-10T10:25:08","slug":"cubrezapatos-de-tejido-sin-tejer","status":"publish","type":"product","link":"https:\/\/medposnonwoven.com\/es\/producto\/cubrezapatos-de-tejido-sin-tejer\/","title":{"rendered":"Cubrezapatos de tejido sin tejer"},"content":{"rendered":"<ul>\n<li>El cubrezapatillas de tejido sin tejer tiene cierta elasticidad y est\u00e1 equipado con una banda el\u00e1stica. El resistente tejido no tejido del cubrezapatos est\u00e1 dise\u00f1ado para resistir desgarros y roturas. La tensi\u00f3n y suavidad del cubrezapatos permiten mantener los zapatos impecables al tiempo que protegen la moqueta y el suelo de la suciedad y los da\u00f1os. Nuestros cubrezapatos son m\u00e1s gruesos, m\u00e1s resistentes, tienen una vida \u00fatil m\u00e1s larga y protegen el medio ambiente gracias a su tejido no tejido resistente y duradero. Al mismo tiempo, su peso apenas se nota.<\/li>\n<li>Los cubrezapatos evitan que las sustancias se deslicen por el edificio o el lugar de trabajo, lo que podr\u00eda da\u00f1ar el suelo, suponer un riesgo de ca\u00edda o perjudicar la esterilidad y limpieza de las salas. Los contratistas, como electricistas y fontaneros, pueden utilizar cubrezapatos desechables para evitar la propagaci\u00f3n de la suciedad habitual al entrar y salir de la casa de un cliente.<\/li>\n<li>Numerosas profesiones requieren tareas que pueden exponer a los trabajadores a sustancias que da\u00f1an o manchan el calzado. El calzado individual se mantiene m\u00e1s limpio porque los cubrezapatos crean una barrera f\u00edsica entre estos materiales.<\/li>\n<\/ul>\n<p>&nbsp;<\/p>\n","protected":false},"excerpt":{"rendered":"<ul>\n<li>Nuestros cubrezapatos son mucho m\u00e1s gruesos, resistentes y duraderos gracias a sus duraderas telas no tejidas, dif\u00edciles de romper y resistentes al desgaste. Al mismo tiempo, su peso es casi imperceptible.<\/li>\n<li>Ampliamente utilizado en hogares, hoteles, industria alimentaria, tratamiento m\u00e9dico, f\u00e1bricas, limpieza de laboratorios y otros lugares aplicables.<\/li>\n<\/ul>\n<h4>Caracter\u00edsticas<\/h4>\n<p>Material: polipropileno spunbond o SMS de 25 &#8211; 40 g\/m\u00b2.<\/p>\n<p>Tama\u00f1o:15x38cm, 16x40cm, 17x41cm, 17x42cm o personalizado<\/p>\n<p>Color: azul, blanco, gris o personalizado<\/p>\n<p>Tipo:Correa el\u00e1stica en el tobillo, superficie en relieve<\/p>\n<p>Embalaje: 100pcs\/bag, 20 bags\/carton<\/p>\n<p>&nbsp;<\/p>\n<p>&nbsp;<\/p>\n","protected":false},"featured_media":2781,"template":"","meta":{"site-sidebar-layout":"default","site-content-layout":"default","ast-site-content-layout":"default","site-content-style":"default","site-sidebar-style":"default","ast-global-header-display":"","ast-banner-title-visibility":"","ast-main-header-display":"","ast-hfb-above-header-display":"","ast-hfb-below-header-display":"","ast-hfb-mobile-header-display":"","site-post-title":"","ast-breadcrumbs-content":"","ast-featured-img":"","footer-sml-layout":"","ast-disable-related-posts":"","theme-transparent-header-meta":"default","adv-header-id-meta":"","stick-header-meta":"","header-above-stick-meta":"","header-main-stick-meta":"","header-below-stick-meta":"","astra-migrate-meta-layouts":"default","ast-page-background-enabled":"default","ast-page-background-meta":{"desktop":{"background-color":"","background-image":"","background-repeat":"repeat","background-position":"center center","background-size":"auto","background-attachment":"scroll","background-type":"","background-media":"","overlay-type":"","overlay-color":"","overlay-opacity":"","overlay-gradient":""},"tablet":{"background-color":"","background-image":"","background-repeat":"repeat","background-position":"center center","background-size":"auto","background-attachment":"scroll","background-type":"","background-media":"","overlay-type":"","overlay-color":"","overlay-opacity":"","overlay-gradient":""},"mobile":{"background-color":"","background-image":"","background-repeat":"repeat","background-position":"center center","background-size":"auto","background-attachment":"scroll","background-type":"","background-media":"","overlay-type":"","overlay-color":"","overlay-opacity":"","overlay-gradient":""}},"ast-content-background-meta":{"desktop":{"background-color":"var(--ast-global-color-5)","background-image":"","background-repeat":"repeat","background-position":"center center","background-size":"auto","background-attachment":"scroll","background-type":"","background-media":"","overlay-type":"","overlay-color":"","overlay-opacity":"","overlay-gradient":""},"tablet":{"background-color":"var(--ast-global-color-5)","background-image":"","background-repeat":"repeat","background-position":"center center","background-size":"auto","background-attachment":"scroll","background-type":"","background-media":"","overlay-type":"","overlay-color":"","overlay-opacity":"","overlay-gradient":""},"mobile":{"background-color":"var(--ast-global-color-5)","background-image":"","background-repeat":"repeat","background-position":"center center","background-size":"auto","background-attachment":"scroll","background-type":"","background-media":"","overlay-type":"","overlay-color":"","overlay-opacity":"","overlay-gradient":""}}},"product_brand":[],"product_cat":[69],"product_tag":[],"class_list":{"0":"post-3117","1":"product","2":"type-product","3":"status-publish","4":"has-post-thumbnail","6":"product_cat-cubrezapatos-y-cubrebotas-2","7":"desktop-align-center","8":"tablet-align-left","9":"mobile-align-left","11":"first","12":"instock","13":"shipping-taxable","14":"product-type-simple"},"_links":{"self":[{"href":"https:\/\/medposnonwoven.com\/es\/wp-json\/wp\/v2\/product\/3117","targetHints":{"allow":["GET"]}}],"collection":[{"href":"https:\/\/medposnonwoven.com\/es\/wp-json\/wp\/v2\/product"}],"about":[{"href":"https:\/\/medposnonwoven.com\/es\/wp-json\/wp\/v2\/types\/product"}],"wp:featuredmedia":[{"embeddable":true,"href":"https:\/\/medposnonwoven.com\/es\/wp-json\/wp\/v2\/media\/2781"}],"wp:attachment":[{"href":"https:\/\/medposnonwoven.com\/es\/wp-json\/wp\/v2\/media?parent=3117"}],"wp:term":[{"taxonomy":"product_brand","embeddable":true,"href":"https:\/\/medposnonwoven.com\/es\/wp-json\/wp\/v2\/product_brand?post=3117"},{"taxonomy":"product_cat","embeddable":true,"href":"https:\/\/medposnonwoven.com\/es\/wp-json\/wp\/v2\/product_cat?post=3117"},{"taxonomy":"product_tag","embeddable":true,"href":"https:\/\/medposnonwoven.com\/es\/wp-json\/wp\/v2\/product_tag?post=3117"}],"curies":[{"name":"wp","href":"https:\/\/api.w.org\/{rel}","templated":true}]}}