{"id":3118,"date":"2023-01-05T16:06:55","date_gmt":"2023-01-05T16:06:55","guid":{"rendered":"https:\/\/medposnonwoven.com\/product\/delantal-de-pe-desechable-en-rollo\/"},"modified":"2023-04-10T11:06:00","modified_gmt":"2023-04-10T11:06:00","slug":"delantal-de-pe-desechable-en-rollo","status":"publish","type":"product","link":"https:\/\/medposnonwoven.com\/es\/producto\/delantal-de-pe-desechable-en-rollo\/","title":{"rendered":"Delantal de PE desechable en rollo"},"content":{"rendered":"<ul>\n<li>Nuestros delantales desechables est\u00e1n fabricados con material de polietileno de alta calidad, resistente al desgarro y transl\u00facido duradero. Su dise\u00f1o f\u00e1cil de llevar, la posibilidad de colgarla r\u00e1pidamente del cuello y el lazo extra largo de la cintura hacen que at\u00e1rsela a la espalda resulte sencillo. S\u00f3lo se tarda unos segundos en pon\u00e9rselo y ya puede empezar a trabajar. No se preocupe si abre el delantal doblado y s\u00f3lo ve la mitad. Nuestros delantales tienen aberturas en ambos lados que pueden utilizarse para volver a abrirlos de modo que queden totalmente formados.<\/li>\n<\/ul>\n<p>&nbsp;<\/p>\n","protected":false},"excerpt":{"rendered":"<ul>\n<li>Se proporcionan delantales desechables para adultos, y cada delantal se envuelve por separado, lo que facilita su transporte. Pueden proteger mejor tu ropa, vestidos o camisas de la suciedad y la humedad.<\/li>\n<li>Ampliamente utilizado en el servicio de alimentos, procesamiento de carne, cocina, manipulaci\u00f3n de alimentos, sala limpia, jardiner\u00eda e impresi\u00f3n.<\/li>\n<\/ul>\n<h4>Caracter\u00edsticas<\/h4>\n<p>Material: Polietileno HDPE o LDPE<\/p>\n<p>Tama\u00f1o:27\u00d742\u2033(69x107cm), 28\u00d746\u2033(71x117cm), 32\u2033x49\u2033(80x125cm)<\/p>\n<p>Color: azul, verde o personalizado<\/p>\n<p>Tipo:De una sola pieza, con lazos en la parte posterior, superficie gofrada o lisa<\/p>\n<p>Embalaje: 50 unidades\/rollo, 20 rollos\/caja<\/p>\n<p>&nbsp;<\/p>\n<p>&nbsp;<\/p>\n<p>&nbsp;<\/p>\n","protected":false},"featured_media":2765,"template":"","meta":{"site-sidebar-layout":"default","site-content-layout":"default","ast-site-content-layout":"default","site-content-style":"default","site-sidebar-style":"default","ast-global-header-display":"","ast-banner-title-visibility":"","ast-main-header-display":"","ast-hfb-above-header-display":"","ast-hfb-below-header-display":"","ast-hfb-mobile-header-display":"","site-post-title":"","ast-breadcrumbs-content":"","ast-featured-img":"","footer-sml-layout":"","ast-disable-related-posts":"","theme-transparent-header-meta":"default","adv-header-id-meta":"","stick-header-meta":"","header-above-stick-meta":"","header-main-stick-meta":"","header-below-stick-meta":"","astra-migrate-meta-layouts":"default","ast-page-background-enabled":"default","ast-page-background-meta":{"desktop":{"background-color":"","background-image":"","background-repeat":"repeat","background-position":"center center","background-size":"auto","background-attachment":"scroll","background-type":"","background-media":"","overlay-type":"","overlay-color":"","overlay-opacity":"","overlay-gradient":""},"tablet":{"background-color":"","background-image":"","background-repeat":"repeat","background-position":"center center","background-size":"auto","background-attachment":"scroll","background-type":"","background-media":"","overlay-type":"","overlay-color":"","overlay-opacity":"","overlay-gradient":""},"mobile":{"background-color":"","background-image":"","background-repeat":"repeat","background-position":"center center","background-size":"auto","background-attachment":"scroll","background-type":"","background-media":"","overlay-type":"","overlay-color":"","overlay-opacity":"","overlay-gradient":""}},"ast-content-background-meta":{"desktop":{"background-color":"var(--ast-global-color-5)","background-image":"","background-repeat":"repeat","background-position":"center center","background-size":"auto","background-attachment":"scroll","background-type":"","background-media":"","overlay-type":"","overlay-color":"","overlay-opacity":"","overlay-gradient":""},"tablet":{"background-color":"var(--ast-global-color-5)","background-image":"","background-repeat":"repeat","background-position":"center center","background-size":"auto","background-attachment":"scroll","background-type":"","background-media":"","overlay-type":"","overlay-color":"","overlay-opacity":"","overlay-gradient":""},"mobile":{"background-color":"var(--ast-global-color-5)","background-image":"","background-repeat":"repeat","background-position":"center center","background-size":"auto","background-attachment":"scroll","background-type":"","background-media":"","overlay-type":"","overlay-color":"","overlay-opacity":"","overlay-gradient":""}}},"product_brand":[],"product_cat":[67],"product_tag":[],"class_list":{"0":"post-3118","1":"product","2":"type-product","3":"status-publish","4":"has-post-thumbnail","6":"product_cat-delantales-desechables","7":"desktop-align-center","8":"tablet-align-left","9":"mobile-align-left","11":"first","12":"instock","13":"shipping-taxable","14":"product-type-simple"},"_links":{"self":[{"href":"https:\/\/medposnonwoven.com\/es\/wp-json\/wp\/v2\/product\/3118","targetHints":{"allow":["GET"]}}],"collection":[{"href":"https:\/\/medposnonwoven.com\/es\/wp-json\/wp\/v2\/product"}],"about":[{"href":"https:\/\/medposnonwoven.com\/es\/wp-json\/wp\/v2\/types\/product"}],"wp:featuredmedia":[{"embeddable":true,"href":"https:\/\/medposnonwoven.com\/es\/wp-json\/wp\/v2\/media\/2765"}],"wp:attachment":[{"href":"https:\/\/medposnonwoven.com\/es\/wp-json\/wp\/v2\/media?parent=3118"}],"wp:term":[{"taxonomy":"product_brand","embeddable":true,"href":"https:\/\/medposnonwoven.com\/es\/wp-json\/wp\/v2\/product_brand?post=3118"},{"taxonomy":"product_cat","embeddable":true,"href":"https:\/\/medposnonwoven.com\/es\/wp-json\/wp\/v2\/product_cat?post=3118"},{"taxonomy":"product_tag","embeddable":true,"href":"https:\/\/medposnonwoven.com\/es\/wp-json\/wp\/v2\/product_tag?post=3118"}],"curies":[{"name":"wp","href":"https:\/\/api.w.org\/{rel}","templated":true}]}}